{"id":90,"date":"2015-01-29T13:00:53","date_gmt":"2015-01-29T12:00:53","guid":{"rendered":"http:\/\/folnuevo.fol20.es\/?page_id=90"},"modified":"2020-03-18T16:27:09","modified_gmt":"2020-03-18T15:27:09","slug":"8-6-riesgos-condiciones-de-trabajo","status":"publish","type":"page","link":"https:\/\/fol20.robertoquiros.es\/?page_id=90","title":{"rendered":"8.6 Riesgos condiciones de trabajo"},"content":{"rendered":"<div class=\"art-layout-wrapper\">\n<div class=\"art-content-layout\">\n<div class=\"art-content-layout-row\">\n<div class=\"art-layout-cell art-content\">\n<div class=\"item-page\">\n<article class=\"art-post\">\n<div class=\"art-postcontent clearfix\">\n<div class=\"art-article\">\n<p align=\"JUSTIFY\">Los lugares y espacios de trabajo, y los equipos y herramientas que se utilizan para realizar el trabajo suponen una serie de riesgos que es necesario tener en cuenta para posteriormente, poder prevenirlos y evitarlos. Entre estos riesgos destacan:<\/p>\n<table border=\"1\" width=\"742\" cellspacing=\"0\" cellpadding=\"9\">\n<colgroup>\n<col width=\"170\" \/>\n<col width=\"534\" \/> <\/colgroup>\n<tbody>\n<tr valign=\"TOP\">\n<td bgcolor=\"#191919\" width=\"170\">\n<p align=\"CENTER\"><span style=\"color: #ffffff;\"><span style=\"font-size: large;\"><b>Tipo de riesgo<\/b><\/span><\/span><\/p>\n<\/td>\n<td bgcolor=\"#191919\" width=\"534\">\n<p align=\"CENTER\"><span style=\"color: #ffffff;\"><span style=\"font-size: large;\"><b>Descripci\u00f3n<\/b><\/span><\/span><\/p>\n<\/td>\n<\/tr>\n<tr valign=\"TOP\">\n<td width=\"170\">\n<p align=\"CENTER\"><b>riesgo el\u00e9ctrico<\/b><\/p>\n<\/td>\n<td width=\"534\">\n<p align=\"JUSTIFY\">En la mayor\u00eda de los lugares de trabajo existen instalaciones el\u00e9ctricas y con ellas el riesgo de sufrir quemaduras, asfixia, paro card\u00edaco y otras lesiones que una descarga el\u00e9ctrica puede provocar en el cuerpo humano.<\/p>\n<\/td>\n<\/tr>\n<tr valign=\"TOP\">\n<td width=\"170\">\n<p align=\"CENTER\"><b>m\u00e1quinas y herramientas<\/b><\/p>\n<\/td>\n<td width=\"534\">\n<p align=\"JUSTIFY\">Para realizar numerosos trabajos, el trabajador necesita manejar determinadas herramientas y m\u00e1quinas, que suponen un riesgo evidente para su salud, al margen de los derivados de las materias o productos utilizados.<\/p>\n<\/td>\n<\/tr>\n<\/tbody>\n<\/table>\n<p><strong>Electricidad<br \/>\n<\/strong><\/p>\n<p><iframe loading=\"lazy\" src=\"http:\/\/es.slideshare.net\/slideshow\/embed_code\/15961183\" width=\"597\" height=\"486\" frameborder=\"0\" marginwidth=\"0\" marginheight=\"0\" scrolling=\"no\" allowfullscreen=\"allowfullscreen\"> <\/iframe><\/p>\n<div>\n<table border=\"0\" cellspacing=\"0\" cellpadding=\"0\">\n<tbody>\n<tr>\n<td colspan=\"2\">\n<p align=\"center\"><b>RIESGO \u00a0 EL\u00c9CTRICO<\/b><\/p>\n<p align=\"center\"><b>Medidas b\u00e1sicas de prevenci\u00f3n<\/b><\/p>\n<\/td>\n<\/tr>\n<tr>\n<td width=\"146\">\n<p align=\"center\"><b>instalaciones y equipos<\/b><\/p>\n<\/td>\n<td width=\"725\">\n<ul>\n<li>Alejamiento de cables y conexiones de lugares de paso y de trabajo.<\/li>\n<li>Revisiones peri\u00f3dicas de la instalaci\u00f3n el\u00e9ctrica por especialistas.<\/li>\n<li>Utilizar <b>interruptores diferenciales y puesta a tierra<\/b>.<\/li>\n<li>Cubrir con elementos aislantes las partes en tensi\u00f3n.<\/li>\n<li>Uso de tensiones de seguridad <b>inferiores a 24 voltios<\/b>.<\/li>\n<li>Separaci\u00f3n de circuitos y recubrimiento de las masas con material aislante.<\/li>\n<\/ul>\n<\/td>\n<\/tr>\n<tr>\n<td width=\"146\">\n<p align=\"center\"><b>herramientas el\u00e9ctricas<\/b><\/p>\n<\/td>\n<td width=\"725\">\n<ul>\n<li>Comprobar peri\u00f3dicamente el correcto funcionamiento de las protecciones.<\/li>\n<li>No tirar del cable para desconectar la m\u00e1quina.<\/li>\n<li>Utilizar clavijas adecuadas y aislar correctamente los cables.<\/li>\n<li>Asegurarse de que est\u00e1n provistas de <b>toma de tierra<\/b>.<\/li>\n<\/ul>\n<\/td>\n<\/tr>\n<tr>\n<td width=\"146\">\n<p align=\"center\"><b>trabajadores<\/b><\/p>\n<\/td>\n<td width=\"725\">\n<ul>\n<li>Utilizar guantes y botas aislantes.<\/li>\n<li>Utilizar herramientas aislantes como p\u00e9rtigas, banquetas, etc.<\/li>\n<li>Informaci\u00f3n y formaci\u00f3n.<\/li>\n<\/ul>\n<\/td>\n<\/tr>\n<\/tbody>\n<\/table>\n<p><strong>M\u00e1quinas y herramientas<\/strong><\/p>\n<\/div>\n<p><iframe loading=\"lazy\" src=\"http:\/\/www.youtube.com\/embed\/bUScnVZ9vmM?rel=0\" width=\"640\" height=\"480\" frameborder=\"0\" allowfullscreen=\"allowfullscreen\"><\/iframe><\/p>\n<\/div>\n<\/div>\n<\/article>\n<\/div>\n<\/div>\n<\/div>\n<\/div>\n<\/div>\n<footer class=\"art-footer\">\n<div class=\"art-content-layout\"><\/div>\n<\/footer>\n","protected":false},"excerpt":{"rendered":"<p>Los lugares y espacios de trabajo, y los equipos y herramientas que se utilizan para realizar el trabajo suponen una serie de riesgos que es necesario tener en cuenta para posteriormente, poder prevenirlos y evitarlos. Entre estos riesgos destacan: Tipo &hellip; <a href=\"https:\/\/fol20.robertoquiros.es\/?page_id=90\">Sigue leyendo <span class=\"meta-nav\">&rarr;<\/span><\/a><\/p>\n","protected":false},"author":1,"featured_media":0,"parent":19,"menu_order":6,"comment_status":"closed","ping_status":"open","template":"","meta":{"footnotes":""},"class_list":["post-90","page","type-page","status-publish","hentry"],"_links":{"self":[{"href":"https:\/\/fol20.robertoquiros.es\/index.php?rest_route=\/wp\/v2\/pages\/90","targetHints":{"allow":["GET"]}}],"collection":[{"href":"https:\/\/fol20.robertoquiros.es\/index.php?rest_route=\/wp\/v2\/pages"}],"about":[{"href":"https:\/\/fol20.robertoquiros.es\/index.php?rest_route=\/wp\/v2\/types\/page"}],"author":[{"embeddable":true,"href":"https:\/\/fol20.robertoquiros.es\/index.php?rest_route=\/wp\/v2\/users\/1"}],"replies":[{"embeddable":true,"href":"https:\/\/fol20.robertoquiros.es\/index.php?rest_route=%2Fwp%2Fv2%2Fcomments&post=90"}],"version-history":[{"count":3,"href":"https:\/\/fol20.robertoquiros.es\/index.php?rest_route=\/wp\/v2\/pages\/90\/revisions"}],"predecessor-version":[{"id":1535,"href":"https:\/\/fol20.robertoquiros.es\/index.php?rest_route=\/wp\/v2\/pages\/90\/revisions\/1535"}],"up":[{"embeddable":true,"href":"https:\/\/fol20.robertoquiros.es\/index.php?rest_route=\/wp\/v2\/pages\/19"}],"wp:attachment":[{"href":"https:\/\/fol20.robertoquiros.es\/index.php?rest_route=%2Fwp%2Fv2%2Fmedia&parent=90"}],"curies":[{"name":"wp","href":"https:\/\/api.w.org\/{rel}","templated":true}]}}