{"id":88,"date":"2015-01-29T12:58:35","date_gmt":"2015-01-29T11:58:35","guid":{"rendered":"http:\/\/folnuevo.fol20.es\/?page_id=88"},"modified":"2020-03-18T16:20:11","modified_gmt":"2020-03-18T15:20:11","slug":"8-5-enfermedad-profesional","status":"publish","type":"page","link":"https:\/\/fol20.robertoquiros.es\/?page_id=88","title":{"rendered":"8.5 Enfermedad profesional"},"content":{"rendered":"<div class=\"art-layout-wrapper\">\n<div class=\"art-content-layout\">\n<div class=\"art-content-layout-row\">\n<div class=\"art-layout-cell art-content\">\n<div class=\"item-page\">\n<article class=\"art-post\">\n<div class=\"art-postcontent clearfix\">\n<div class=\"art-article\">\n<p align=\"JUSTIFY\">La enfermedad profesional es la contra\u00edda como consecuencia del trabajo, y supone un deterioro lento y paulatino de la salud del trabajador como consecuencia de una exposici\u00f3n prolongada a agentes contaminantes o situaciones adversas.<\/p>\n<p align=\"JUSTIFY\">P<span style=\"color: #003000;\">ara que una enfermedad profesional sea reconocida legalmente como tal, debe cumplir simult\u00e1neamente varias condiciones: un agente que la provoca, s\u00edntomas y patolog\u00edas relacionados con el agente, y actividades capaces de producir dicha enfermedad. Si no cumple esas tres condiciones, no se reconocer\u00e1 como enfermedad profesional, aunque cabe la posibilidad de que se considere accidente de trabajo.<\/span><\/p>\n<\/div>\n<\/div>\n<div class=\"art-postcontent clearfix\">\n<div class=\"art-article\">\n<p><a href=\"http:\/\/fol20.robertoquiros.es\/wp-content\/uploads\/2015\/02\/enfermedad_profesional.jpg\"><img loading=\"lazy\" decoding=\"async\" class=\"size-full wp-image-376 aligncenter\" src=\"http:\/\/fol20.robertoquiros.es\/wp-content\/uploads\/2015\/02\/enfermedad_profesional.jpg\" alt=\"enfermedad_profesional\" width=\"360\" height=\"239\" srcset=\"https:\/\/fol20.robertoquiros.es\/wp-content\/uploads\/2015\/02\/enfermedad_profesional.jpg 360w, https:\/\/fol20.robertoquiros.es\/wp-content\/uploads\/2015\/02\/enfermedad_profesional-300x199.jpg 300w\" sizes=\"auto, (max-width: 360px) 100vw, 360px\" \/><\/a><\/p>\n<\/div>\n<\/div>\n<div class=\"art-postcontent clearfix\">\n<div class=\"art-article\">\n<p><strong><a href=\"http:\/\/fol20.robertoquiros.es\/wp-content\/uploads\/2019\/11\/20170331_a988_GUIAVALORACIONEP.pdf\" target=\"_blank\" rel=\"noopener noreferrer\">Listado Enfermedades Profesionales<img loading=\"lazy\" decoding=\"async\" class=\"wp-image-630 alignnone\" src=\"http:\/\/fol20.robertoquiros.es\/wp-content\/uploads\/2015\/02\/icono-pdf.png\" alt=\"\" width=\"29\" height=\"43\" \/><\/a><\/strong><\/p>\n<p><strong>\u00a0<\/strong><\/p>\n<\/div>\n<\/div>\n<\/article>\n<\/div>\n<\/div>\n<\/div>\n<\/div>\n<\/div>\n","protected":false},"excerpt":{"rendered":"<p>La enfermedad profesional es la contra\u00edda como consecuencia del trabajo, y supone un deterioro lento y paulatino de la salud del trabajador como consecuencia de una exposici\u00f3n prolongada a agentes contaminantes o situaciones adversas. Para que una enfermedad profesional sea &hellip; <a href=\"https:\/\/fol20.robertoquiros.es\/?page_id=88\">Sigue leyendo <span class=\"meta-nav\">&rarr;<\/span><\/a><\/p>\n","protected":false},"author":1,"featured_media":0,"parent":19,"menu_order":5,"comment_status":"closed","ping_status":"open","template":"","meta":{"footnotes":""},"class_list":["post-88","page","type-page","status-publish","hentry"],"_links":{"self":[{"href":"https:\/\/fol20.robertoquiros.es\/index.php?rest_route=\/wp\/v2\/pages\/88","targetHints":{"allow":["GET"]}}],"collection":[{"href":"https:\/\/fol20.robertoquiros.es\/index.php?rest_route=\/wp\/v2\/pages"}],"about":[{"href":"https:\/\/fol20.robertoquiros.es\/index.php?rest_route=\/wp\/v2\/types\/page"}],"author":[{"embeddable":true,"href":"https:\/\/fol20.robertoquiros.es\/index.php?rest_route=\/wp\/v2\/users\/1"}],"replies":[{"embeddable":true,"href":"https:\/\/fol20.robertoquiros.es\/index.php?rest_route=%2Fwp%2Fv2%2Fcomments&post=88"}],"version-history":[{"count":10,"href":"https:\/\/fol20.robertoquiros.es\/index.php?rest_route=\/wp\/v2\/pages\/88\/revisions"}],"predecessor-version":[{"id":1534,"href":"https:\/\/fol20.robertoquiros.es\/index.php?rest_route=\/wp\/v2\/pages\/88\/revisions\/1534"}],"up":[{"embeddable":true,"href":"https:\/\/fol20.robertoquiros.es\/index.php?rest_route=\/wp\/v2\/pages\/19"}],"wp:attachment":[{"href":"https:\/\/fol20.robertoquiros.es\/index.php?rest_route=%2Fwp%2Fv2%2Fmedia&parent=88"}],"curies":[{"name":"wp","href":"https:\/\/api.w.org\/{rel}","templated":true}]}}