{"id":801,"date":"2015-02-25T12:08:07","date_gmt":"2015-02-25T11:08:07","guid":{"rendered":"http:\/\/fol20.robertoquiros.es\/?page_id=801"},"modified":"2015-02-25T12:08:07","modified_gmt":"2015-02-25T11:08:07","slug":"8-13-riesgos-especificos-automocion","status":"publish","type":"page","link":"https:\/\/fol20.robertoquiros.es\/?page_id=801","title":{"rendered":"8.13 Riesgos espec\u00edficos: automoci\u00f3n"},"content":{"rendered":"<p style=\"text-align: justify;\"><span style=\"font-family: arial,helvetica,sans-serif; font-size: 14pt;\">Dada la complejidad de los trabajos en un taller de reparaci\u00f3n de veh\u00edculos, los riesgos espec\u00edficos no se pueden resumir en exceso.<\/span><\/p>\n<p style=\"text-align: justify;\"><span style=\"font-family: arial,helvetica,sans-serif; font-size: 14pt;\">Es tremendamente recomendable ,estudiar con detenimiento, el manual elaborado por la Universidad Polit\u00e9cnica de Valencia, para los trabajos en talleres de automoci\u00f3n.<\/span><\/p>\n<p style=\"text-align: justify;\"><span style=\"font-family: arial,helvetica,sans-serif; font-size: 14pt;\">Lo tienes en un enlace web o para descargar en un pdf, si prefieres estudiarlo sobre formato papel.<\/span><\/p>\n<p style=\"text-align: justify;\">\n<p style=\"text-align: justify;\"><a href=\"http:\/\/www.sprl.upv.es\/msmecanico1.htm\" target=\"_blank\"><span style=\"font-family: arial,helvetica,sans-serif; font-size: 14pt;\">Manual prevenci\u00f3n de riesgos en automoci\u00f3n<img loading=\"lazy\" decoding=\"async\" class=\"alignnone  wp-image-629\" src=\"http:\/\/fol20.robertoquiros.es\/wp-content\/uploads\/2015\/02\/icono-mozilla2.png\" alt=\"icono mozilla2\" width=\"33\" height=\"33\" \/><\/span><\/a><\/p>\n<p style=\"text-align: justify;\">\n<p style=\"text-align: justify;\"><a href=\"https:\/\/www.dropbox.com\/s\/r0ooj39974e08k8\/manualmecanica.pdf?dl=0\" target=\"_blank\"><span style=\"font-family: arial,helvetica,sans-serif; font-size: 14pt;\">Manual prevenci\u00f3n de riesgos en automoci\u00f3n<img loading=\"lazy\" decoding=\"async\" class=\"alignnone  wp-image-630\" src=\"http:\/\/fol20.robertoquiros.es\/wp-content\/uploads\/2015\/02\/icono-pdf.png\" alt=\"icono pdf\" width=\"26\" height=\"38\" \/><\/span><\/a><\/p>\n","protected":false},"excerpt":{"rendered":"<p>Dada la complejidad de los trabajos en un taller de reparaci\u00f3n de veh\u00edculos, los riesgos espec\u00edficos no se pueden resumir en exceso. Es tremendamente recomendable ,estudiar con detenimiento, el manual elaborado por la Universidad Polit\u00e9cnica de Valencia, para los trabajos &hellip; <a href=\"https:\/\/fol20.robertoquiros.es\/?page_id=801\">Sigue leyendo <span class=\"meta-nav\">&rarr;<\/span><\/a><\/p>\n","protected":false},"author":1,"featured_media":0,"parent":19,"menu_order":13,"comment_status":"closed","ping_status":"open","template":"","meta":{"footnotes":""},"class_list":["post-801","page","type-page","status-publish","hentry"],"_links":{"self":[{"href":"https:\/\/fol20.robertoquiros.es\/index.php?rest_route=\/wp\/v2\/pages\/801","targetHints":{"allow":["GET"]}}],"collection":[{"href":"https:\/\/fol20.robertoquiros.es\/index.php?rest_route=\/wp\/v2\/pages"}],"about":[{"href":"https:\/\/fol20.robertoquiros.es\/index.php?rest_route=\/wp\/v2\/types\/page"}],"author":[{"embeddable":true,"href":"https:\/\/fol20.robertoquiros.es\/index.php?rest_route=\/wp\/v2\/users\/1"}],"replies":[{"embeddable":true,"href":"https:\/\/fol20.robertoquiros.es\/index.php?rest_route=%2Fwp%2Fv2%2Fcomments&post=801"}],"version-history":[{"count":1,"href":"https:\/\/fol20.robertoquiros.es\/index.php?rest_route=\/wp\/v2\/pages\/801\/revisions"}],"predecessor-version":[{"id":802,"href":"https:\/\/fol20.robertoquiros.es\/index.php?rest_route=\/wp\/v2\/pages\/801\/revisions\/802"}],"up":[{"embeddable":true,"href":"https:\/\/fol20.robertoquiros.es\/index.php?rest_route=\/wp\/v2\/pages\/19"}],"wp:attachment":[{"href":"https:\/\/fol20.robertoquiros.es\/index.php?rest_route=%2Fwp%2Fv2%2Fmedia&parent=801"}],"curies":[{"name":"wp","href":"https:\/\/api.w.org\/{rel}","templated":true}]}}