{"id":795,"date":"2015-02-25T10:56:45","date_gmt":"2015-02-25T09:56:45","guid":{"rendered":"http:\/\/fol20.robertoquiros.es\/?page_id=795"},"modified":"2015-02-25T10:58:12","modified_gmt":"2015-02-25T09:58:12","slug":"8-12-riesgos-especificos-administrativo","status":"publish","type":"page","link":"https:\/\/fol20.robertoquiros.es\/?page_id=795","title":{"rendered":"8.12: Riesgos espec\u00edficos: administrativo"},"content":{"rendered":"<p style=\"text-align: center;\"><span style=\"font-family: arial,helvetica,sans-serif; font-size: 18pt;\"><strong>Disposici\u00f3n general del puesto de trabajo<\/strong><\/span><\/p>\n<p style=\"text-align: center;\"><a href=\"http:\/\/fol20.robertoquiros.es\/wp-content\/uploads\/2015\/02\/puesto-de-trabajo-2.jpg\"><img loading=\"lazy\" decoding=\"async\" class=\" size-full wp-image-796 aligncenter\" src=\"http:\/\/fol20.robertoquiros.es\/wp-content\/uploads\/2015\/02\/puesto-de-trabajo-2.jpg\" alt=\"puesto de trabajo 2\" width=\"968\" height=\"600\" srcset=\"https:\/\/fol20.robertoquiros.es\/wp-content\/uploads\/2015\/02\/puesto-de-trabajo-2.jpg 968w, https:\/\/fol20.robertoquiros.es\/wp-content\/uploads\/2015\/02\/puesto-de-trabajo-2-300x186.jpg 300w\" sizes=\"auto, (max-width: 968px) 100vw, 968px\" \/><\/a><\/p>\n<p style=\"text-align: center;\"><span style=\"font-family: arial,helvetica,sans-serif; font-size: 18pt;\"><strong>Organizaci\u00f3n de la mesa de trabajo.<\/strong><\/span><\/p>\n<p style=\"text-align: center;\"><a href=\"http:\/\/fol20.robertoquiros.es\/wp-content\/uploads\/2015\/02\/puesto-trabajo.jpg\"><img loading=\"lazy\" decoding=\"async\" class=\" size-full wp-image-797 aligncenter\" src=\"http:\/\/fol20.robertoquiros.es\/wp-content\/uploads\/2015\/02\/puesto-trabajo.jpg\" alt=\"puesto trabajo\" width=\"610\" height=\"253\" srcset=\"https:\/\/fol20.robertoquiros.es\/wp-content\/uploads\/2015\/02\/puesto-trabajo.jpg 610w, https:\/\/fol20.robertoquiros.es\/wp-content\/uploads\/2015\/02\/puesto-trabajo-300x124.jpg 300w\" sizes=\"auto, (max-width: 610px) 100vw, 610px\" \/><\/a><\/p>\n<p style=\"text-align: center;\"><span style=\"font-family: arial,helvetica,sans-serif; font-size: 18pt;\"><strong>Teclado<\/strong><\/span><\/p>\n<p style=\"text-align: center;\"><a href=\"http:\/\/fol20.robertoquiros.es\/wp-content\/uploads\/2015\/02\/teclado-1.jpg\"><img loading=\"lazy\" decoding=\"async\" class=\" size-full wp-image-798 aligncenter\" src=\"http:\/\/fol20.robertoquiros.es\/wp-content\/uploads\/2015\/02\/teclado-1.jpg\" alt=\"teclado 1\" width=\"565\" height=\"484\" srcset=\"https:\/\/fol20.robertoquiros.es\/wp-content\/uploads\/2015\/02\/teclado-1.jpg 565w, https:\/\/fol20.robertoquiros.es\/wp-content\/uploads\/2015\/02\/teclado-1-300x257.jpg 300w\" sizes=\"auto, (max-width: 565px) 100vw, 565px\" \/><\/a><\/p>\n<p style=\"text-align: center;\"><span style=\"font-family: arial,helvetica,sans-serif; font-size: 18pt;\"><strong>Rat\u00f3n<\/strong><\/span><\/p>\n<p style=\"text-align: center;\"><a href=\"http:\/\/fol20.robertoquiros.es\/wp-content\/uploads\/2015\/02\/raton1.jpg\"><img loading=\"lazy\" decoding=\"async\" class=\" size-full wp-image-799 aligncenter\" src=\"http:\/\/fol20.robertoquiros.es\/wp-content\/uploads\/2015\/02\/raton1.jpg\" alt=\"raton1\" width=\"562\" height=\"482\" srcset=\"https:\/\/fol20.robertoquiros.es\/wp-content\/uploads\/2015\/02\/raton1.jpg 562w, https:\/\/fol20.robertoquiros.es\/wp-content\/uploads\/2015\/02\/raton1-300x257.jpg 300w\" sizes=\"auto, (max-width: 562px) 100vw, 562px\" \/><\/a><\/p>\n","protected":false},"excerpt":{"rendered":"<p>Disposici\u00f3n general del puesto de trabajo Organizaci\u00f3n de la mesa de trabajo. Teclado Rat\u00f3n<\/p>\n","protected":false},"author":1,"featured_media":0,"parent":19,"menu_order":12,"comment_status":"closed","ping_status":"open","template":"","meta":{"footnotes":""},"class_list":["post-795","page","type-page","status-publish","hentry"],"_links":{"self":[{"href":"https:\/\/fol20.robertoquiros.es\/index.php?rest_route=\/wp\/v2\/pages\/795","targetHints":{"allow":["GET"]}}],"collection":[{"href":"https:\/\/fol20.robertoquiros.es\/index.php?rest_route=\/wp\/v2\/pages"}],"about":[{"href":"https:\/\/fol20.robertoquiros.es\/index.php?rest_route=\/wp\/v2\/types\/page"}],"author":[{"embeddable":true,"href":"https:\/\/fol20.robertoquiros.es\/index.php?rest_route=\/wp\/v2\/users\/1"}],"replies":[{"embeddable":true,"href":"https:\/\/fol20.robertoquiros.es\/index.php?rest_route=%2Fwp%2Fv2%2Fcomments&post=795"}],"version-history":[{"count":1,"href":"https:\/\/fol20.robertoquiros.es\/index.php?rest_route=\/wp\/v2\/pages\/795\/revisions"}],"predecessor-version":[{"id":800,"href":"https:\/\/fol20.robertoquiros.es\/index.php?rest_route=\/wp\/v2\/pages\/795\/revisions\/800"}],"up":[{"embeddable":true,"href":"https:\/\/fol20.robertoquiros.es\/index.php?rest_route=\/wp\/v2\/pages\/19"}],"wp:attachment":[{"href":"https:\/\/fol20.robertoquiros.es\/index.php?rest_route=%2Fwp%2Fv2%2Fmedia&parent=795"}],"curies":[{"name":"wp","href":"https:\/\/api.w.org\/{rel}","templated":true}]}}