{"id":782,"date":"2015-02-25T10:13:25","date_gmt":"2015-02-25T09:13:25","guid":{"rendered":"http:\/\/fol20.robertoquiros.es\/?page_id=782"},"modified":"2015-02-25T10:25:46","modified_gmt":"2015-02-25T09:25:46","slug":"8-11-riesgos-especificos-electricidad","status":"publish","type":"page","link":"https:\/\/fol20.robertoquiros.es\/?page_id=782","title":{"rendered":"8.11 Riesgos espec\u00edficos: electricidad"},"content":{"rendered":"<p style=\"text-align: center;\"><span style=\"font-family: arial,helvetica,sans-serif; font-size: 18pt;\"><strong>Protocolo de corte de tensi\u00f3n: 5 reglas de oro<\/strong><\/span><\/p>\n<p style=\"text-align: justify;\"><a href=\"http:\/\/fol20.robertoquiros.es\/wp-content\/uploads\/2015\/02\/5reglasdeoro-media-y-alta.jpg\"><img loading=\"lazy\" decoding=\"async\" class=\" size-full wp-image-783 aligncenter\" src=\"http:\/\/fol20.robertoquiros.es\/wp-content\/uploads\/2015\/02\/5reglasdeoro-media-y-alta.jpg\" alt=\"5reglasdeoro media y alta\" width=\"907\" height=\"658\" srcset=\"https:\/\/fol20.robertoquiros.es\/wp-content\/uploads\/2015\/02\/5reglasdeoro-media-y-alta.jpg 907w, https:\/\/fol20.robertoquiros.es\/wp-content\/uploads\/2015\/02\/5reglasdeoro-media-y-alta-300x218.jpg 300w\" sizes=\"auto, (max-width: 907px) 100vw, 907px\" \/><\/a><a href=\"http:\/\/fol20.robertoquiros.es\/wp-content\/uploads\/2015\/02\/reglas-de-oro.jpg\"><img loading=\"lazy\" decoding=\"async\" class=\" size-full wp-image-784 aligncenter\" src=\"http:\/\/fol20.robertoquiros.es\/wp-content\/uploads\/2015\/02\/reglas-de-oro.jpg\" alt=\"reglas de oro\" width=\"516\" height=\"148\" srcset=\"https:\/\/fol20.robertoquiros.es\/wp-content\/uploads\/2015\/02\/reglas-de-oro.jpg 516w, https:\/\/fol20.robertoquiros.es\/wp-content\/uploads\/2015\/02\/reglas-de-oro-300x86.jpg 300w\" sizes=\"auto, (max-width: 516px) 100vw, 516px\" \/><\/a><\/p>\n<p style=\"text-align: center;\">\n<p style=\"text-align: center;\">\n<p style=\"text-align: center;\"><span style=\"font-family: arial,helvetica,sans-serif; font-size: 18pt;\"><strong>Bloqueo de enclavamiento el\u00e9ctrico, mediante candados de seguridad.<\/strong><\/span><\/p>\n<p style=\"text-align: center;\"><a href=\"http:\/\/fol20.robertoquiros.es\/wp-content\/uploads\/2015\/02\/enclavamiento2.jpg\"><img loading=\"lazy\" decoding=\"async\" class=\" size-full wp-image-786 aligncenter\" src=\"http:\/\/fol20.robertoquiros.es\/wp-content\/uploads\/2015\/02\/enclavamiento2.jpg\" alt=\"enclavamiento2\" width=\"314\" height=\"600\" srcset=\"https:\/\/fol20.robertoquiros.es\/wp-content\/uploads\/2015\/02\/enclavamiento2.jpg 314w, https:\/\/fol20.robertoquiros.es\/wp-content\/uploads\/2015\/02\/enclavamiento2-157x300.jpg 157w\" sizes=\"auto, (max-width: 314px) 100vw, 314px\" \/><\/a><a href=\"http:\/\/fol20.robertoquiros.es\/wp-content\/uploads\/2015\/02\/enclavamiento11.jpg\"><img loading=\"lazy\" decoding=\"async\" class=\" size-full wp-image-790 aligncenter\" src=\"http:\/\/fol20.robertoquiros.es\/wp-content\/uploads\/2015\/02\/enclavamiento11.jpg\" alt=\"enclavamiento1\" width=\"903\" height=\"600\" srcset=\"https:\/\/fol20.robertoquiros.es\/wp-content\/uploads\/2015\/02\/enclavamiento11.jpg 903w, https:\/\/fol20.robertoquiros.es\/wp-content\/uploads\/2015\/02\/enclavamiento11-300x199.jpg 300w\" sizes=\"auto, (max-width: 903px) 100vw, 903px\" \/><\/a><\/p>\n<p style=\"text-align: center;\">\n<p style=\"text-align: center;\">\n<p style=\"text-align: center;\"><span style=\"font-family: arial,helvetica,sans-serif; font-size: 18pt;\"><strong>P\u00e9rtiga aislante para trabajo en media y alta tensi\u00f3n<\/strong><\/span><\/p>\n<p style=\"text-align: center;\"><a href=\"http:\/\/fol20.robertoquiros.es\/wp-content\/uploads\/2015\/02\/pertiga.jpg\"><img loading=\"lazy\" decoding=\"async\" class=\" size-full wp-image-787 aligncenter\" src=\"http:\/\/fol20.robertoquiros.es\/wp-content\/uploads\/2015\/02\/pertiga.jpg\" alt=\"pertiga\" width=\"508\" height=\"528\" srcset=\"https:\/\/fol20.robertoquiros.es\/wp-content\/uploads\/2015\/02\/pertiga.jpg 508w, https:\/\/fol20.robertoquiros.es\/wp-content\/uploads\/2015\/02\/pertiga-289x300.jpg 289w\" sizes=\"auto, (max-width: 508px) 100vw, 508px\" \/><\/a><\/p>\n<p style=\"text-align: center;\">\n<p style=\"text-align: center;\">\n<p style=\"text-align: center;\"><span style=\"font-family: arial,helvetica,sans-serif; font-size: 18pt;\"><strong>El arco voltaico, un peligro infravalorado.<\/strong><\/span><\/p>\n<p style=\"text-align: center;\"><iframe loading=\"lazy\" src=\"https:\/\/www.youtube.com\/embed\/LmBbkQR4G-4\" width=\"640\" height=\"480\" frameborder=\"0\" allowfullscreen=\"allowfullscreen\"><\/iframe><\/p>\n","protected":false},"excerpt":{"rendered":"<p>Protocolo de corte de tensi\u00f3n: 5 reglas de oro Bloqueo de enclavamiento el\u00e9ctrico, mediante candados de seguridad. P\u00e9rtiga aislante para trabajo en media y alta tensi\u00f3n El arco voltaico, un peligro infravalorado.<\/p>\n","protected":false},"author":1,"featured_media":0,"parent":19,"menu_order":11,"comment_status":"closed","ping_status":"open","template":"","meta":{"footnotes":""},"class_list":["post-782","page","type-page","status-publish","hentry"],"_links":{"self":[{"href":"https:\/\/fol20.robertoquiros.es\/index.php?rest_route=\/wp\/v2\/pages\/782","targetHints":{"allow":["GET"]}}],"collection":[{"href":"https:\/\/fol20.robertoquiros.es\/index.php?rest_route=\/wp\/v2\/pages"}],"about":[{"href":"https:\/\/fol20.robertoquiros.es\/index.php?rest_route=\/wp\/v2\/types\/page"}],"author":[{"embeddable":true,"href":"https:\/\/fol20.robertoquiros.es\/index.php?rest_route=\/wp\/v2\/users\/1"}],"replies":[{"embeddable":true,"href":"https:\/\/fol20.robertoquiros.es\/index.php?rest_route=%2Fwp%2Fv2%2Fcomments&post=782"}],"version-history":[{"count":6,"href":"https:\/\/fol20.robertoquiros.es\/index.php?rest_route=\/wp\/v2\/pages\/782\/revisions"}],"predecessor-version":[{"id":794,"href":"https:\/\/fol20.robertoquiros.es\/index.php?rest_route=\/wp\/v2\/pages\/782\/revisions\/794"}],"up":[{"embeddable":true,"href":"https:\/\/fol20.robertoquiros.es\/index.php?rest_route=\/wp\/v2\/pages\/19"}],"wp:attachment":[{"href":"https:\/\/fol20.robertoquiros.es\/index.php?rest_route=%2Fwp%2Fv2%2Fmedia&parent=782"}],"curies":[{"name":"wp","href":"https:\/\/api.w.org\/{rel}","templated":true}]}}