{"id":78,"date":"2015-01-29T12:45:48","date_gmt":"2015-01-29T11:45:48","guid":{"rendered":"http:\/\/folnuevo.fol20.es\/?page_id=78"},"modified":"2020-03-18T16:13:35","modified_gmt":"2020-03-18T15:13:35","slug":"7-10-cierre-patronal","status":"publish","type":"page","link":"https:\/\/fol20.robertoquiros.es\/?page_id=78","title":{"rendered":"7.10 Cierre patronal"},"content":{"rendered":"<div class=\"item-page\">\n<article class=\"art-post\">\n<div class=\"art-postcontent clearfix\">\n<div class=\"art-article\">\n<p align=\"JUSTIFY\">El cierre patronal es una causa de suspensi\u00f3n del contrato de trabajo, de forma que el trabajador no trabaja y no cobra. Supone el cierre de la empresa, por iniciativa del empresario, y debe limitarse al tiempo imprescindible. El empresario debe comunicarlo a la Autoridad Laboral en el plazo de 12 horas.<\/p>\n<p>Se podr\u00e1 llevar a cabo el cierre patronal s\u00f3lo en caso de huelga u otra irregularidad colectiva en el r\u00e9gimen de trabajo, en los supuestos siguientes:<\/p>\n<p>a) Notorio peligro de violencia para las personas o da\u00f1os graves para las cosas<\/p>\n<p>b) Ocupaci\u00f3n ilegal del centro de trabajo o de cualquiera de sus dependencias o peligro cierto de que esta se produzca<\/p>\n<p>c) Cuando el volumen de inasistencia o irregularidades en el trabajo impidan gravemente el proceso normal de producci\u00f3n<\/p>\n<\/div>\n<\/div>\n<\/article>\n<\/div>\n","protected":false},"excerpt":{"rendered":"<p>El cierre patronal es una causa de suspensi\u00f3n del contrato de trabajo, de forma que el trabajador no trabaja y no cobra. Supone el cierre de la empresa, por iniciativa del empresario, y debe limitarse al tiempo imprescindible. El empresario &hellip; <a href=\"https:\/\/fol20.robertoquiros.es\/?page_id=78\">Sigue leyendo <span class=\"meta-nav\">&rarr;<\/span><\/a><\/p>\n","protected":false},"author":1,"featured_media":0,"parent":17,"menu_order":10,"comment_status":"closed","ping_status":"open","template":"","meta":{"footnotes":""},"class_list":["post-78","page","type-page","status-publish","hentry"],"_links":{"self":[{"href":"https:\/\/fol20.robertoquiros.es\/index.php?rest_route=\/wp\/v2\/pages\/78","targetHints":{"allow":["GET"]}}],"collection":[{"href":"https:\/\/fol20.robertoquiros.es\/index.php?rest_route=\/wp\/v2\/pages"}],"about":[{"href":"https:\/\/fol20.robertoquiros.es\/index.php?rest_route=\/wp\/v2\/types\/page"}],"author":[{"embeddable":true,"href":"https:\/\/fol20.robertoquiros.es\/index.php?rest_route=\/wp\/v2\/users\/1"}],"replies":[{"embeddable":true,"href":"https:\/\/fol20.robertoquiros.es\/index.php?rest_route=%2Fwp%2Fv2%2Fcomments&post=78"}],"version-history":[{"count":4,"href":"https:\/\/fol20.robertoquiros.es\/index.php?rest_route=\/wp\/v2\/pages\/78\/revisions"}],"predecessor-version":[{"id":1531,"href":"https:\/\/fol20.robertoquiros.es\/index.php?rest_route=\/wp\/v2\/pages\/78\/revisions\/1531"}],"up":[{"embeddable":true,"href":"https:\/\/fol20.robertoquiros.es\/index.php?rest_route=\/wp\/v2\/pages\/17"}],"wp:attachment":[{"href":"https:\/\/fol20.robertoquiros.es\/index.php?rest_route=%2Fwp%2Fv2%2Fmedia&parent=78"}],"curies":[{"name":"wp","href":"https:\/\/api.w.org\/{rel}","templated":true}]}}