{"id":748,"date":"2015-02-06T17:42:16","date_gmt":"2015-02-06T16:42:16","guid":{"rendered":"http:\/\/fol20.robertoquiros.es\/?page_id=748"},"modified":"2020-11-09T10:06:45","modified_gmt":"2020-11-09T09:06:45","slug":"3-10-exposicion-oral","status":"publish","type":"page","link":"https:\/\/fol20.robertoquiros.es\/?page_id=748","title":{"rendered":"3.11 Exposici\u00f3n oral"},"content":{"rendered":"<p style=\"text-align: justify;\"><span style=\"font-family: arial,helvetica,sans-serif; font-size: 14pt;\">Primero vamos a abordar la teor\u00eda b\u00e1sica sobre exposiciones orales:<\/span><\/p>\n<p><iframe loading=\"lazy\" style=\"border: 1px solid #CCC; border-width: 1px; margin-bottom: 5px; max-width: 100%;\" src=\"\/\/www.slideshare.net\/slideshow\/embed_code\/key\/3UQWK98ULmzT4H\" marginwidth=\"0\" marginheight=\"0\" scrolling=\"no\" allowfullscreen=\"allowfullscreen\" width=\"595\" height=\"485\" frameborder=\"0\"> <\/iframe><\/p>\n<p style=\"text-align: justify;\"><span style=\"font-family: arial,helvetica,sans-serif; font-size: 14pt;\">Estos v\u00eddeos tambi\u00e9n te ser\u00e1 utiles:<\/span><\/p>\n<p><iframe loading=\"lazy\" src=\"https:\/\/www.youtube.com\/embed\/rELdPiQ4XIk?rel=0\" allowfullscreen=\"allowfullscreen\" width=\"640\" height=\"480\" frameborder=\"0\"><\/iframe><\/p>\n<p><iframe loading=\"lazy\" src=\"https:\/\/www.youtube.com\/embed\/mvI34yWVijU?rel=0\" allowfullscreen=\"allowfullscreen\" width=\"640\" height=\"360\" frameborder=\"0\"><\/iframe><\/p>\n<p style=\"text-align: justify;\"><span style=\"font-family: arial,helvetica,sans-serif; font-size: 14pt;\">Ahora es el momento de que apliques lo que has aprendido. Tendr\u00e1s que <strong>realizar una exposici\u00f3n oral<\/strong> ,sobre uno de los apartados de FOL20 que te indique tu profesor. La duraci\u00f3n m\u00e1xima de la exposici\u00f3n ser\u00e1 de <strong>5 minutos<\/strong>, utilizar\u00e1s una <strong>presentaci\u00f3n como apoyo<\/strong> visual(Power Point, Prezi, etc.) y la calificaci\u00f3n m\u00e1xima a obtener ser\u00e1 de <strong>1 punto<\/strong>.<\/span><\/p>\n<p style=\"text-align: justify;\"><span style=\"font-family: arial,helvetica,sans-serif; font-size: 14pt;\">Debajo, tienes la plantilla que va a utilizar el profesor para calificarte, lo que te servir\u00e1 de apoyo, para saber que puntos son los m\u00e1s importantes.<\/span><\/p>\n<p style=\"text-align: justify;\"><a href=\"http:\/\/fol20.robertoquiros.es\/wp-content\/uploads\/2015\/02\/Plantilla_evaluacion_Expo_oral_2016.xls\">Plantilla_evaluacion_Expo_oral<\/a><a href=\"http:\/\/fol20.robertoquiros.es\/wp-content\/uploads\/2015\/02\/icono-excel.png\"><img loading=\"lazy\" decoding=\"async\" class=\"alignnone wp-image-626\" src=\"http:\/\/fol20.robertoquiros.es\/wp-content\/uploads\/2015\/02\/icono-excel.png\" alt=\"icono excel\" width=\"26\" height=\"35\"><\/a><\/p>\n","protected":false},"excerpt":{"rendered":"<p>Primero vamos a abordar la teor\u00eda b\u00e1sica sobre exposiciones orales: Estos v\u00eddeos tambi\u00e9n te ser\u00e1 utiles: Ahora es el momento de que apliques lo que has aprendido. Tendr\u00e1s que realizar una exposici\u00f3n oral ,sobre uno de los apartados de FOL20 &hellip; <a href=\"https:\/\/fol20.robertoquiros.es\/?page_id=748\">Sigue leyendo <span class=\"meta-nav\">&rarr;<\/span><\/a><\/p>\n","protected":false},"author":1,"featured_media":0,"parent":9,"menu_order":11,"comment_status":"closed","ping_status":"open","template":"","meta":{"footnotes":""},"class_list":["post-748","page","type-page","status-publish","hentry"],"_links":{"self":[{"href":"https:\/\/fol20.robertoquiros.es\/index.php?rest_route=\/wp\/v2\/pages\/748","targetHints":{"allow":["GET"]}}],"collection":[{"href":"https:\/\/fol20.robertoquiros.es\/index.php?rest_route=\/wp\/v2\/pages"}],"about":[{"href":"https:\/\/fol20.robertoquiros.es\/index.php?rest_route=\/wp\/v2\/types\/page"}],"author":[{"embeddable":true,"href":"https:\/\/fol20.robertoquiros.es\/index.php?rest_route=\/wp\/v2\/users\/1"}],"replies":[{"embeddable":true,"href":"https:\/\/fol20.robertoquiros.es\/index.php?rest_route=%2Fwp%2Fv2%2Fcomments&post=748"}],"version-history":[{"count":8,"href":"https:\/\/fol20.robertoquiros.es\/index.php?rest_route=\/wp\/v2\/pages\/748\/revisions"}],"predecessor-version":[{"id":1580,"href":"https:\/\/fol20.robertoquiros.es\/index.php?rest_route=\/wp\/v2\/pages\/748\/revisions\/1580"}],"up":[{"embeddable":true,"href":"https:\/\/fol20.robertoquiros.es\/index.php?rest_route=\/wp\/v2\/pages\/9"}],"wp:attachment":[{"href":"https:\/\/fol20.robertoquiros.es\/index.php?rest_route=%2Fwp%2Fv2%2Fmedia&parent=748"}],"curies":[{"name":"wp","href":"https:\/\/api.w.org\/{rel}","templated":true}]}}