{"id":68,"date":"2015-01-29T12:38:44","date_gmt":"2015-01-29T11:38:44","guid":{"rendered":"http:\/\/folnuevo.fol20.es\/?page_id=68"},"modified":"2020-03-18T16:05:23","modified_gmt":"2020-03-18T15:05:23","slug":"7-2-comite-de-empresa","status":"publish","type":"page","link":"https:\/\/fol20.robertoquiros.es\/?page_id=68","title":{"rendered":"7.2 Comit\u00e9 de empresa"},"content":{"rendered":"<div class=\"art-layout-wrapper\">\n<div class=\"art-content-layout\">\n<div class=\"art-content-layout-row\">\n<div class=\"art-layout-cell art-content\">\n<div class=\"item-page\">\n<article class=\"art-post\">\n<div class=\"art-postcontent clearfix\">\n<div class=\"art-article\">\n<p align=\"JUSTIFY\">En las empresas que tienen 50 o m\u00e1s trabajadores, la representaci\u00f3n de los trabajadores se ejerce a trav\u00e9s de un \u00f3rgano denominado \u201cComit\u00e9 de Empresa\u00bb. El n\u00famero de miembros del Comit\u00e9 de Empresa var\u00eda seg\u00fan la siguiente tabla:<\/p>\n<table border=\"1\" width=\"681\" cellspacing=\"0\" cellpadding=\"0\">\n<colgroup>\n<col width=\"284\" \/>\n<col width=\"395\" \/> <\/colgroup>\n<tbody>\n<tr valign=\"TOP\">\n<td bgcolor=\"#f3f3f3\" width=\"284\" height=\"53\">\n<p align=\"CENTER\"><b>N\u00famero de <\/b><\/p>\n<p align=\"CENTER\"><b>trabajadores de la empresa<\/b><\/p>\n<\/td>\n<td bgcolor=\"#f3f3f3\" width=\"395\">\n<p align=\"CENTER\"><b>N\u00famero de <\/b><\/p>\n<p align=\"CENTER\"><b>miembros del Comit\u00e9 de Empresa<\/b><\/p>\n<\/td>\n<\/tr>\n<tr valign=\"TOP\">\n<td bgcolor=\"#ffffff\" width=\"284\" height=\"27\">\n<p align=\"CENTER\">De 50 a 100<\/p>\n<\/td>\n<td bgcolor=\"#ffffff\" width=\"395\">\n<p align=\"CENTER\">5<\/p>\n<\/td>\n<\/tr>\n<tr valign=\"TOP\">\n<td bgcolor=\"#ffffff\" width=\"284\" height=\"27\">\n<p align=\"CENTER\">De 101 a 250<\/p>\n<\/td>\n<td bgcolor=\"#ffffff\" width=\"395\">\n<p align=\"CENTER\">9<\/p>\n<\/td>\n<\/tr>\n<tr valign=\"TOP\">\n<td bgcolor=\"#ffffff\" width=\"284\" height=\"27\">\n<p align=\"CENTER\">De 251 a 500<\/p>\n<\/td>\n<td bgcolor=\"#ffffff\" width=\"395\">\n<p align=\"CENTER\">13<\/p>\n<\/td>\n<\/tr>\n<tr valign=\"TOP\">\n<td bgcolor=\"#ffffff\" width=\"284\" height=\"27\">\n<p align=\"CENTER\">De 501 a 750<\/p>\n<\/td>\n<td bgcolor=\"#ffffff\" width=\"395\">\n<p align=\"CENTER\">17<\/p>\n<\/td>\n<\/tr>\n<tr valign=\"TOP\">\n<td bgcolor=\"#ffffff\" width=\"284\" height=\"27\">\n<p align=\"CENTER\">De 751 a 1.000<\/p>\n<\/td>\n<td bgcolor=\"#ffffff\" width=\"395\">\n<p align=\"CENTER\">21<\/p>\n<\/td>\n<\/tr>\n<tr valign=\"TOP\">\n<td bgcolor=\"#ffffff\" width=\"284\" height=\"53\">\n<p align=\"CENTER\">De 1.001 en adelante<\/p>\n<\/td>\n<td bgcolor=\"#ffffff\" width=\"395\">\n<p align=\"CENTER\">2 miembros m\u00e1s por cada 1.000 trabadores adicionales o fracci\u00f3n, hasta un m\u00e1ximo de 75<\/p>\n<\/td>\n<\/tr>\n<\/tbody>\n<\/table>\n<p align=\"JUSTIFY\">El Comit\u00e9 de Empresa es un \u00f3rgano en el que est\u00e1n representados los trabajadores y la empresa, act\u00faa de forma colegiada (todos reunidos) y toma decisiones por mayor\u00eda. De entre sus miembros, elige un Presidente y un Secretario. Se re\u00fane, al menos, cada dos meses y siempre que lo solicite un tercio de sus miembros o de los trabajadores.<\/p>\n<\/div>\n<div class=\"art-article\">\n<p><a href=\"http:\/\/fol20.robertoquiros.es\/wp-content\/uploads\/2015\/02\/currantes.jpg\"><img loading=\"lazy\" decoding=\"async\" class=\" size-full wp-image-368 aligncenter\" src=\"http:\/\/fol20.robertoquiros.es\/wp-content\/uploads\/2015\/02\/currantes.jpg\" alt=\"currantes\" width=\"192\" height=\"250\" \/><\/a><\/p>\n<p align=\"center\"><strong>Calculo del n\u00famero de miembros de un Comit\u00e9 de empresa<\/strong><\/p>\n<p align=\"center\"><strong>\u00a0<\/strong><\/p>\n<p>Tenemos una empresa con 3.241 trabajadores.<\/p>\n<p>Como la empresa tiene 50 o m\u00e1s trabajadores, a estos, los representara un Comit\u00e9 de Empresa, con el siguiente numero de miembros:<\/p>\n<table border=\"1\" cellspacing=\"0\" cellpadding=\"0\" align=\"right\">\n<tbody>\n<tr>\n<td width=\"299\">\n<p align=\"center\">Por los 1000 primeros trabajadores<\/p>\n<p align=\"center\">\n<\/td>\n<td width=\"120\">\n<p align=\"center\">21<\/p>\n<\/td>\n<\/tr>\n<tr>\n<td width=\"299\">Por 1001 a 2000 trabajadores\u00a0\u00a0\u00a0\u00a0\u00a0\u00a0\u00a0\u00a0\u00a0\u00a0\u00a0\u00a0\u00a0\u00a0\u00a0\u00a0\u00a0\u00a0\u00a0\u00a0\u00a0\u00a0 +2<\/td>\n<\/tr>\n<\/tbody>\n<\/table>\n<p style=\"text-align: justify;\" align=\"center\">Por 2001 a 3000 trabajadores\u00a0\u00a0\u00a0\u00a0\u00a0\u00a0\u00a0\u00a0\u00a0 +2<\/p>\n<p style=\"text-align: justify;\" align=\"center\">Por 3001 a 3241 trabajadores\u00a0\u00a0\u00a0\u00a0\u00a0\u00a0\u00a0\u00a0\u00a0 +2<\/p>\n<p align=\"right\">\u00a0<strong> Total de miembros del Comit\u00e9 de Empresa = 27<\/strong><\/p>\n<p><strong>Comit\u00e9 de empresa conjunto<\/strong><\/p>\n<p>En la empresa que tengan en la misma provincia, o en municipios lim\u00edtrofes, dos o m\u00e1s centros de trabajo cuyos censos no alcancen los 50 trabajadores, pero que en su conjunto lo sumen, se constituir\u00e1 un comit\u00e9 de empresa conjunto. Cuando unos centros tengan 50 trabajadores y otros de la misma provincia no, en los primeros se constituir\u00e1n comit\u00e9s de empresa propios y con todos los segundos se constituir\u00e1 uno.<\/p>\n<p><strong>Comit\u00e9 de empresa intercentros<\/strong><\/p>\n<p>S\u00f3lo por convenio colectivo podr\u00e1 pactarse la constituci\u00f3n y funcionamiento de un comit\u00e9 intercentros con un m\u00e1ximo de 13 miembros, que ser\u00e1n designados de entre los componentes de los distintos comit\u00e9s de centro.<\/p>\n<p>En la constituci\u00f3n del comit\u00e9 intercentros se guardar\u00e1 la proporcionalidad de los sindicatos seg\u00fan los resultados electorales considerados globalmente.<\/p>\n<p>Tales comit\u00e9s intercentros no podr\u00e1n arrogarse otras funciones que las que expresamente se les conceda en el convenio colectivo en que se acuerde su creaci\u00f3n.<\/p>\n<\/div>\n<\/div>\n<\/article>\n<\/div>\n<\/div>\n<\/div>\n<\/div>\n<\/div>\n<footer class=\"art-footer\">\n<div class=\"art-content-layout\"><\/div>\n<\/footer>\n","protected":false},"excerpt":{"rendered":"<p>En las empresas que tienen 50 o m\u00e1s trabajadores, la representaci\u00f3n de los trabajadores se ejerce a trav\u00e9s de un \u00f3rgano denominado \u201cComit\u00e9 de Empresa\u00bb. El n\u00famero de miembros del Comit\u00e9 de Empresa var\u00eda seg\u00fan la siguiente tabla: N\u00famero de &hellip; <a href=\"https:\/\/fol20.robertoquiros.es\/?page_id=68\">Sigue leyendo <span class=\"meta-nav\">&rarr;<\/span><\/a><\/p>\n","protected":false},"author":1,"featured_media":0,"parent":17,"menu_order":2,"comment_status":"closed","ping_status":"open","template":"","meta":{"footnotes":""},"class_list":["post-68","page","type-page","status-publish","hentry"],"_links":{"self":[{"href":"https:\/\/fol20.robertoquiros.es\/index.php?rest_route=\/wp\/v2\/pages\/68","targetHints":{"allow":["GET"]}}],"collection":[{"href":"https:\/\/fol20.robertoquiros.es\/index.php?rest_route=\/wp\/v2\/pages"}],"about":[{"href":"https:\/\/fol20.robertoquiros.es\/index.php?rest_route=\/wp\/v2\/types\/page"}],"author":[{"embeddable":true,"href":"https:\/\/fol20.robertoquiros.es\/index.php?rest_route=\/wp\/v2\/users\/1"}],"replies":[{"embeddable":true,"href":"https:\/\/fol20.robertoquiros.es\/index.php?rest_route=%2Fwp%2Fv2%2Fcomments&post=68"}],"version-history":[{"count":5,"href":"https:\/\/fol20.robertoquiros.es\/index.php?rest_route=\/wp\/v2\/pages\/68\/revisions"}],"predecessor-version":[{"id":1523,"href":"https:\/\/fol20.robertoquiros.es\/index.php?rest_route=\/wp\/v2\/pages\/68\/revisions\/1523"}],"up":[{"embeddable":true,"href":"https:\/\/fol20.robertoquiros.es\/index.php?rest_route=\/wp\/v2\/pages\/17"}],"wp:attachment":[{"href":"https:\/\/fol20.robertoquiros.es\/index.php?rest_route=%2Fwp%2Fv2%2Fmedia&parent=68"}],"curies":[{"name":"wp","href":"https:\/\/api.w.org\/{rel}","templated":true}]}}