{"id":63,"date":"2015-01-29T12:31:44","date_gmt":"2015-01-29T11:31:44","guid":{"rendered":"http:\/\/folnuevo.fol20.es\/?page_id=63"},"modified":"2024-05-24T12:13:04","modified_gmt":"2024-05-24T11:13:04","slug":"6-9-subsidio-de-desempleo","status":"publish","type":"page","link":"https:\/\/fol20.robertoquiros.es\/?page_id=63","title":{"rendered":"6.9 Subsidio de desempleo"},"content":{"rendered":"<p align=\"JUSTIFY\">Tendr\u00e1n derecho a \u00e9l quienes hayan agotado la prestaci\u00f3n por desempleo:<\/p>\n<p align=\"JUSTIFY\"><img loading=\"lazy\" decoding=\"async\" class=\"aligncenter wp-image-56734 size-full\" src=\"https:\/\/www.uso.es\/wp-content\/uploads\/2024\/05\/sindicato-uso-nuevo-subsidio-prestacion-por-desempleo-e1716382551490.png\" alt=\"Prestaci\u00f3n y subsidio por desempleo: todos los cambios\" width=\"600\" height=\"300\" \/><\/p>\n<p>O quienes no re\u00fanan los requisitos de cotizaci\u00f3n m\u00ednima para cobrar la prestaci\u00f3n de desempleo:<\/p>\n<p><img loading=\"lazy\" decoding=\"async\" class=\"aligncenter wp-image-56735 size-full\" src=\"https:\/\/www.uso.es\/wp-content\/uploads\/2024\/05\/sindicato-uso-nuevo-subsidio-prestacion-por-desempleo-1-e1716382565827.png\" alt=\"Prestaci\u00f3n y subsidio por desempleo: todos los cambios\" width=\"600\" height=\"300\" \/><\/p>\n<h3>Cuant\u00eda del subsidio de desempleo<\/h3>\n<p>En porcentaje del IPREM:<\/p>\n<ul>\n<li>el 95 % durante los 180 primeros d\u00edas<\/li>\n<li>el 90 % desde el d\u00eda 181 al d\u00eda 360<\/li>\n<li>el 80 % a partir del d\u00eda 361<\/li>\n<\/ul>\n<h3>Compatibilidad del subsidio con el trabajo<\/h3>\n<p>Se podr\u00e1 cobrar subsidio y sueldo por trabajar durante un m\u00e1ximo de 180 d\u00edas.<\/p>\n<h3>Mayores de 52 a\u00f1os<\/h3>\n<p>Los mayores de 52 a\u00f1os que hayan agotado la prestaci\u00f3n de desempleo percibir\u00e1n un subsidio( sin limitaci\u00f3n en su duraci\u00f3n) del 80% del IPREM. En este caso, ademas, cotizar\u00e1n para la jubilaci\u00f3n, con una base del 125% de la base m\u00ednima de cotizaci\u00f3n a la Seguridad Social.<\/p>\n","protected":false},"excerpt":{"rendered":"<p>Tendr\u00e1n derecho a \u00e9l quienes hayan agotado la prestaci\u00f3n por desempleo: O quienes no re\u00fanan los requisitos de cotizaci\u00f3n m\u00ednima para cobrar la prestaci\u00f3n de desempleo: Cuant\u00eda del subsidio de desempleo En porcentaje del IPREM: el 95 % durante los &hellip; <a href=\"https:\/\/fol20.robertoquiros.es\/?page_id=63\">Sigue leyendo <span class=\"meta-nav\">&rarr;<\/span><\/a><\/p>\n","protected":false},"author":1,"featured_media":0,"parent":15,"menu_order":9,"comment_status":"closed","ping_status":"open","template":"","meta":{"footnotes":""},"class_list":["post-63","page","type-page","status-publish","hentry"],"_links":{"self":[{"href":"https:\/\/fol20.robertoquiros.es\/index.php?rest_route=\/wp\/v2\/pages\/63","targetHints":{"allow":["GET"]}}],"collection":[{"href":"https:\/\/fol20.robertoquiros.es\/index.php?rest_route=\/wp\/v2\/pages"}],"about":[{"href":"https:\/\/fol20.robertoquiros.es\/index.php?rest_route=\/wp\/v2\/types\/page"}],"author":[{"embeddable":true,"href":"https:\/\/fol20.robertoquiros.es\/index.php?rest_route=\/wp\/v2\/users\/1"}],"replies":[{"embeddable":true,"href":"https:\/\/fol20.robertoquiros.es\/index.php?rest_route=%2Fwp%2Fv2%2Fcomments&post=63"}],"version-history":[{"count":6,"href":"https:\/\/fol20.robertoquiros.es\/index.php?rest_route=\/wp\/v2\/pages\/63\/revisions"}],"predecessor-version":[{"id":1831,"href":"https:\/\/fol20.robertoquiros.es\/index.php?rest_route=\/wp\/v2\/pages\/63\/revisions\/1831"}],"up":[{"embeddable":true,"href":"https:\/\/fol20.robertoquiros.es\/index.php?rest_route=\/wp\/v2\/pages\/15"}],"wp:attachment":[{"href":"https:\/\/fol20.robertoquiros.es\/index.php?rest_route=%2Fwp%2Fv2%2Fmedia&parent=63"}],"curies":[{"name":"wp","href":"https:\/\/api.w.org\/{rel}","templated":true}]}}