{"id":54,"date":"2015-01-29T12:14:55","date_gmt":"2015-01-29T11:14:55","guid":{"rendered":"http:\/\/folnuevo.fol20.es\/?page_id=54"},"modified":"2020-03-18T15:55:45","modified_gmt":"2020-03-18T14:55:45","slug":"6-6-muerte-y-supervivencia","status":"publish","type":"page","link":"https:\/\/fol20.robertoquiros.es\/?page_id=54","title":{"rendered":"6.6 Muerte y Supervivencia"},"content":{"rendered":"<div class=\"art-article\">\n<p align=\"JUSTIFY\">La Seguridad Social establece tambi\u00e9n prestaciones dirigidas a los familiares que conviven y dependen econ\u00f3micamente del trabajador:<\/p>\n<table border=\"1\" width=\"761\" cellspacing=\"0\" cellpadding=\"9\">\n<colgroup>\n<col width=\"140\" \/>\n<col width=\"583\" \/> <\/colgroup>\n<tbody>\n<tr valign=\"TOP\">\n<td bgcolor=\"#191919\" width=\"140\">\n<p align=\"CENTER\"><span style=\"color: #ffffff;\"><span style=\"font-size: large;\"><b>Prestaci\u00f3n<\/b><\/span><\/span><\/p>\n<\/td>\n<td bgcolor=\"#191919\" width=\"583\">\n<p align=\"CENTER\"><span style=\"color: #ffffff;\"><span style=\"font-size: large;\"><b>Significado y alcance<\/b><\/span><\/span><\/p>\n<\/td>\n<\/tr>\n<tr valign=\"TOP\">\n<td width=\"140\">\n<p align=\"CENTER\"><b>Viudedad<\/b><\/p>\n<\/td>\n<td width=\"583\">\n<p align=\"JUSTIFY\">En este caso, el c\u00f3nyuge superviviente cobrar\u00e1 el 52 % de la base reguladora correspondiente.<\/p>\n<\/td>\n<\/tr>\n<tr valign=\"TOP\">\n<td width=\"140\">\n<p align=\"CENTER\"><b>Orfandad<\/b><\/p>\n<\/td>\n<td width=\"583\">\n<p align=\"JUSTIFY\">En este caso,<b> <\/b>el hu\u00e9rfano cobrar\u00e1 el 20% de la base reguladora correspondiente.<\/p>\n<\/td>\n<\/tr>\n<\/tbody>\n<\/table>\n<\/div>\n<div class=\"art-article\">\n<p><a href=\"http:\/\/fol20.robertoquiros.es\/wp-content\/uploads\/2015\/02\/ataud.jpg\"><img loading=\"lazy\" decoding=\"async\" class=\" size-full wp-image-352 aligncenter\" src=\"http:\/\/fol20.robertoquiros.es\/wp-content\/uploads\/2015\/02\/ataud.jpg\" alt=\"ataud\" width=\"600\" height=\"163\" srcset=\"https:\/\/fol20.robertoquiros.es\/wp-content\/uploads\/2015\/02\/ataud.jpg 600w, https:\/\/fol20.robertoquiros.es\/wp-content\/uploads\/2015\/02\/ataud-300x82.jpg 300w\" sizes=\"auto, (max-width: 600px) 100vw, 600px\" \/><\/a><\/p>\n<table style=\"border-color: #050505; background-color: #f0eded;\">\n<tbody>\n<tr>\n<td><strong>Pensi\u00f3n de viudedad<\/strong><\/p>\n<ul class=\"irdivjust\">\n<li>El <strong>52%<\/strong> de la base reguladora, con car\u00e1cter general.<\/li>\n<\/ul>\n<ul class=\"irdivjust\">\n<li>El <strong>70%<\/strong> de la base reguladora correspondiente siempre que, durante todo el per\u00edodo de percepci\u00f3n de la pensi\u00f3n, se cumplan los siguientes <strong>requisitos<\/strong>:<\/li>\n<\/ul>\n<ol class=\"irdivjust\">\n<li><em>Que el pensionista tenga cargas familiares<\/em>. Se entiende que existen cargas familiares cuando:\n<ul class=\"irdivjust\">\n<li>Conviva con hijos menores de 26 a\u00f1os o mayores incapacitados, o menores acogidos. A estos efectos, se considera que existe incapacidad cuando acredite una\u00a0discapacidad igual o superior al 33%.<\/li>\n<li>Los rendimientos de la unidad familiar, incluido el propio pensionista, divididos entre el n\u00famero de miembros que la componen, no superen, en c\u00f3mputo anual, el 75% del salario m\u00ednimo interprofesional vigente en cada momento, excluida la parte proporcional de las dos pagas extraordinarias.<\/li>\n<\/ul>\n<\/li>\n<li><em>Que la pensi\u00f3n de viudedad constituya la principal o \u00fanica fuente de ingresos<\/em>, entendiendo que se cumple este requisito cuando el importe anual de la pensi\u00f3n sea superior al 50% del total de los ingresos del pensionista.<\/li>\n<li class=\"irdivjust\"><em>Que los rendimientos anuales del pensionista por todos los conceptos no superen<\/em> la cuant\u00eda resultante de sumar al l\u00edmite que, en cada ejercicio econ\u00f3mico, est\u00e9 previsto para el reconocimiento de los complementos por m\u00ednimos de las pensiones contributivas, el importe anual que, en cada ejercicio econ\u00f3mico, corresponda a la pensi\u00f3n m\u00ednima de viudedad con cargas familiares. A partir de 01-01-2015, el l\u00edmite de ingresos es de 17.371,63 <span class=\"irabbr\" title=\"Euro\"><abbr lang=\"es\" title=\"Euro\">\u20ac<\/abbr><\/span> anuales (7.098,43 + 10.273,20).La pensi\u00f3n de viudedad, en c\u00f3mputo anual, m\u00e1s los rendimientos anuales del pensionista, no pueden exceder el l\u00edmite de ingresos del p\u00e1rrafo anterior. En caso contrario, se reducir\u00e1 la cuant\u00eda de la pensi\u00f3n de viudedad a fin de no superar dicho l\u00edmite.Los tres requisitos exigidos deben concurrir simult\u00e1neamente. La p\u00e9rdida de uno de ellos motivar\u00e1 la aplicaci\u00f3n del porcentaje del 52% con efectos desde el d\u00eda 1 del mes siguiente a aqu\u00e9l en que deje de concurrir dicho requisito.<\/li>\n<\/ol>\n<\/td>\n<\/tr>\n<\/tbody>\n<\/table>\n<p><strong>Pensi\u00f3n de orfandad<\/strong><\/p>\n<ul>\n<li>\n<div class=\"irdivjust\"><strong>Porcentaje: <\/strong>el 20% de la <a href=\"http:\/\/www.seg-social.es\/Internet_1\/Trabajadores\/PrestacionesPension10935\/Muerteysupervivencia\/RegimenGeneral\/Orfandad\/CuantiaAbono\/ssNODELINK\/28492#28624\">base reguladora<\/a>.<\/div>\n<\/li>\n<\/ul>\n<ul>\n<li>\n<div class=\"irdivjust\"><em>Si el fallecimiento ha sido debido a accidente de trabajo (AT) o enfermedad profesional (EP),<\/em> se concede, adem\u00e1s, a cada hu\u00e9rfano una <a href=\"http:\/\/www.seg-social.es\/Internet_1\/Trabajadores\/PrestacionesPension10935\/Muerteysupervivencia\/RegimenGeneral\/Orfandad\/CuantiaAbono\/ssNODELINK\/28568\">indemnizaci\u00f3n<\/a>\u00a0especial de una mensualidad de la base reguladora.<\/div>\n<\/li>\n<\/ul>\n<ul>\n<li>\n<div class=\"irdivjust\"><em>En los casos de\u00a0orfandad absoluta,<\/em> las prestaciones correspondientes al hu\u00e9rfano se incrementar\u00e1n en los t\u00e9rminos y condiciones siguientes:<\/div>\n<\/li>\n<\/ul>\n<ol class=\"irdivjust\">\n<li>Cuando a la muerte del causante no exista beneficiario de la pensi\u00f3n de viudedad,\u00a0la cuant\u00eda de la pensi\u00f3n de orfandad se incrementar\u00e1 con el importe resultante de aplicar a la base reguladora el\u00a052%.<\/li>\n<\/ol>\n<p class=\"irdivjust\">En la fecha del fallecimiento del causante, los hijos deben ser:<\/p>\n<ul class=\"irdivjust\">\n<li>\n<div class=\"irdivjust\">Con car\u00e1cter general, menores de\u00a021 a\u00f1os o mayores que tengan reducida su capacidad de trabajo en un porcentaje valorado en grado de incapacidad permanente absoluta o gran invalidez (aplicable desde 02-08-2011).<\/div>\n<\/li>\n<\/ul>\n<ul class=\"irdivjust\">\n<li>\n<div class=\"irdivjust\">En los casos de orfandad absoluta (inexistencia de progenitores o adoptantes) y de hu\u00e9rfanos con una discapacidad igual o superior al 33%:<\/div>\n<ul class=\"irdivjust\">\n<li>Cuando el hu\u00e9rfano no efect\u00fae un trabajo lucrativo por cuenta ajena o propia, o cuando realiz\u00e1ndolo,\u00a0los <a href=\"http:\/\/www.seg-social.es\/Internet_1\/Trabajadores\/PrestacionesPension10935\/Muerteysupervivencia\/RegimenGeneral\/Orfandad\/Beneficiarios\/ssLINK\/095093#Disposici%C3%B3n%20adicional%20sexag%C3%A9sima%20segunda\">ingresos<\/a> que obtenga resulten inferiores, en c\u00f3mputo anual,\u00a0a la cuant\u00eda vigente\u00a0del <acronym lang=\"es\" title=\"Salario M\u00ednimo Interprofesional\"><a href=\"http:\/\/www.seg-social.es\/Internet_1\/Trabajadores\/PrestacionesPension10935\/Muerteysupervivencia\/RegimenGeneral\/Orfandad\/Beneficiarios\/ssNODELINK\/730\">SMI<\/a><\/acronym>\u00a0 que se fije en cada momento, tambi\u00e9n en c\u00f3mputo anual, la edad se ampl\u00eda hasta\u00a0los 25 a\u00f1os (aplicable desde 02-08-2011).<\/li>\n<li>Si el hu\u00e9rfano estuviera cursando estudios y cumpliera los 25 a\u00f1os durante el transcurso del curso escolar, la percepci\u00f3n de la pensi\u00f3n de orfandad se mantendr\u00e1 hasta el d\u00eda primero del mes inmediatamente posterior al de inicio del siguiente curso acad\u00e9mico.<\/li>\n<\/ul>\n<\/li>\n<li>\n<div class=\"irdivjust\">En los casos de orfandad simple (cuando sobreviva uno de los progenitores o adoptantes):<\/div>\n<ul>\n<li>\n<div class=\"irdivjust\">Si el hu\u00e9rfano no\u00a0trabaja o sus ingresos son inferiores al SMI, el l\u00edmite de los 25 a\u00f1os ser\u00e1 aplicable a partir\u00a0de 01-01-2014. Hasta dicha fecha, el l\u00edmite ser\u00e1: durante el a\u00f1o 2011,\u00a022 a\u00f1os; durante el a\u00f1o 2012,\u00a023 a\u00f1os y, durante\u00a02013,\u00a0de 24 a\u00f1os.<\/div>\n<\/li>\n<\/ul>\n<ul>\n<li>\n<div class=\"irdivjust\">Si el hu\u00e9rfano estuviera cursando estudios y cumpliera los 25 a\u00f1os durante el transcurso del curso escolar, la percepci\u00f3n de la pensi\u00f3n de orfandad se mantendr\u00e1 hasta el d\u00eda primero del mes inmediatamente posterior al de inicio del siguiente curso acad\u00e9mico.<\/div>\n<\/li>\n<\/ul>\n<\/li>\n<\/ul>\n<table style=\"border-color: #050505; background-color: #ede8e8;\" border=\"6\" cellpadding=\"6\">\n<tbody>\n<tr style=\"border-color: #030202;\">\n<td style=\"border-color: #050505;\"><strong>Pensi\u00f3n en favor de familiares<\/strong><\/p>\n<div class=\"capa_contenido_bloques\">\n<h3>Beneficiarios<\/h3>\n<\/div>\n<div>\n<div class=\"capa_contenido_bloques\">\n<ul>\n<li>\n<div class=\"irdivjust\"><strong>Nietos y hermanos, <\/strong>hu\u00e9rfanos de padre y madre, varones o mujeres, siempre que en la fecha del fallecimiento sean:<\/div>\n<ul>\n<li>\n<div class=\"irdivjust\">Menores de 18 a\u00f1os o mayores que tengan reducida su capacidad de trabajo en un porcentaje valorado en grado de <a href=\"http:\/\/www.seg-social.es\/Internet_1\/Trabajadores\/PrestacionesPension10935\/Muerteysupervivencia\/RegimenGeneral\/Pensionenfavordefam28536\/Beneficiarios\/ssNODELINK\/28751\">incapacidad permanente absoluta o gran invalidez<\/a>.<\/div>\n<\/li>\n<li>\n<div class=\"irdivjust\">Menores de 22 a\u00f1os, cuando no efect\u00faan un trabajo lucrativo o cuando, realiz\u00e1ndolo, los ingresos que obtengan, en c\u00f3mputo anual, no superen el l\u00edmite del 75% del salario m\u00ednimo interprofesional que se fije en cada momento, tambi\u00e9n en c\u00f3mputo anual.<\/div>\n<\/li>\n<\/ul>\n<\/li>\n<li>\n<div class=\"irdivjust\"><strong>Madre y abuelas <\/strong>viudas, solteras, casadas, cuyo marido sea mayor de 60 a\u00f1os o est\u00e9 incapacitado para el trabajo, separadas judicialmente o divorciadas.<\/div>\n<\/li>\n<li>\n<div class=\"irdivjust\"><strong>Padre y abuelos <\/strong>con 60 a\u00f1os cumplidos o incapacitados para todo trabajo.<\/div>\n<\/li>\n<li>\n<div class=\"irdivjust\"><strong>Hijos y hermanos <\/strong>de pensionistas de <a href=\"http:\/\/www.seg-social.es\/Internet_1\/Trabajadores\/PrestacionesPension10935\/Muerteysupervivencia\/RegimenGeneral\/Pensionenfavordefam28536\/Beneficiarios\/ssNODELINK\/10963\">jubilaci\u00f3n<\/a> o <a href=\"http:\/\/www.seg-social.es\/Internet_1\/Trabajadores\/PrestacionesPension10935\/Muerteysupervivencia\/RegimenGeneral\/Pensionenfavordefam28536\/Beneficiarios\/ssNODELINK\/10960\">incapacidad permanente<\/a>, ambas en su modalidad contributiva, o de aquellos trabajadores que al fallecer reun\u00edan los requisitos para el reconocimiento del derecho a pensi\u00f3n de jubilaci\u00f3n o de incapacidad permanente (cuyo expediente de incapacidad permanente se encontrara pendiente de resoluci\u00f3n), varones o mujeres mayores de 45 a\u00f1os, que est\u00e9n solteros, viudos, separados judicialmente o divorciados, siempre que acrediten dedicaci\u00f3n prolongada al cuidado del causante.<\/div>\n<\/li>\n<\/ul>\n<p class=\"irdivjust\">Todos los beneficiarios deber\u00e1n cumplir, adem\u00e1s, los siguientes <strong>requisitos<\/strong>:<\/p>\n<ul>\n<li>\n<div class=\"irdivjust\">Haber convivido con el <a href=\"http:\/\/www.seg-social.es\/Internet_1\/Trabajadores\/PrestacionesPension10935\/Muerteysupervivencia\/RegimenGeneral\/Pensionenfavordefam28536\/Beneficiarios\/ssNODELINK\/28490#6585\">causante<\/a>\u00a0y a sus expensas con 2 a\u00f1os de antelaci\u00f3n al fallecimiento de aqu\u00e9l o desde la muerte del familiar con el que convivieran, si \u00e9sta hubiera ocurrido dentro de dicho per\u00edodo.<\/div>\n<\/li>\n<li>\n<div class=\"irdivjust\">No tener derecho a pensi\u00f3n p\u00fablica.<\/div>\n<\/li>\n<li>\n<div class=\"irdivjust\">Carecer de medios de subsistencia, por tener ingresos econ\u00f3micos iguales o inferiores al salario m\u00ednimo interprofesional, y de familiares con obligaci\u00f3n y posibilidad de prestarles alimentos.<\/div>\n<\/li>\n<\/ul>\n<p class=\"irpdos\">Est\u00e1n obligados a prestarse alimentos, seg\u00fan lo establecido en los art\u00edculos 142 y 143 del C\u00f3digo Civil, los c\u00f3nyuges, ascendientes y descendientes; los hermanos s\u00f3lo se deben los \u00abauxilios necesarios para la vida\u00bb, por lo que quedan excluidos de la obligaci\u00f3n de prestar alimentos.<\/p>\n<p class=\"irdivjust\">La cuant\u00eda se obtiene aplicando el porcentaje del 20% a la <a href=\"http:\/\/www.seg-social.es\/Internet_1\/Trabajadores\/PrestacionesPension10935\/Muerteysupervivencia\/RegimenGeneral\/Pensionenfavordefam28536\/CuantiaAbono\/ssNODELINK\/28492#28624\">base reguladora<\/a>, con el l\u00edmite m\u00e1ximo establecido:<\/p>\n<ul class=\"irdivjust\">\n<li>Cuando existan varios beneficiarios, la suma de las cuant\u00edas de las prestaciones por muerte y supervivencia no puede exceder del 100% de la base reguladora que corresponda. Esta limitaci\u00f3n se aplicar\u00e1 a la cuant\u00eda\u00a0inicial, pero no afectar\u00e1 a las revalorizaciones peri\u00f3dicas que procedan en lo sucesivo.A efectos de esta limitaci\u00f3n, las pensiones de orfandad tienen preferencia sobre las \u00abpensiones\u00bb en favor de otros familiares y, por lo que respecta a\u00a0\u00e9stas, el orden de preferencia es el siguiente:<\/li>\n<\/ul>\n<ol class=\"irdivjust\">\n<li style=\"list-style-type: none;\">\n<ol class=\"irdivjust\">\n<li>Nietos y hermanos, menores de 18 a\u00f1os o mayores incapacitados, del causante.<\/li>\n<li>Padre y madre del causante.<\/li>\n<li>Abuelos y abuelas del causante.<\/li>\n<li>Hijos y hermanos del pensionista de jubilaci\u00f3n o incapacidad permanente, en su modalidad contributiva, mayores de 45 a\u00f1os y que re\u00fanan los dem\u00e1s requisitos establecidos.<\/li>\n<\/ol>\n<\/li>\n<\/ol>\n<\/div>\n<\/div>\n<table border=\"6\" cellpadding=\"6\">\n<tbody>\n<tr>\n<td><\/td>\n<\/tr>\n<\/tbody>\n<\/table>\n<\/td>\n<\/tr>\n<\/tbody>\n<\/table>\n<p><a href=\"http:\/\/www.seg-social.es\/Internet_1\/Masinformacion\/TramitesyGestiones\/Prestacionesdemuert45659\/index.htm\" target=\"_blank\" rel=\"noopener noreferrer\">M\u00e1s informaci\u00f3n <\/a><a href=\"http:\/\/fol20.robertoquiros.es\/wp-content\/uploads\/2015\/02\/icono-mozilla2.png\"><img loading=\"lazy\" decoding=\"async\" class=\"alignnone wp-image-629\" src=\"http:\/\/fol20.robertoquiros.es\/wp-content\/uploads\/2015\/02\/icono-mozilla2.png\" alt=\"icono mozilla2\" width=\"36\" height=\"36\" \/><\/a><\/p>\n<\/div>\n","protected":false},"excerpt":{"rendered":"<p>La Seguridad Social establece tambi\u00e9n prestaciones dirigidas a los familiares que conviven y dependen econ\u00f3micamente del trabajador: Prestaci\u00f3n Significado y alcance Viudedad En este caso, el c\u00f3nyuge superviviente cobrar\u00e1 el 52 % de la base reguladora correspondiente. Orfandad En este &hellip; <a href=\"https:\/\/fol20.robertoquiros.es\/?page_id=54\">Sigue leyendo <span class=\"meta-nav\">&rarr;<\/span><\/a><\/p>\n","protected":false},"author":1,"featured_media":0,"parent":15,"menu_order":6,"comment_status":"closed","ping_status":"open","template":"","meta":{"footnotes":""},"class_list":["post-54","page","type-page","status-publish","hentry"],"_links":{"self":[{"href":"https:\/\/fol20.robertoquiros.es\/index.php?rest_route=\/wp\/v2\/pages\/54","targetHints":{"allow":["GET"]}}],"collection":[{"href":"https:\/\/fol20.robertoquiros.es\/index.php?rest_route=\/wp\/v2\/pages"}],"about":[{"href":"https:\/\/fol20.robertoquiros.es\/index.php?rest_route=\/wp\/v2\/types\/page"}],"author":[{"embeddable":true,"href":"https:\/\/fol20.robertoquiros.es\/index.php?rest_route=\/wp\/v2\/users\/1"}],"replies":[{"embeddable":true,"href":"https:\/\/fol20.robertoquiros.es\/index.php?rest_route=%2Fwp%2Fv2%2Fcomments&post=54"}],"version-history":[{"count":4,"href":"https:\/\/fol20.robertoquiros.es\/index.php?rest_route=\/wp\/v2\/pages\/54\/revisions"}],"predecessor-version":[{"id":1517,"href":"https:\/\/fol20.robertoquiros.es\/index.php?rest_route=\/wp\/v2\/pages\/54\/revisions\/1517"}],"up":[{"embeddable":true,"href":"https:\/\/fol20.robertoquiros.es\/index.php?rest_route=\/wp\/v2\/pages\/15"}],"wp:attachment":[{"href":"https:\/\/fol20.robertoquiros.es\/index.php?rest_route=%2Fwp%2Fv2%2Fmedia&parent=54"}],"curies":[{"name":"wp","href":"https:\/\/api.w.org\/{rel}","templated":true}]}}