{"id":31,"date":"2015-01-29T09:10:06","date_gmt":"2015-01-29T08:10:06","guid":{"rendered":"http:\/\/folnuevo.fol20.es\/?page_id=31"},"modified":"2020-03-18T15:51:35","modified_gmt":"2020-03-18T14:51:35","slug":"6-2-financiacion-s-s","status":"publish","type":"page","link":"https:\/\/fol20.robertoquiros.es\/?page_id=31","title":{"rendered":"6.2 Financiaci\u00f3n S.S."},"content":{"rendered":"<p align=\"JUSTIFY\">La gesti\u00f3n de la Seguridad Social, es muy compleja y la llevan a cabo diferentes organismos p\u00fablicos que reciben la denominaci\u00f3n de entidades gestoras.<\/p>\n<p align=\"JUSTIFY\">En cuanto a la financiaci\u00f3n, la Seguridad Social recibe fondos aportados por las cotizaciones que pagan los empresarios y los trabajadores.<\/p>\n<p><iframe loading=\"lazy\" style=\"border-style: solid; border-color: #cccccc; -moz-border-top-colors: none; -moz-border-right-colors: none; -moz-border-bottom-colors: none; -moz-border-left-colors: none; border-width: 1px 1px 0px; margin-bottom: 5px; display: block; margin-left: auto; margin-right: auto;\" src=\"http:\/\/www.slideshare.net\/slideshow\/embed_code\/16336030\" width=\"597\" height=\"486\" frameborder=\"0\" marginwidth=\"0\" marginheight=\"0\" scrolling=\"no\" allowfullscreen=\"allowfullscreen\"> <\/iframe><\/p>\n<div style=\"margin-bottom: 5px;\"><\/div>\n","protected":false},"excerpt":{"rendered":"<p>La gesti\u00f3n de la Seguridad Social, es muy compleja y la llevan a cabo diferentes organismos p\u00fablicos que reciben la denominaci\u00f3n de entidades gestoras. En cuanto a la financiaci\u00f3n, la Seguridad Social recibe fondos aportados por las cotizaciones que pagan &hellip; <a href=\"https:\/\/fol20.robertoquiros.es\/?page_id=31\">Sigue leyendo <span class=\"meta-nav\">&rarr;<\/span><\/a><\/p>\n","protected":false},"author":1,"featured_media":0,"parent":15,"menu_order":2,"comment_status":"closed","ping_status":"open","template":"","meta":{"footnotes":""},"class_list":["post-31","page","type-page","status-publish","hentry"],"_links":{"self":[{"href":"https:\/\/fol20.robertoquiros.es\/index.php?rest_route=\/wp\/v2\/pages\/31","targetHints":{"allow":["GET"]}}],"collection":[{"href":"https:\/\/fol20.robertoquiros.es\/index.php?rest_route=\/wp\/v2\/pages"}],"about":[{"href":"https:\/\/fol20.robertoquiros.es\/index.php?rest_route=\/wp\/v2\/types\/page"}],"author":[{"embeddable":true,"href":"https:\/\/fol20.robertoquiros.es\/index.php?rest_route=\/wp\/v2\/users\/1"}],"replies":[{"embeddable":true,"href":"https:\/\/fol20.robertoquiros.es\/index.php?rest_route=%2Fwp%2Fv2%2Fcomments&post=31"}],"version-history":[{"count":3,"href":"https:\/\/fol20.robertoquiros.es\/index.php?rest_route=\/wp\/v2\/pages\/31\/revisions"}],"predecessor-version":[{"id":1514,"href":"https:\/\/fol20.robertoquiros.es\/index.php?rest_route=\/wp\/v2\/pages\/31\/revisions\/1514"}],"up":[{"embeddable":true,"href":"https:\/\/fol20.robertoquiros.es\/index.php?rest_route=\/wp\/v2\/pages\/15"}],"wp:attachment":[{"href":"https:\/\/fol20.robertoquiros.es\/index.php?rest_route=%2Fwp%2Fv2%2Fmedia&parent=31"}],"curies":[{"name":"wp","href":"https:\/\/api.w.org\/{rel}","templated":true}]}}