{"id":300,"date":"2015-01-31T09:11:35","date_gmt":"2015-01-31T08:11:35","guid":{"rendered":"http:\/\/folnuevo.fol20.es\/?page_id=300"},"modified":"2020-11-24T09:10:56","modified_gmt":"2020-11-24T08:10:56","slug":"hoja-evaluacion","status":"publish","type":"page","link":"https:\/\/fol20.robertoquiros.es\/?page_id=300","title":{"rendered":"Hoja evaluaci\u00f3n"},"content":{"rendered":"<div class=\"art-layout-wrapper\">\n<div class=\"art-content-layout\">\n<div class=\"art-content-layout-row\">\n<div class=\"art-layout-cell art-content\">\n<div class=\"item-page\">\n<article class=\"art-post\">\n<div class=\"art-postcontent clearfix\">\n<div class=\"art-article\">\n<p>Puedes utilizar esta hoja de c\u00e1lculo si te es \u00fatil para realizar la evaluaci\u00f3n de los alumnos:<\/p>\n<p><a href=\"http:\/\/fol20.robertoquiros.es\/wp-content\/uploads\/2015\/02\/hoja_evaluacion.xls\">hoja_evaluacion<\/a><a href=\"http:\/\/fol20.robertoquiros.es\/wp-content\/uploads\/2015\/02\/icono-excel.png\"><img loading=\"lazy\" decoding=\"async\" class=\"alignnone  wp-image-626\" src=\"http:\/\/fol20.robertoquiros.es\/wp-content\/uploads\/2015\/02\/icono-excel.png\" alt=\"icono excel\" width=\"26\" height=\"35\"><\/a><\/p>\n<\/div>\n<\/div>\n<\/article>\n<\/div>\n<\/div>\n<\/div>\n<\/div>\n<\/div>\n<footer class=\"art-footer\">\n<div class=\"art-content-layout\"><\/div>\n<\/footer>\n","protected":false},"excerpt":{"rendered":"<p>Puedes utilizar esta hoja de c\u00e1lculo si te es \u00fatil para realizar la evaluaci\u00f3n de los alumnos: hoja_evaluacion<\/p>\n","protected":false},"author":1,"featured_media":0,"parent":0,"menu_order":15,"comment_status":"closed","ping_status":"open","template":"","meta":{"footnotes":""},"class_list":["post-300","page","type-page","status-publish","hentry"],"_links":{"self":[{"href":"https:\/\/fol20.robertoquiros.es\/index.php?rest_route=\/wp\/v2\/pages\/300","targetHints":{"allow":["GET"]}}],"collection":[{"href":"https:\/\/fol20.robertoquiros.es\/index.php?rest_route=\/wp\/v2\/pages"}],"about":[{"href":"https:\/\/fol20.robertoquiros.es\/index.php?rest_route=\/wp\/v2\/types\/page"}],"author":[{"embeddable":true,"href":"https:\/\/fol20.robertoquiros.es\/index.php?rest_route=\/wp\/v2\/users\/1"}],"replies":[{"embeddable":true,"href":"https:\/\/fol20.robertoquiros.es\/index.php?rest_route=%2Fwp%2Fv2%2Fcomments&post=300"}],"version-history":[{"count":4,"href":"https:\/\/fol20.robertoquiros.es\/index.php?rest_route=\/wp\/v2\/pages\/300\/revisions"}],"predecessor-version":[{"id":1592,"href":"https:\/\/fol20.robertoquiros.es\/index.php?rest_route=\/wp\/v2\/pages\/300\/revisions\/1592"}],"wp:attachment":[{"href":"https:\/\/fol20.robertoquiros.es\/index.php?rest_route=%2Fwp%2Fv2%2Fmedia&parent=300"}],"curies":[{"name":"wp","href":"https:\/\/api.w.org\/{rel}","templated":true}]}}