{"id":282,"date":"2015-01-29T21:58:36","date_gmt":"2015-01-29T20:58:36","guid":{"rendered":"http:\/\/folnuevo.fol20.es\/?page_id=282"},"modified":"2021-02-24T08:26:53","modified_gmt":"2021-02-24T07:26:53","slug":"5-9-casos-finiquitos","status":"publish","type":"page","link":"https:\/\/fol20.robertoquiros.es\/?page_id=282","title":{"rendered":"5.9 Casos finiquitos"},"content":{"rendered":"<div class=\"art-layout-wrapper\">\n<div class=\"art-content-layout\">\n<div class=\"art-content-layout-row\">\n<div class=\"art-layout-cell art-content\">\n<div class=\"item-page\">\n<article class=\"art-post\">\n<div class=\"art-postmetadataheader\">\n<p align=\"JUSTIFY\">Se conoce por \u201cfiniquito\u201d la liquidaci\u00f3n que el empresario debe abonar al trabajador de las cantidades que todav\u00eda tiene pendientes de cobro. El finiquito incluye tres apartados: salarios pendientes de cobro, vacaciones pendientes de disfrute, y pagas extras pendientes de cobro.<\/p>\n<p align=\"CENTER\"><span style=\"color: #0000ff; background-color: #ccffff;\"><span style=\"font-family: Calibri, sans-serif;\"><span style=\"font-size: large; background-color: #ccffff;\"><b>RECUERDA que\u2026<\/b><\/span><\/span><\/span><\/p>\n<p align=\"CENTER\"><span style=\"color: #0000ff; background-color: #ccffff;\"><span style=\"font-family: Calibri, sans-serif;\"><b>Un trabajador siempre tiene derecho a cobrar el finiquito, no importa la causa de despido o extinci\u00f3n del contrato.<\/b><\/span><\/span><\/p>\n<p align=\"CENTER\"><span style=\"color: #0000ff; background-color: #ccffff;\"><span style=\"font-family: Calibri, sans-serif;\"><b>Si tienes dudas respecto a las cantidades que te deben abonar, no es conveniente que firmes una liquidaci\u00f3n, salvo que est\u00e9s seguro y te la abonen en met\u00e1lico.<\/b><\/span><\/span><\/p>\n<\/div>\n<div class=\"art-postcontent clearfix\">\n<div class=\"art-article\">\n<p><a href=\"http:\/\/fol20.robertoquiros.es\/wp-content\/uploads\/2015\/02\/justicia.jpg\"><img loading=\"lazy\" decoding=\"async\" class=\" size-full wp-image-426 alignright\" src=\"http:\/\/fol20.robertoquiros.es\/wp-content\/uploads\/2015\/02\/justicia.jpg\" alt=\"justicia\" width=\"308\" height=\"467\" srcset=\"https:\/\/fol20.robertoquiros.es\/wp-content\/uploads\/2015\/02\/justicia.jpg 308w, https:\/\/fol20.robertoquiros.es\/wp-content\/uploads\/2015\/02\/justicia-198x300.jpg 198w\" sizes=\"auto, (max-width: 308px) 100vw, 308px\" \/><\/a><\/p>\n<p><a href=\"http:\/\/fol20.robertoquiros.es\/wp-content\/uploads\/2015\/02\/liquidacion_e_indemnizacion_condi_mensuales.pdf\">liquidacion_e_indemnizacion_condi_mensuales<\/a><a href=\"http:\/\/fol20.robertoquiros.es\/wp-content\/uploads\/2015\/02\/icono-pdf.png\"><img loading=\"lazy\" decoding=\"async\" class=\"alignnone wp-image-630\" src=\"http:\/\/fol20.robertoquiros.es\/wp-content\/uploads\/2015\/02\/icono-pdf.png\" alt=\"icono pdf\" width=\"26\" height=\"38\" \/><\/a><\/p>\n<p><a href=\"http:\/\/fol20.robertoquiros.es\/wp-content\/uploads\/2015\/02\/liquidacion_e_indemnizacion_ejemplo_condi_mensuales_ejemplo.xls\">liquidacion_e_indemnizacion_ejemplo_condi_mensuales_ejemplo<\/a><a href=\"http:\/\/fol20.robertoquiros.es\/wp-content\/uploads\/2015\/02\/icono-excel.png\"><img loading=\"lazy\" decoding=\"async\" class=\"alignnone wp-image-626\" src=\"http:\/\/fol20.robertoquiros.es\/wp-content\/uploads\/2015\/02\/icono-excel.png\" alt=\"icono excel\" width=\"26\" height=\"35\" \/><\/a><\/p>\n<p><a href=\"http:\/\/fol20.robertoquiros.es\/wp-content\/uploads\/2015\/02\/liquidacion_e_indemnizacion_condi_diarias_ejemplo.xls\">liquidacion_e_indemnizacion_condi_diarias_ejemplo<\/a>\u00a0<a href=\"http:\/\/fol20.robertoquiros.es\/wp-content\/uploads\/2015\/02\/icono-excel.png\"><img loading=\"lazy\" decoding=\"async\" class=\"alignnone wp-image-626\" src=\"http:\/\/fol20.robertoquiros.es\/wp-content\/uploads\/2015\/02\/icono-excel.png\" alt=\"icono excel\" width=\"26\" height=\"35\" \/><\/a><\/p>\n<p><a href=\"http:\/\/fol20.robertoquiros.es\/wp-content\/uploads\/2021\/02\/5-9_Casos_practicos_a_resolver_finiquitos_e_indemnizaciones.doc\" target=\"_blank\" rel=\"noopener\">5-9_Casos_practicos_a_resolver_finiquitos_e_indemnizaciones<\/a><a href=\"http:\/\/fol20.robertoquiros.es\/wp-content\/uploads\/2015\/02\/icono-word.png\"><img loading=\"lazy\" decoding=\"async\" class=\"alignnone wp-image-632\" src=\"http:\/\/fol20.robertoquiros.es\/wp-content\/uploads\/2015\/02\/icono-word.png\" alt=\"icono word\" width=\"26\" height=\"35\" \/><\/a><\/p>\n<p><a href=\"http:\/\/fol20.robertoquiros.es\/wp-content\/uploads\/2015\/02\/liquidacion_e_indemnizacion_condi_mensuales.xls\">liquidacion_e_indemnizacion_condi_mensuales<\/a><a href=\"http:\/\/fol20.robertoquiros.es\/wp-content\/uploads\/2015\/02\/icono-excel.png\"><img loading=\"lazy\" decoding=\"async\" class=\"alignnone wp-image-626\" src=\"http:\/\/fol20.robertoquiros.es\/wp-content\/uploads\/2015\/02\/icono-excel.png\" alt=\"icono excel\" width=\"26\" height=\"35\" \/><\/a><\/p>\n<p><a href=\"http:\/\/fol20.robertoquiros.es\/wp-content\/uploads\/2015\/02\/liquidacion_e_indemnizacion_condi_diarias.xls\">liquidacion_e_indemnizacion_condi_diarias<\/a>\u00a0<a href=\"http:\/\/fol20.robertoquiros.es\/wp-content\/uploads\/2015\/02\/icono-excel.png\"><img loading=\"lazy\" decoding=\"async\" class=\"alignnone wp-image-626\" src=\"http:\/\/fol20.robertoquiros.es\/wp-content\/uploads\/2015\/02\/icono-excel.png\" alt=\"icono excel\" width=\"26\" height=\"35\" \/><\/a><\/p>\n<\/div>\n<\/div>\n<\/article>\n<\/div>\n<\/div>\n<\/div>\n<\/div>\n<\/div>\n","protected":false},"excerpt":{"rendered":"<p>Se conoce por \u201cfiniquito\u201d la liquidaci\u00f3n que el empresario debe abonar al trabajador de las cantidades que todav\u00eda tiene pendientes de cobro. El finiquito incluye tres apartados: salarios pendientes de cobro, vacaciones pendientes de disfrute, y pagas extras pendientes de &hellip; <a href=\"https:\/\/fol20.robertoquiros.es\/?page_id=282\">Sigue leyendo <span class=\"meta-nav\">&rarr;<\/span><\/a><\/p>\n","protected":false},"author":1,"featured_media":0,"parent":13,"menu_order":9,"comment_status":"closed","ping_status":"open","template":"","meta":{"footnotes":""},"class_list":["post-282","page","type-page","status-publish","hentry"],"_links":{"self":[{"href":"https:\/\/fol20.robertoquiros.es\/index.php?rest_route=\/wp\/v2\/pages\/282","targetHints":{"allow":["GET"]}}],"collection":[{"href":"https:\/\/fol20.robertoquiros.es\/index.php?rest_route=\/wp\/v2\/pages"}],"about":[{"href":"https:\/\/fol20.robertoquiros.es\/index.php?rest_route=\/wp\/v2\/types\/page"}],"author":[{"embeddable":true,"href":"https:\/\/fol20.robertoquiros.es\/index.php?rest_route=\/wp\/v2\/users\/1"}],"replies":[{"embeddable":true,"href":"https:\/\/fol20.robertoquiros.es\/index.php?rest_route=%2Fwp%2Fv2%2Fcomments&post=282"}],"version-history":[{"count":6,"href":"https:\/\/fol20.robertoquiros.es\/index.php?rest_route=\/wp\/v2\/pages\/282\/revisions"}],"predecessor-version":[{"id":1620,"href":"https:\/\/fol20.robertoquiros.es\/index.php?rest_route=\/wp\/v2\/pages\/282\/revisions\/1620"}],"up":[{"embeddable":true,"href":"https:\/\/fol20.robertoquiros.es\/index.php?rest_route=\/wp\/v2\/pages\/13"}],"wp:attachment":[{"href":"https:\/\/fol20.robertoquiros.es\/index.php?rest_route=%2Fwp%2Fv2%2Fmedia&parent=282"}],"curies":[{"name":"wp","href":"https:\/\/api.w.org\/{rel}","templated":true}]}}