{"id":273,"date":"2015-01-29T21:41:24","date_gmt":"2015-01-29T20:41:24","guid":{"rendered":"http:\/\/folnuevo.fol20.es\/?page_id=273"},"modified":"2021-03-02T11:59:16","modified_gmt":"2021-03-02T10:59:16","slug":"5-6-causas-extinciones","status":"publish","type":"page","link":"https:\/\/fol20.robertoquiros.es\/?page_id=273","title":{"rendered":"5.6 Causas extinciones"},"content":{"rendered":"<p><strong>Cuadro resumen de extinciones de contratos de trabajo<\/strong><\/p>\n<table style=\"border-color: #000000;\" cellpadding=\"6\">\n<tbody>\n<tr style=\"border-color: #030202;\">\n<td style=\"border-color: #000000; background-color: #ededed; width: 116px;\" width=\"116\"><strong>Tipo de extinci\u00f3n<\/strong><\/td>\n<td style=\"border-color: #000000; background-color: #ededed; width: 116px;\" width=\"76\"><strong>Cobro de finiquito<\/strong><\/td>\n<td style=\"border-color: #000000; background-color: #ededed; width: 116px;\" width=\"361\"><strong>Cobro de indemnizaci\u00f3n<\/strong><\/td>\n<td style=\"border-color: #000000; background-color: #ededed; width: 116px;\" width=\"119\"><strong>Cobro de prestaci\u00f3n de desempleo<\/strong><\/td>\n<\/tr>\n<tr style=\"border-color: #030202;\">\n<td style=\"border-color: #000000; background-color: #ededed; width: 116px;\" width=\"116\">Abandono o dimisi\u00f3n<\/td>\n<td style=\"border-color: #000000; background-color: #ededed; width: 116px;\" width=\"76\">S\u00ed<\/td>\n<td style=\"border-color: #000000; background-color: #ededed; width: 116px;\" width=\"361\">No<\/td>\n<td style=\"border-color: #000000; background-color: #ededed; width: 116px;\" width=\"119\">No<\/td>\n<\/tr>\n<tr style=\"border-color: #030202;\">\n<td style=\"border-color: #000000; background-color: #ededed; width: 116px;\" width=\"116\">Fin de contrato temporal<\/td>\n<td style=\"border-color: #000000; background-color: #ededed; width: 116px;\" width=\"76\">S\u00ed<\/td>\n<td style=\"border-color: #000000; background-color: #ededed; width: 116px;\" width=\"361\">S\u00ed. 12 d\u00edas de salario por a\u00f1o trabajado, si el contrato fue con una ETT.12 d\u00edas de salario por a\u00f1o trabajado, para el resto de contratos temporales.<\/td>\n<td style=\"border-color: #000000; background-color: #ededed; width: 116px;\" width=\"119\">S\u00ed, si cumple los requisitos.<\/td>\n<\/tr>\n<tr style=\"border-color: #030202;\">\n<td style=\"border-color: #000000; background-color: #ededed; width: 116px;\" width=\"116\">Incumplimiento de las obligaciones por parte del empresario<\/td>\n<td style=\"border-color: #000000; background-color: #ededed; width: 116px;\" width=\"76\">S\u00ed<\/td>\n<td style=\"border-color: #000000; background-color: #ededed; width: 116px;\" width=\"361\">S\u00ed, si el juez dicta sentencia a favor del trabajador. El proceso lo inicia el trabajador por incumplimientos graves del empresario (como no pagar salarios o hacerlo tarde).33 d\u00edas de salario por a\u00f1o trabajado, m\u00e1ximo de 24 mensualidades.<\/td>\n<td style=\"border-color: #000000; background-color: #ededed; width: 116px;\" width=\"119\">S\u00ed, si cumple los requisitos.<\/td>\n<\/tr>\n<tr style=\"border-color: #030202;\">\n<td style=\"border-color: #000000; background-color: #ededed; width: 116px;\" width=\"116\">Muerte, incapacidad permanente o jubilaci\u00f3n del empresario individual.<\/td>\n<td style=\"border-color: #000000; background-color: #ededed; width: 116px;\" width=\"76\">S\u00ed<\/td>\n<td style=\"border-color: #000000; background-color: #ededed; width: 116px;\" width=\"361\">S\u00ed. 1 mes de salario.<\/td>\n<td style=\"border-color: #000000; background-color: #ededed; width: 116px;\" width=\"119\">S\u00ed, si cumple los requisitos.<\/td>\n<\/tr>\n<tr style=\"border-color: #030202;\">\n<td style=\"border-color: #000000; background-color: #ededed; width: 116px;\" width=\"116\"><strong>Tipo de extinci\u00f3n<\/strong><\/td>\n<td style=\"border-color: #000000; background-color: #ededed; width: 116px;\" width=\"76\"><strong>Cobro de finiquito<\/strong><\/td>\n<td style=\"border-color: #000000; background-color: #ededed; width: 116px;\" width=\"361\"><strong>Cobro de indemnizaci\u00f3n<\/strong><\/td>\n<td style=\"border-color: #000000; background-color: #ededed; width: 116px;\" width=\"119\"><strong>Cobro de prestaci\u00f3n de desempleo<\/strong><\/td>\n<\/tr>\n<tr style=\"border-color: #030202;\">\n<td style=\"border-color: #000000; background-color: #ededed; width: 116px;\" width=\"116\">Extinci\u00f3n de personalidad jur\u00eddica de la empresa o fuerza mayor definitiva<\/td>\n<td style=\"border-color: #000000; background-color: #ededed; width: 116px;\" width=\"76\">S\u00ed<\/td>\n<td style=\"border-color: #000000; background-color: #ededed; width: 116px;\" width=\"361\">S\u00ed. 20 d\u00edas de salario por a\u00f1o trabajado, m\u00e1ximo 12 mensualidades.<\/td>\n<td style=\"border-color: #000000; background-color: #ededed; width: 116px;\" width=\"119\">S\u00ed, si cumple los requisitos.<\/td>\n<\/tr>\n<tr style=\"border-color: #030202;\">\n<td style=\"border-color: #000000; background-color: #ededed; width: 116px;\" width=\"116\">Despido disciplinario<a href=\"http:\/\/fol20.robertoquiros.es\/?page_id=918\" target=\"_blank\" rel=\"noopener noreferrer\">(causas de despido)<\/a><\/td>\n<td style=\"border-color: #000000; background-color: #ededed; width: 116px;\" width=\"76\">S\u00ed<\/td>\n<td style=\"border-color: #000000; background-color: #ededed; width: 116px;\" width=\"361\">No.<\/td>\n<td style=\"border-color: #000000; background-color: #ededed; width: 116px;\" width=\"119\">S\u00ed, si cumple los requisitos.<\/td>\n<\/tr>\n<tr style=\"border-color: #030202;\">\n<td style=\"border-color: #000000; background-color: #ededed; width: 116px;\" width=\"116\">Despido por modificaci\u00f3n sustancial de las condiciones de trabajo<\/td>\n<td style=\"border-color: #000000; background-color: #ededed; width: 116px;\" width=\"76\">S\u00ed<\/td>\n<td style=\"border-color: #000000; background-color: #ededed; width: 116px;\" width=\"361\">S\u00ed. 20 d\u00edas de salario por a\u00f1o trabajado, m\u00e1ximo de 9 mensualidades.<\/td>\n<td style=\"border-color: #000000; background-color: #ededed; width: 116px;\" width=\"119\">S\u00ed, si cumple los requisitos.<\/td>\n<\/tr>\n<tr style=\"border-color: #030202;\">\n<td style=\"border-color: #000000; background-color: #ededed; width: 116px;\" width=\"116\">Despido por causas objetivas<a href=\"http:\/\/fol20.robertoquiros.es\/?page_id=925\" target=\"_blank\" rel=\"noopener noreferrer\">(causas despido objetivo)<\/a><\/td>\n<td style=\"border-color: #000000; background-color: #ededed; width: 116px;\" width=\"76\">S\u00ed<\/td>\n<td style=\"border-color: #000000; background-color: #ededed; width: 116px;\" width=\"361\">S\u00ed. 20 d\u00edas de salario por a\u00f1o trabajado, m\u00e1ximo 12 mensualidades.Debe haber un periodo de preaviso de 15 d\u00edas. Durante el periodo de preaviso, el trabajador disfrutar\u00e1 de un permiso retribuido de 6 horas semanales(para buscar otro empleo)<\/td>\n<td style=\"border-color: #000000; background-color: #ededed; width: 116px;\" width=\"119\">S\u00ed, si cumple los requisitos.<\/td>\n<\/tr>\n<tr style=\"border-color: #030202;\">\n<td style=\"border-color: #000000; background-color: #ededed; width: 116px;\" width=\"116\">Despido colectivo<\/td>\n<td style=\"border-color: #000000; background-color: #ededed; width: 116px;\" width=\"76\">S\u00ed<\/td>\n<td style=\"border-color: #000000; background-color: #ededed; width: 116px;\" width=\"361\">S\u00ed. 20 d\u00edas de salario por a\u00f1o trabajado, m\u00e1ximo 12 mensualidades.<\/td>\n<td style=\"border-color: #000000; background-color: #ededed; width: 116px;\" width=\"119\">S\u00ed, si cumple los requisitos.<\/td>\n<\/tr>\n<tr>\n<td style=\"border-color: #000000; background-color: #ededed; width: 116px;\">Traslado<\/td>\n<td style=\"border-color: #000000; background-color: #ededed; width: 116px;\">S\u00ed<\/td>\n<td style=\"border-color: #000000; background-color: #ededed; width: 116px;\">S\u00ed. 20 d\u00edas de salario por a\u00f1o trabajado, m\u00e1ximo 12 mensualidades.<\/td>\n<td style=\"border-color: #000000; background-color: #ededed; width: 116px;\">S\u00ed, si cumple los requisitos.<\/td>\n<\/tr>\n<tr style=\"border-color: #030202;\">\n<td style=\"border-color: #000000; background-color: #ededed; width: 116px;\" width=\"116\">Despido improcedente<\/td>\n<td style=\"border-color: #000000; background-color: #ededed; width: 116px;\" width=\"76\">S\u00ed<\/td>\n<td style=\"border-color: #000000; background-color: #ededed; width: 116px;\" width=\"361\">S\u00ed. 33 d\u00edas de salario por a\u00f1o trabajado, m\u00e1ximo 24 mensualidades.<\/td>\n<td style=\"border-color: #000000; background-color: #ededed; width: 116px;\" width=\"119\">S\u00ed, si cumple los requisitos.<\/td>\n<\/tr>\n<\/tbody>\n<\/table>\n","protected":false},"excerpt":{"rendered":"<p>Cuadro resumen de extinciones de contratos de trabajo Tipo de extinci\u00f3n Cobro de finiquito Cobro de indemnizaci\u00f3n Cobro de prestaci\u00f3n de desempleo Abandono o dimisi\u00f3n S\u00ed No No Fin de contrato temporal S\u00ed S\u00ed. 12 d\u00edas de salario por a\u00f1o &hellip; <a href=\"https:\/\/fol20.robertoquiros.es\/?page_id=273\">Sigue leyendo <span class=\"meta-nav\">&rarr;<\/span><\/a><\/p>\n","protected":false},"author":1,"featured_media":0,"parent":13,"menu_order":6,"comment_status":"closed","ping_status":"open","template":"","meta":{"footnotes":""},"class_list":["post-273","page","type-page","status-publish","hentry"],"_links":{"self":[{"href":"https:\/\/fol20.robertoquiros.es\/index.php?rest_route=\/wp\/v2\/pages\/273","targetHints":{"allow":["GET"]}}],"collection":[{"href":"https:\/\/fol20.robertoquiros.es\/index.php?rest_route=\/wp\/v2\/pages"}],"about":[{"href":"https:\/\/fol20.robertoquiros.es\/index.php?rest_route=\/wp\/v2\/types\/page"}],"author":[{"embeddable":true,"href":"https:\/\/fol20.robertoquiros.es\/index.php?rest_route=\/wp\/v2\/users\/1"}],"replies":[{"embeddable":true,"href":"https:\/\/fol20.robertoquiros.es\/index.php?rest_route=%2Fwp%2Fv2%2Fcomments&post=273"}],"version-history":[{"count":8,"href":"https:\/\/fol20.robertoquiros.es\/index.php?rest_route=\/wp\/v2\/pages\/273\/revisions"}],"predecessor-version":[{"id":1622,"href":"https:\/\/fol20.robertoquiros.es\/index.php?rest_route=\/wp\/v2\/pages\/273\/revisions\/1622"}],"up":[{"embeddable":true,"href":"https:\/\/fol20.robertoquiros.es\/index.php?rest_route=\/wp\/v2\/pages\/13"}],"wp:attachment":[{"href":"https:\/\/fol20.robertoquiros.es\/index.php?rest_route=%2Fwp%2Fv2%2Fmedia&parent=273"}],"curies":[{"name":"wp","href":"https:\/\/api.w.org\/{rel}","templated":true}]}}