{"id":271,"date":"2015-01-29T21:38:48","date_gmt":"2015-01-29T20:38:48","guid":{"rendered":"http:\/\/folnuevo.fol20.es\/?page_id=271"},"modified":"2020-03-18T15:40:22","modified_gmt":"2020-03-18T14:40:22","slug":"5-5-extincion-concepto","status":"publish","type":"page","link":"https:\/\/fol20.robertoquiros.es\/?page_id=271","title":{"rendered":"5.5 Extinci\u00f3n: concepto"},"content":{"rendered":"<div class=\"art-layout-wrapper\">\n<div class=\"art-content-layout\">\n<div class=\"art-content-layout-row\">\n<div class=\"art-layout-cell art-content\">\n<div class=\"item-page\">\n<article class=\"art-post\">\n<div class=\"art-postcontent clearfix\">\n<div class=\"art-article\">\n<p align=\"JUSTIFY\">La extinci\u00f3n del contrato de trabajo supone la finalizaci\u00f3n de la relaci\u00f3n laboral entre el empresario y el trabajador.<\/p>\n<p align=\"JUSTIFY\">El empresario, con ocasi\u00f3n de la extinci\u00f3n del contrato, al comunicar a los trabajadores la denuncia o el preaviso de la extinci\u00f3n, deber\u00e1 acompa\u00f1ar una propuesta del documento de liquidaci\u00f3n de las cantidades adeudadas o \u201cfiniquito\u201d, el cual analizaremos con detalle m\u00e1s adelante.<\/p>\n<p align=\"JUSTIFY\">\nEl trabajador podr\u00e1 solicitar la presencia de un representante legal de los trabajadores en el momento de proceder a la firma del recibo del finiquito, haciendo constar en el mismo la firma en presencia del representante, o bien que el trabajador no ha hecho uso de esta posibilidad. Si el empresario impidiese la presencia del representante en el momento de la firma, el trabajador podr\u00e1 hacerlo constar en el propio recibo, a los efectos oportunos.<\/p>\n<p><a href=\"http:\/\/fol20.robertoquiros.es\/wp-content\/uploads\/2015\/02\/tumba.png\"><img loading=\"lazy\" decoding=\"async\" class=\" size-full wp-image-476 aligncenter\" src=\"http:\/\/fol20.robertoquiros.es\/wp-content\/uploads\/2015\/02\/tumba.png\" alt=\"tumba\" width=\"189\" height=\"230\" \/><\/a><span style=\"font-family: arial,helvetica,sans-serif; font-size: 14pt;\">El despido es la sanci\u00f3n m\u00e1s extrema, antes caben otras sanciones&#8230;<\/span><\/p>\n<p style=\"text-align: justify;\"><span style=\"font-family: arial,helvetica,sans-serif; font-size: 14pt;\">Las faltas y sanciones a aplicar al trabajador son fijadas en el Art.54 del ET para el despido disciplinario y en el Convenio Colectivo correspondiente para el resto de casos.<\/span><\/p>\n<p style=\"text-align: justify;\"><span style=\"font-family: arial,helvetica,sans-serif; font-size: 14pt;\">Las faltas del trabajador pueden ser:<\/span><\/p>\n<table style=\"background-color: #f2f0f0; border-color: #050505;\" border=\"4\" width=\"129\" cellspacing=\"0\" cellpadding=\"5\">\n<colgroup>\n<col width=\"111\" \/> <\/colgroup>\n<tbody>\n<tr>\n<td style=\"border-color: #030202; background-color: #f5f0f0; width: 111px;\" valign=\"TOP\" width=\"111\"><span style=\"font-family: arial,helvetica,sans-serif; font-size: 14pt;\">Leves<\/span><\/td>\n<\/tr>\n<tr>\n<td style=\"border-color: #030202; background-color: #f5f0f0; width: 111px;\" valign=\"TOP\" width=\"111\"><span style=\"font-family: arial,helvetica,sans-serif; font-size: 14pt;\">Graves<\/span><\/td>\n<\/tr>\n<tr>\n<td style=\"border-color: #030202; background-color: #f5f0f0; width: 111px;\" width=\"111\">\n<p align=\"LEFT\"><span style=\"font-family: arial,helvetica,sans-serif; font-size: 14pt;\">Muy Graves<\/span><\/p>\n<\/td>\n<\/tr>\n<\/tbody>\n<\/table>\n<p style=\"text-align: justify;\"><span style=\"font-family: arial,helvetica,sans-serif; font-size: 14pt;\">El art\u00edculo 60 del ET indica el plazo, en d\u00edas naturales, para la <strong>prescripci\u00f3n<\/strong>, contados \u00a0a partir de la fecha en que la empresa tuvo conocimiento de su comisi\u00f3n:<\/span><\/p>\n<table style=\"border-color: #050505; background-color: #f0e6e6;\" border=\"4\" width=\"247\" cellspacing=\"0\" cellpadding=\"5\">\n<colgroup>\n<col width=\"229\" \/> <\/colgroup>\n<tbody>\n<tr style=\"border-color: #050505; background-color: #f0ebeb;\">\n<td style=\"border-color: #030202; width: 229px;\" valign=\"TOP\" width=\"229\"><span style=\"font-family: arial,helvetica,sans-serif; font-size: 14pt;\">Leves : 10 d\u00edas<\/span><\/td>\n<\/tr>\n<tr style=\"border-color: #050505; background-color: #f0ebeb;\">\n<td style=\"border-color: #030202; width: 229px;\" valign=\"TOP\" width=\"229\"><span style=\"font-family: arial,helvetica,sans-serif; font-size: 14pt;\">Graves: 20 d\u00edas<\/span><\/td>\n<\/tr>\n<tr style=\"border-color: #050505; background-color: #f0ebeb;\">\n<td style=\"border-color: #030202; width: 229px;\" width=\"229\">\n<p align=\"LEFT\"><span style=\"font-family: arial,helvetica,sans-serif; font-size: 14pt;\">Muy Graves : 60 d\u00edas<\/span><\/p>\n<\/td>\n<\/tr>\n<\/tbody>\n<\/table>\n<p style=\"text-align: justify;\"><span style=\"font-family: arial,helvetica,sans-serif; font-size: 14pt;\">En cualquier caso, transcurridos <b>seis meses<\/b> desde la comisi\u00f3n de los hechos, aunque la empresa no hubiera tenido conocimiento estos hechos tambi\u00e9n prescriben.<\/span><\/p>\n<\/div>\n<\/div>\n<\/article>\n<\/div>\n<\/div>\n<\/div>\n<\/div>\n<\/div>\n<footer class=\"art-footer\">\n<div class=\"art-content-layout\"><\/div>\n<\/footer>\n","protected":false},"excerpt":{"rendered":"<p>La extinci\u00f3n del contrato de trabajo supone la finalizaci\u00f3n de la relaci\u00f3n laboral entre el empresario y el trabajador. El empresario, con ocasi\u00f3n de la extinci\u00f3n del contrato, al comunicar a los trabajadores la denuncia o el preaviso de la &hellip; <a href=\"https:\/\/fol20.robertoquiros.es\/?page_id=271\">Sigue leyendo <span class=\"meta-nav\">&rarr;<\/span><\/a><\/p>\n","protected":false},"author":1,"featured_media":0,"parent":13,"menu_order":5,"comment_status":"closed","ping_status":"open","template":"","meta":{"footnotes":""},"class_list":["post-271","page","type-page","status-publish","hentry"],"_links":{"self":[{"href":"https:\/\/fol20.robertoquiros.es\/index.php?rest_route=\/wp\/v2\/pages\/271","targetHints":{"allow":["GET"]}}],"collection":[{"href":"https:\/\/fol20.robertoquiros.es\/index.php?rest_route=\/wp\/v2\/pages"}],"about":[{"href":"https:\/\/fol20.robertoquiros.es\/index.php?rest_route=\/wp\/v2\/types\/page"}],"author":[{"embeddable":true,"href":"https:\/\/fol20.robertoquiros.es\/index.php?rest_route=\/wp\/v2\/users\/1"}],"replies":[{"embeddable":true,"href":"https:\/\/fol20.robertoquiros.es\/index.php?rest_route=%2Fwp%2Fv2%2Fcomments&post=271"}],"version-history":[{"count":10,"href":"https:\/\/fol20.robertoquiros.es\/index.php?rest_route=\/wp\/v2\/pages\/271\/revisions"}],"predecessor-version":[{"id":1509,"href":"https:\/\/fol20.robertoquiros.es\/index.php?rest_route=\/wp\/v2\/pages\/271\/revisions\/1509"}],"up":[{"embeddable":true,"href":"https:\/\/fol20.robertoquiros.es\/index.php?rest_route=\/wp\/v2\/pages\/13"}],"wp:attachment":[{"href":"https:\/\/fol20.robertoquiros.es\/index.php?rest_route=%2Fwp%2Fv2%2Fmedia&parent=271"}],"curies":[{"name":"wp","href":"https:\/\/api.w.org\/{rel}","templated":true}]}}