{"id":263,"date":"2015-01-29T21:29:23","date_gmt":"2015-01-29T20:29:23","guid":{"rendered":"http:\/\/folnuevo.fol20.es\/?page_id=263"},"modified":"2020-03-18T15:35:27","modified_gmt":"2020-03-18T14:35:27","slug":"5-1-modificacion","status":"publish","type":"page","link":"https:\/\/fol20.robertoquiros.es\/?page_id=263","title":{"rendered":"5.1 Modificaci\u00f3n"},"content":{"rendered":"<div class=\"art-layout-wrapper\">\n<div class=\"art-content-layout\">\n<div class=\"art-content-layout-row\">\n<div class=\"art-layout-cell art-content\">\n<div class=\"item-page\">\n<article class=\"art-post\">\n<div class=\"art-postmetadataheader\">\n<p align=\"JUSTIFY\">Se considera una modificaci\u00f3n de las condiciones de trabajo cualquier cambio que, de manera unilateral, realiza el empresario despu\u00e9s de haber firmado el contrato de trabajo. No nos estamos refiriendo, por tanto, a los cambios que se establecen de com\u00fan acuerdo entre empresario y trabajador, los cuales no plantean conflictos de intereses.<\/p>\n<p align=\"JUSTIFY\"><span style=\"color: #000000;\">Las modificaciones establecidas en el contrato de trabajo por el empresario pueden ser de dos tipos:<\/span><\/p>\n<table border=\"1\" width=\"761\" cellspacing=\"0\" cellpadding=\"9\">\n<colgroup>\n<col width=\"215\" \/>\n<col width=\"508\" \/> <\/colgroup>\n<tbody>\n<tr valign=\"TOP\">\n<td bgcolor=\"#191919\" width=\"215\">\n<p align=\"CENTER\"><span style=\"color: #ffffff; background-color: #ccffcc;\"><span style=\"font-size: large; background-color: #ccffcc;\"><b>Tipo de modificaci\u00f3n<\/b><\/span><\/span><\/p>\n<\/td>\n<td bgcolor=\"#191919\" width=\"508\">\n<p align=\"CENTER\"><span style=\"color: #ffffff; background-color: #ccffcc;\"><span style=\"font-size: large; background-color: #ccffcc;\"><b>Significado<\/b><\/span><\/span><\/p>\n<\/td>\n<\/tr>\n<tr valign=\"TOP\">\n<td width=\"215\">\n<p align=\"CENTER\"><span style=\"color: #000000;\"><b>Modificaciones no sustanciales de las condiciones de trabajo<\/b><\/span><\/p>\n<\/td>\n<td width=\"508\">\n<p align=\"JUSTIFY\"><span style=\"color: #000000;\">Se trata de peque\u00f1os cambios no significativos que puede realizar libremente el empresario.<\/span><\/p>\n<\/td>\n<\/tr>\n<tr valign=\"TOP\">\n<td width=\"215\">\n<p align=\"CENTER\"><span style=\"color: #000000;\"><b>Modificaciones sustanciales de las condiciones de trabajo<\/b><\/span><\/p>\n<\/td>\n<td width=\"508\">\n<p align=\"JUSTIFY\"><span style=\"color: #000000;\">Son cambios importantes en las condiciones de trabajo que deben responder a alguna causa: mejorar de la competitividad, productividad u organizaci\u00f3n t\u00e9cnica o del propio trabajo. <\/span><\/p>\n<p align=\"JUSTIFY\"><span style=\"color: #000000;\">No pueden aplicarse de manera arbitraria, sin justificaci\u00f3n o como castigo para el trabajador. <\/span><\/p>\n<\/td>\n<\/tr>\n<\/tbody>\n<\/table>\n<\/div>\n<div class=\"art-postcontent clearfix\">\n<div class=\"art-article\">\n<p><iframe loading=\"lazy\" src=\"http:\/\/www.slideshare.net\/slideshow\/embed_code\/31213332?rel=0\" width=\"597\" height=\"486\" marginwidth=\"0\" marginheight=\"0\" scrolling=\"no\" allowfullscreen=\"allowfullscreen\"><\/iframe><\/p>\n<div><\/div>\n<\/div>\n<\/div>\n<\/article>\n<\/div>\n<\/div>\n<\/div>\n<\/div>\n<\/div>\n","protected":false},"excerpt":{"rendered":"<p>Se considera una modificaci\u00f3n de las condiciones de trabajo cualquier cambio que, de manera unilateral, realiza el empresario despu\u00e9s de haber firmado el contrato de trabajo. No nos estamos refiriendo, por tanto, a los cambios que se establecen de com\u00fan &hellip; <a href=\"https:\/\/fol20.robertoquiros.es\/?page_id=263\">Sigue leyendo <span class=\"meta-nav\">&rarr;<\/span><\/a><\/p>\n","protected":false},"author":1,"featured_media":0,"parent":13,"menu_order":1,"comment_status":"closed","ping_status":"open","template":"","meta":{"footnotes":""},"class_list":["post-263","page","type-page","status-publish","hentry"],"_links":{"self":[{"href":"https:\/\/fol20.robertoquiros.es\/index.php?rest_route=\/wp\/v2\/pages\/263","targetHints":{"allow":["GET"]}}],"collection":[{"href":"https:\/\/fol20.robertoquiros.es\/index.php?rest_route=\/wp\/v2\/pages"}],"about":[{"href":"https:\/\/fol20.robertoquiros.es\/index.php?rest_route=\/wp\/v2\/types\/page"}],"author":[{"embeddable":true,"href":"https:\/\/fol20.robertoquiros.es\/index.php?rest_route=\/wp\/v2\/users\/1"}],"replies":[{"embeddable":true,"href":"https:\/\/fol20.robertoquiros.es\/index.php?rest_route=%2Fwp%2Fv2%2Fcomments&post=263"}],"version-history":[{"count":3,"href":"https:\/\/fol20.robertoquiros.es\/index.php?rest_route=\/wp\/v2\/pages\/263\/revisions"}],"predecessor-version":[{"id":1505,"href":"https:\/\/fol20.robertoquiros.es\/index.php?rest_route=\/wp\/v2\/pages\/263\/revisions\/1505"}],"up":[{"embeddable":true,"href":"https:\/\/fol20.robertoquiros.es\/index.php?rest_route=\/wp\/v2\/pages\/13"}],"wp:attachment":[{"href":"https:\/\/fol20.robertoquiros.es\/index.php?rest_route=%2Fwp%2Fv2%2Fmedia&parent=263"}],"curies":[{"name":"wp","href":"https:\/\/api.w.org\/{rel}","templated":true}]}}