{"id":259,"date":"2015-01-29T21:24:27","date_gmt":"2015-01-29T20:24:27","guid":{"rendered":"http:\/\/folnuevo.fol20.es\/?page_id=259"},"modified":"2022-12-01T16:09:21","modified_gmt":"2022-12-01T15:09:21","slug":"4-6-retencion-irpf","status":"publish","type":"page","link":"https:\/\/fol20.robertoquiros.es\/?page_id=259","title":{"rendered":"4.6 Retenci\u00f3n IRPF"},"content":{"rendered":"<div class=\"art-layout-wrapper\">\n<div class=\"art-content-layout\">\n<div class=\"art-content-layout-row\">\n<div class=\"art-layout-cell art-content\">\n<div class=\"item-page\">\n<article class=\"art-post\">\n<div class=\"art-postmetadataheader\">\n<p align=\"JUSTIFY\">La retenci\u00f3n del <b>Impuesto de la Renta a las Personas F\u00edsicas (IRPF)<\/b>, es la parte del salario que van descontando en la n\u00f3mina todos los meses (lo descuenta el empresario y lo ingresa en Hacienda a nombre del trabajador), para que pueda hacer frente al pago correspondiente de ese impuesto. Por tanto, supone un pago por adelantado de dicho impuesto.<\/p>\n<p align=\"JUSTIFY\">La f\u00f3rmula que se utiliza para el c\u00e1lculo de la retenci\u00f3n es la siguiente:<\/p>\n<p align=\"CENTER\">Retenci\u00f3n IRPF del mes =<\/p>\n<p align=\"CENTER\">Total devengado &#8211; Dietas (siempre que no superen un l\u00edmite legal) x % de retenci\u00f3n aplicable.<\/p>\n<p align=\"JUSTIFY\"><span style=\"color: #000000;\"> El <\/span>% de retenci\u00f3n aplicable se puede calcular con un programa inform\u00e1tico elaborado por la <b>Agencia Tributaria<\/b>.<\/p>\n<\/div>\n<div class=\"art-postcontent clearfix\">\n<div class=\"art-article\">\n<p><a href=\"http:\/\/fol20.robertoquiros.es\/wp-content\/uploads\/2015\/02\/calculo_cantidades.jpg\"><img loading=\"lazy\" decoding=\"async\" class=\" size-full wp-image-355 alignright\" src=\"http:\/\/fol20.robertoquiros.es\/wp-content\/uploads\/2015\/02\/calculo_cantidades.jpg\" alt=\"calculo_cantidades\" width=\"189\" height=\"126\" \/><\/a><\/p>\n<p><a href=\"http:\/\/fol20.robertoquiros.es\/wp-content\/uploads\/2015\/02\/limites_retencionIRPF.pdf\">limites_retencionIRPF<\/a><a href=\"http:\/\/fol20.robertoquiros.es\/wp-content\/uploads\/2015\/02\/icono-pdf.png\"><img loading=\"lazy\" decoding=\"async\" class=\"alignnone wp-image-630\" src=\"http:\/\/fol20.robertoquiros.es\/wp-content\/uploads\/2015\/02\/icono-pdf.png\" alt=\"icono pdf\" width=\"26\" height=\"38\" \/><\/a><\/p>\n<p><a href=\"https:\/\/numdea.com\/calculadora-de-irpf\" target=\"_blank\" rel=\"noopener noreferrer\">Calculo del % de retenci\u00f3n de IRPF\u00a0 <\/a><a href=\"http:\/\/fol20.robertoquiros.es\/wp-content\/uploads\/2015\/02\/icono-mozilla2.png\"><img loading=\"lazy\" decoding=\"async\" class=\"alignnone wp-image-629\" src=\"http:\/\/fol20.robertoquiros.es\/wp-content\/uploads\/2015\/02\/icono-mozilla2.png\" alt=\"icono mozilla2\" width=\"36\" height=\"36\" \/><\/a><\/p>\n<\/div>\n<\/div>\n<\/article>\n<\/div>\n<\/div>\n<\/div>\n<\/div>\n<\/div>\n<p><iframe loading=\"lazy\" title=\"\u00bfQue\u0301 es el IRPF?\" width=\"640\" height=\"360\" src=\"https:\/\/www.youtube.com\/embed\/Ifp0_pnKQgY?feature=oembed\" frameborder=\"0\" allow=\"accelerometer; autoplay; clipboard-write; encrypted-media; gyroscope; picture-in-picture; web-share\" referrerpolicy=\"strict-origin-when-cross-origin\" allowfullscreen><\/iframe><\/p>\n","protected":false},"excerpt":{"rendered":"<p>La retenci\u00f3n del Impuesto de la Renta a las Personas F\u00edsicas (IRPF), es la parte del salario que van descontando en la n\u00f3mina todos los meses (lo descuenta el empresario y lo ingresa en Hacienda a nombre del trabajador), para &hellip; <a href=\"https:\/\/fol20.robertoquiros.es\/?page_id=259\">Sigue leyendo <span class=\"meta-nav\">&rarr;<\/span><\/a><\/p>\n","protected":false},"author":1,"featured_media":0,"parent":11,"menu_order":6,"comment_status":"closed","ping_status":"open","template":"","meta":{"footnotes":""},"class_list":["post-259","page","type-page","status-publish","hentry"],"_links":{"self":[{"href":"https:\/\/fol20.robertoquiros.es\/index.php?rest_route=\/wp\/v2\/pages\/259","targetHints":{"allow":["GET"]}}],"collection":[{"href":"https:\/\/fol20.robertoquiros.es\/index.php?rest_route=\/wp\/v2\/pages"}],"about":[{"href":"https:\/\/fol20.robertoquiros.es\/index.php?rest_route=\/wp\/v2\/types\/page"}],"author":[{"embeddable":true,"href":"https:\/\/fol20.robertoquiros.es\/index.php?rest_route=\/wp\/v2\/users\/1"}],"replies":[{"embeddable":true,"href":"https:\/\/fol20.robertoquiros.es\/index.php?rest_route=%2Fwp%2Fv2%2Fcomments&post=259"}],"version-history":[{"count":7,"href":"https:\/\/fol20.robertoquiros.es\/index.php?rest_route=\/wp\/v2\/pages\/259\/revisions"}],"predecessor-version":[{"id":1744,"href":"https:\/\/fol20.robertoquiros.es\/index.php?rest_route=\/wp\/v2\/pages\/259\/revisions\/1744"}],"up":[{"embeddable":true,"href":"https:\/\/fol20.robertoquiros.es\/index.php?rest_route=\/wp\/v2\/pages\/11"}],"wp:attachment":[{"href":"https:\/\/fol20.robertoquiros.es\/index.php?rest_route=%2Fwp%2Fv2%2Fmedia&parent=259"}],"curies":[{"name":"wp","href":"https:\/\/api.w.org\/{rel}","templated":true}]}}