{"id":246,"date":"2015-01-29T21:13:58","date_gmt":"2015-01-29T20:13:58","guid":{"rendered":"http:\/\/folnuevo.fol20.es\/?page_id=246"},"modified":"2023-10-26T07:37:05","modified_gmt":"2023-10-26T06:37:05","slug":"3-9-medidas-conciliacion","status":"publish","type":"page","link":"https:\/\/fol20.robertoquiros.es\/?page_id=246","title":{"rendered":"3.9 Medidas conciliaci\u00f3n"},"content":{"rendered":"<div class=\"art-layout-wrapper\">\n<div class=\"art-content-layout\">\n<div class=\"art-content-layout-row\">\n<div class=\"art-layout-cell art-content\">\n<div class=\"item-page\">\n<article class=\"art-post\">\n<div class=\"art-postcontent clearfix\">\n<p style=\"text-align: justify;\"><span style=\"font-family: arial,helvetica,sans-serif; font-size: 14pt;\"><strong>Permiso de lactancia<\/strong><\/span><\/p>\n<p style=\"text-align: justify;\"><span style=\"font-family: arial,helvetica,sans-serif; font-size: 14pt;\">En los supuestos de nacimiento de hijo, adopci\u00f3n o acogimiento de acuerdo con el art\u00edculo 45.1.d) de esta Ley, para la lactancia del menor hasta que \u00e9ste cumpla nueve meses, los trabajadores tendr\u00e1n derecho a una hora de ausencia del trabajo, que podr\u00e1n dividir en dos fracciones. La duraci\u00f3n del permiso se incrementar\u00e1 proporcionalmente en los casos de parto, adopci\u00f3n o acogimiento m\u00faltiples.<\/span><\/p>\n<p style=\"text-align: justify;\"><span style=\"font-family: arial,helvetica,sans-serif; font-size: 14pt;\">Quien ejerza este derecho, por su voluntad, podr\u00e1 sustituirlo por una reducci\u00f3n de su jornada en media hora con la misma finalidad o acumularlo en jornadas completas en los t\u00e9rminos previstos en la negociaci\u00f3n colectiva o en el acuerdo a que llegue con el empresario respetando, en su caso, lo establecido en aquella.<\/span><\/p>\n<p style=\"text-align: justify;\"><span style=\"font-family: arial,helvetica,sans-serif; font-size: 14pt;\">Este permiso constituye un derecho individual de los trabajadores, hombres o mujeres, pero s\u00f3lo podr\u00e1 ser ejercido por uno de los progenitores en caso de que ambos trabajen.<\/span><\/p>\n<p style=\"text-align: justify;\"><span style=\"font-family: arial,helvetica,sans-serif; font-size: 14pt;\">\u00a0<\/span><\/p>\n<p style=\"text-align: justify;\"><span style=\"font-family: arial,helvetica,sans-serif; font-size: 14pt;\"><strong>Hijos prematuros<\/strong><\/span><\/p>\n<p style=\"text-align: justify;\"><span style=\"font-family: arial,helvetica,sans-serif; font-size: 14pt;\">En los casos de nacimientos de hijos prematuros o que, por cualquier causa, deban permanecer hospitalizados a continuaci\u00f3n del parto, la madre o el padre tendr\u00e1n derecho a ausentarse del trabajo durante una hora. Asimismo, tendr\u00e1n derecho a reducir su jornada de trabajo hasta un m\u00e1ximo de dos horas, con la disminuci\u00f3n proporcional del salario.<\/span><\/p>\n<p style=\"text-align: justify;\"><span style=\"font-family: arial,helvetica,sans-serif; font-size: 14pt;\">\u00a0<\/span><\/p>\n<p style=\"text-align: justify;\"><span style=\"font-family: arial,helvetica,sans-serif; font-size: 14pt;\"><strong>Cuidado de hijos o familiares<\/strong><\/span><\/p>\n<p style=\"text-align: justify;\"><span style=\"font-family: arial,helvetica,sans-serif; font-size: 14pt;\">Quien por razones de guarda legal tenga a su cuidado directo alg\u00fan menor de doce a\u00f1os o una persona con discapacidad f\u00edsica, ps\u00edquica o sensorial, que no desempe\u00f1e una actividad retribuida, tendr\u00e1 derecho a una reducci\u00f3n de la jornada de trabajo diaria, con la disminuci\u00f3n proporcional del salario entre, al menos, un octavo y un m\u00e1ximo de la mitad de la duraci\u00f3n de aquella.<\/span><\/p>\n<p style=\"text-align: justify;\"><span style=\"font-family: arial,helvetica,sans-serif; font-size: 14pt;\">\u00a0<\/span><\/p>\n<p style=\"text-align: justify;\"><span style=\"font-family: arial,helvetica,sans-serif; font-size: 14pt;\">Tendr\u00e1 el mismo derecho quien precise encargarse del cuidado directo de un familiar, hasta el 2\u00ba grado de consanguinidad o afinidad, que por razones de edad, accidente o enfermedad no pueda valerse por s\u00ed mismo, y que no desempe\u00f1e actividad retribuida.<\/span><\/p>\n<p style=\"text-align: justify;\"><span style=\"font-family: arial,helvetica,sans-serif; font-size: 14pt;\">\u00a0<\/span><\/p>\n<p style=\"text-align: justify;\"><span style=\"font-family: arial,helvetica,sans-serif; font-size: 14pt;\">El progenitor, adoptante o acogedor de car\u00e1cter preadoptivo o permanente, tendr\u00e1 derecho a una reducci\u00f3n de la jornada de trabajo, con la disminuci\u00f3n proporcional del salario de, al menos, la mitad de la duraci\u00f3n de aqu\u00e9lla, para el cuidado, durante la hospitalizaci\u00f3n y tratamiento continuado, del menor a su cargo afectado por c\u00e1ncer (tumores malignos, melanomas y carcinomas), o por cualquier otra enfermedad grave, que implique un ingreso hospitalario de larga duraci\u00f3n y requiera la necesidad de su cuidado directo, continuo y permanente, acreditado por el informe del Servicio P\u00fablico de Salud u \u00f3rgano administrativo sanitario de la Comunidad Aut\u00f3noma correspondiente y, como m\u00e1ximo, hasta que el menor cumpla los 18 a\u00f1os. Por convenio colectivo,se podr\u00e1n establecer las condiciones y supuestos en los que esta reducci\u00f3n de jornada se podr\u00e1 acumular en jornadas completas.<\/span><\/p>\n<p style=\"text-align: justify;\"><span style=\"font-family: arial,helvetica,sans-serif; font-size: 14pt;\">\u00a0<\/span><\/p>\n<p style=\"text-align: justify;\"><span style=\"font-family: arial,helvetica,sans-serif; font-size: 14pt;\">Las reducciones de jornada contempladas en el presente apartado constituyen un derecho individual de los trabajadores, hombres o mujeres. No obstante, si dos o m\u00e1s trabajadores de la misma empresa generasen este derecho por el mismo sujeto causante, el empresario podr\u00e1 limitar su ejercicio simult\u00e1neo por razones justificadas de funcionamiento de la empresa.<\/span><\/p>\n<p style=\"text-align: justify;\"><span style=\"font-family: arial,helvetica,sans-serif; font-size: 14pt;\">\u00a0<\/span><\/p>\n<p style=\"text-align: justify;\"><span style=\"font-family: arial,helvetica,sans-serif; font-size: 14pt;\">La concreci\u00f3n horaria y la determinaci\u00f3n del per\u00edodo de disfrute del permiso de lactancia y de la reducci\u00f3n de jornada corresponder\u00e1 al trabajador, dentro de su jornada ordinaria. Los convenios colectivos podr\u00e1n establecer, no obstante, criterios para la concreci\u00f3n horaria de la reducci\u00f3n de jornada, en atenci\u00f3n a los derechos de conciliaci\u00f3n de la vida personal, familiar y laboral del trabajador y las necesidades productivas y organizativas de las empresas. El trabajador, salvo fuerza mayor, deber\u00e1 preavisar al empresario con una antelaci\u00f3n de quince d\u00edas o la que se determine en el convenio colectivo aplicable, precisando la fecha en que iniciar\u00e1 y finalizar\u00e1 el permiso de lactancia o la reducci\u00f3n de jornada.<\/span><\/p>\n<p style=\"text-align: justify;\"><span style=\"font-family: arial,helvetica,sans-serif; font-size: 14pt;\">\u00a0<\/span><\/p>\n<p style=\"text-align: justify;\"><span style=\"font-family: arial,helvetica,sans-serif; font-size: 14pt;\"><strong>Violencia de g\u00e9nero<\/strong><\/span><\/p>\n<p style=\"text-align: justify;\"><span style=\"font-family: arial,helvetica,sans-serif; font-size: 14pt;\">La trabajadora v\u00edctima de violencia de g\u00e9nero tendr\u00e1 derecho, para hacer efectiva su protecci\u00f3n o su derecho a la asistencia social integral, a la reducci\u00f3n de la jornada de trabajo con disminuci\u00f3n proporcional del salario o a la reordenaci\u00f3n del tiempo de trabajo, a trav\u00e9s de la adaptaci\u00f3n del horario, de la aplicaci\u00f3n del horario flexible o de otras formas de ordenaci\u00f3n del tiempo de trabajo que se utilicen en la empresa.<\/span><\/p>\n<p style=\"text-align: justify;\"><span style=\"font-family: arial,helvetica,sans-serif; font-size: 14pt;\">\u00a0<\/span><\/p>\n<p style=\"text-align: justify;\"><span style=\"font-family: arial,helvetica,sans-serif; font-size: 14pt;\">Estos derechos se podr\u00e1n ejercitar en los t\u00e9rminos que para estos supuestos concretos se establezcan en los convenios colectivos o en los acuerdos entre la empresa y los representantes de los trabajadores, o conforme al acuerdo entre la empresa y la trabajadora afectada. En su defecto, la concreci\u00f3n de estos derechos corresponder\u00e1 a la trabajadora, siendo de aplicaci\u00f3n las reglas establecidas en el apartado anterior incluidas las relativas a la resoluci\u00f3n de discrepancias<\/span><\/p>\n<p><strong><span style=\"font-family: Arial, sans-serif;\"><span style=\"font-size: large;\">Permiso pare\u200b\u200b\u200b\u200b\u200b\u200b\u200bntal<\/span><\/span><\/strong><\/p>\n<p><span style=\"font-family: Arial, sans-serif;\"><span style=\"font-size: large;\">Permiso no retribuido, con una duraci\u00f3n m\u00e1xima de 8 semanas para el cuidado de menores de 8 a\u00f1os.<\/span><\/span><\/p>\n<\/div>\n<\/article>\n<\/div>\n<\/div>\n<\/div>\n<\/div>\n<\/div>\n<footer class=\"art-footer\">\n<div class=\"art-content-layout\" style=\"text-align: justify;\"><span style=\"font-family: arial,helvetica,sans-serif; font-size: 14pt;\">\u00a0<\/span><\/div>\n<\/footer>\n","protected":false},"excerpt":{"rendered":"<p>Permiso de lactancia En los supuestos de nacimiento de hijo, adopci\u00f3n o acogimiento de acuerdo con el art\u00edculo 45.1.d) de esta Ley, para la lactancia del menor hasta que \u00e9ste cumpla nueve meses, los trabajadores tendr\u00e1n derecho a una hora &hellip; <a href=\"https:\/\/fol20.robertoquiros.es\/?page_id=246\">Sigue leyendo <span class=\"meta-nav\">&rarr;<\/span><\/a><\/p>\n","protected":false},"author":1,"featured_media":0,"parent":9,"menu_order":9,"comment_status":"closed","ping_status":"open","template":"","meta":{"footnotes":""},"class_list":["post-246","page","type-page","status-publish","hentry"],"_links":{"self":[{"href":"https:\/\/fol20.robertoquiros.es\/index.php?rest_route=\/wp\/v2\/pages\/246","targetHints":{"allow":["GET"]}}],"collection":[{"href":"https:\/\/fol20.robertoquiros.es\/index.php?rest_route=\/wp\/v2\/pages"}],"about":[{"href":"https:\/\/fol20.robertoquiros.es\/index.php?rest_route=\/wp\/v2\/types\/page"}],"author":[{"embeddable":true,"href":"https:\/\/fol20.robertoquiros.es\/index.php?rest_route=\/wp\/v2\/users\/1"}],"replies":[{"embeddable":true,"href":"https:\/\/fol20.robertoquiros.es\/index.php?rest_route=%2Fwp%2Fv2%2Fcomments&post=246"}],"version-history":[{"count":7,"href":"https:\/\/fol20.robertoquiros.es\/index.php?rest_route=\/wp\/v2\/pages\/246\/revisions"}],"predecessor-version":[{"id":1819,"href":"https:\/\/fol20.robertoquiros.es\/index.php?rest_route=\/wp\/v2\/pages\/246\/revisions\/1819"}],"up":[{"embeddable":true,"href":"https:\/\/fol20.robertoquiros.es\/index.php?rest_route=\/wp\/v2\/pages\/9"}],"wp:attachment":[{"href":"https:\/\/fol20.robertoquiros.es\/index.php?rest_route=%2Fwp%2Fv2%2Fmedia&parent=246"}],"curies":[{"name":"wp","href":"https:\/\/api.w.org\/{rel}","templated":true}]}}