{"id":242,"date":"2015-01-29T21:09:30","date_gmt":"2015-01-29T20:09:30","guid":{"rendered":"http:\/\/folnuevo.fol20.es\/?page_id=242"},"modified":"2020-03-18T14:12:33","modified_gmt":"2020-03-18T13:12:33","slug":"3-8-periodo-de-prueba","status":"publish","type":"page","link":"https:\/\/fol20.robertoquiros.es\/?page_id=242","title":{"rendered":"3.8 Periodo de prueba"},"content":{"rendered":"<div class=\"art-layout-wrapper\">\n<div class=\"art-content-layout\">\n<div class=\"art-content-layout-row\">\n<div class=\"art-layout-cell art-content\">\n<div class=\"item-page\">\n<article class=\"art-post\">\n<div class=\"art-postcontent clearfix\">\n<div class=\"art-article\">\n<p align=\"JUSTIFY\">El per\u00edodo de prueba es un tiempo limitado durante el cual se pretende comprobar si la relaci\u00f3n laboral establecida es satisfactoria para el trabajador y el empresario. Durante este per\u00edodo, el empresario puede despedir libremente y sin causa justificada al trabajador, sin tener que abonarle ninguna indemnizaci\u00f3n.<\/p>\n<p align=\"JUSTIFY\">No es obligatorio que se establezca un per\u00edodo de prueba en los contratos de trabajo, pero si se pacta debe quedar reflejado por escrito.<\/p>\n<p align=\"JUSTIFY\">Durante el per\u00edodo de prueba, como parte del contrato de trabajo, el empresario est\u00e1 obligado a dar de alta al trabajador en la Seguridad Social y a cotizar por \u00e9l, adem\u00e1s de abonarle el salario que corresponde al tiempo que haya trabajado. Si durante el per\u00edodo de prueba, el empresario decide prescindir del trabajador, deber\u00e1 abonarle la liquidaci\u00f3n o finiquito, aunque no la indemnizaci\u00f3n por despido.<\/p>\n<p align=\"CENTER\"><span style=\"color: #0000ff; background-color: #ccffff;\"><span style=\"font-family: Calibri, sans-serif;\"><span style=\"font-size: large; background-color: #ccffff;\"><b>RECUERDA que\u2026<\/b><\/span><\/span><\/span><\/p>\n<p align=\"CENTER\"><span style=\"color: #0000ff; background-color: #ccffff;\"><span style=\"font-family: Calibri, sans-serif;\"><b>Durante el per\u00edodo de prueba, el trabajador tiene todos los derechos y obligaciones derivados del contrato de trabajo.<\/b><\/span><\/span><\/p>\n<p align=\"JUSTIFY\">La Ley limita la duraci\u00f3n m\u00e1xima del per\u00edodo de prueba, dependiendo del tipo y duraci\u00f3n del contrato de trabajo.<\/p>\n<p>Cuadro con las duraciones m\u00e1ximas del periodo de prueba:<\/p>\n<table style=\"border-color: #030202; background-color: #ede8e8;\" border=\"1\" cellspacing=\"0\" cellpadding=\"3\">\n<tbody>\n<tr>\n<td style=\"border-color: #000000;\">\n<p align=\"center\"><strong>Periodo de prueba<\/strong><\/p>\n<p align=\"center\"><strong>\u00a0<\/strong><\/p>\n<\/td>\n<td style=\"border-color: #000000;\">\n<p align=\"center\"><strong>Duraci\u00f3n m\u00e1xima<\/strong><\/p>\n<p align=\"center\"><strong>\u00a0<\/strong><\/p>\n<\/td>\n<\/tr>\n<tr>\n<td style=\"border-color: #000000;\">\n<p align=\"center\">Contrato en practicas T\u00e9cnicos<\/p>\n<p align=\"center\">\n<\/td>\n<td style=\"border-color: #000000;\">\n<p align=\"center\">1 mes<\/p>\n<p align=\"center\">\n<\/td>\n<\/tr>\n<tr>\n<td style=\"border-color: #000000;\">\n<p align=\"center\">Contrato en practicas T\u00e9cnicos<\/p>\n<p align=\"center\">Superiores o Titulados Univer-<\/p>\n<p align=\"center\">sitarios<\/p>\n<p align=\"center\">\n<\/td>\n<td style=\"border-color: #000000;\">\n<p align=\"center\">2 meses<\/p>\n<p align=\"center\">\n<\/td>\n<\/tr>\n<tr>\n<td style=\"border-color: #000000;\">\n<p align=\"center\">Contrato a trabajadores no cualificados<\/p>\n<p align=\"center\">\n<\/td>\n<td style=\"border-color: #000000;\">\n<p align=\"center\">2 meses<\/p>\n<p align=\"center\">\n<\/td>\n<\/tr>\n<tr>\n<td style=\"border-color: #000000;\">\n<p align=\"center\">Contrato a trabajadores no cualificados<\/p>\n<p align=\"center\">en empresas de menos de 25<\/p>\n<p align=\"center\">trabajadores<\/p>\n<p align=\"center\">\n<\/td>\n<td style=\"border-color: #000000;\">\n<p align=\"center\">3 meses<\/p>\n<p align=\"center\">\n<\/td>\n<\/tr>\n<tr>\n<td style=\"border-color: #000000;\">\n<p align=\"center\">Contrato a trabajadores titulados<\/p>\n<p align=\"center\">\n<\/td>\n<td style=\"border-color: #000000;\">\n<p align=\"center\">6 meses<\/p>\n<p align=\"center\">\n<\/td>\n<\/tr>\n<tr>\n<td style=\"border-color: #000000;\">\n<p align=\"center\">Contrato indefinido de apoyo a los emprendedores<\/p>\n<p align=\"center\">\n<\/td>\n<td style=\"border-color: #000000;\">\n<p align=\"center\">1 a\u00f1o<\/p>\n<p align=\"center\">\n<\/td>\n<\/tr>\n<tr>\n<td style=\"border-color: #000000;\">\n<p align=\"center\">Contrato de obra o servicio-inferior a 6 meses<\/p>\n<p align=\"center\">Contrato eventual por circunstancias de la<\/p>\n<p align=\"center\">producci\u00f3n-inferior a 6 meses<\/p>\n<p align=\"center\">Contrato de interinidad-inferior a 6 meses<\/p>\n<\/td>\n<td style=\"border-color: #000000;\">\n<p align=\"center\">1 mes<\/p>\n<\/td>\n<\/tr>\n<\/tbody>\n<\/table>\n<\/div>\n<\/div>\n<\/article>\n<\/div>\n<\/div>\n<\/div>\n<\/div>\n<\/div>\n<footer class=\"art-footer\">\n<div class=\"art-content-layout\"><\/div>\n<\/footer>\n","protected":false},"excerpt":{"rendered":"<p>El per\u00edodo de prueba es un tiempo limitado durante el cual se pretende comprobar si la relaci\u00f3n laboral establecida es satisfactoria para el trabajador y el empresario. Durante este per\u00edodo, el empresario puede despedir libremente y sin causa justificada al &hellip; <a href=\"https:\/\/fol20.robertoquiros.es\/?page_id=242\">Sigue leyendo <span class=\"meta-nav\">&rarr;<\/span><\/a><\/p>\n","protected":false},"author":1,"featured_media":0,"parent":9,"menu_order":8,"comment_status":"closed","ping_status":"open","template":"","meta":{"footnotes":""},"class_list":["post-242","page","type-page","status-publish","hentry"],"_links":{"self":[{"href":"https:\/\/fol20.robertoquiros.es\/index.php?rest_route=\/wp\/v2\/pages\/242","targetHints":{"allow":["GET"]}}],"collection":[{"href":"https:\/\/fol20.robertoquiros.es\/index.php?rest_route=\/wp\/v2\/pages"}],"about":[{"href":"https:\/\/fol20.robertoquiros.es\/index.php?rest_route=\/wp\/v2\/types\/page"}],"author":[{"embeddable":true,"href":"https:\/\/fol20.robertoquiros.es\/index.php?rest_route=\/wp\/v2\/users\/1"}],"replies":[{"embeddable":true,"href":"https:\/\/fol20.robertoquiros.es\/index.php?rest_route=%2Fwp%2Fv2%2Fcomments&post=242"}],"version-history":[{"count":4,"href":"https:\/\/fol20.robertoquiros.es\/index.php?rest_route=\/wp\/v2\/pages\/242\/revisions"}],"predecessor-version":[{"id":1497,"href":"https:\/\/fol20.robertoquiros.es\/index.php?rest_route=\/wp\/v2\/pages\/242\/revisions\/1497"}],"up":[{"embeddable":true,"href":"https:\/\/fol20.robertoquiros.es\/index.php?rest_route=\/wp\/v2\/pages\/9"}],"wp:attachment":[{"href":"https:\/\/fol20.robertoquiros.es\/index.php?rest_route=%2Fwp%2Fv2%2Fmedia&parent=242"}],"curies":[{"name":"wp","href":"https:\/\/api.w.org\/{rel}","templated":true}]}}