{"id":240,"date":"2015-01-29T21:06:53","date_gmt":"2015-01-29T20:06:53","guid":{"rendered":"http:\/\/folnuevo.fol20.es\/?page_id=240"},"modified":"2023-10-26T07:30:08","modified_gmt":"2023-10-26T06:30:08","slug":"3-7-permisos-retribuidos","status":"publish","type":"page","link":"https:\/\/fol20.robertoquiros.es\/?page_id=240","title":{"rendered":"3.7 Permisos retribuidos"},"content":{"rendered":"<div class=\"art-layout-wrapper\">\n<div class=\"art-content-layout\">\n<div class=\"art-content-layout-row\">\n<div class=\"art-layout-cell art-content\">\n<div class=\"item-page\">\n<article class=\"art-post\">\n<div class=\"art-postmetadataheader\">\n<p align=\"JUSTIFY\">Existen una serie de causas, por las que se permite a un trabajador ausentarse del lugar de trabajo con derecho a cobrar el salario correspondiente. Se trata de los \u201cpermisos retribuidos\u201d, que se ejercer\u00e1n avisando con antelaci\u00f3n de la ausencia al empresario o responsable de personal de la empresa de la causa y el tiempo estimado de ausencia. Una vez que el trabajador se reincorpora al trabajo, debe entregar un documento que justifique su ausencia (certificado m\u00e9dico, justificante del juzgado, etc.).<\/p>\n<\/div>\n<div><\/div>\n<div class=\"art-postcontent clearfix\">\n<div class=\"art-article\">\n<p><b><i><a href=\"http:\/\/fol20.robertoquiros.es\/wp-content\/uploads\/2015\/02\/permisos.jpg\"><img loading=\"lazy\" decoding=\"async\" class=\" wp-image-456 aligncenter\" src=\"http:\/\/fol20.robertoquiros.es\/wp-content\/uploads\/2015\/02\/permisos.jpg\" alt=\"permisos\" width=\"189\" height=\"298\" srcset=\"https:\/\/fol20.robertoquiros.es\/wp-content\/uploads\/2015\/02\/permisos.jpg 239w, https:\/\/fol20.robertoquiros.es\/wp-content\/uploads\/2015\/02\/permisos-190x300.jpg 190w\" sizes=\"auto, (max-width: 189px) 100vw, 189px\" \/><\/a><br \/>\n<\/i><\/b><\/p>\n<p>Este es el conjunto de permisos retribuidos:<\/p>\n<table border=\"1\" cellspacing=\"0\" cellpadding=\"0\">\n<tbody>\n<tr>\n<td valign=\"top\" width=\"288\">\n<p align=\"center\"><b>Causa<\/b><\/p>\n<\/td>\n<td valign=\"top\" width=\"288\">\n<p align=\"center\"><b>D\u00edas de permiso<\/b><\/p>\n<\/td>\n<\/tr>\n<tr>\n<td valign=\"top\" width=\"288\">\n<p align=\"center\">Matrimonio<\/p>\n<p align=\"center\">\n<\/td>\n<td valign=\"top\" width=\"288\">\n<p align=\"center\">15 d\u00edas<\/p>\n<\/td>\n<\/tr>\n<tr>\n<td valign=\"top\" width=\"288\">\n<p align=\"center\"><strong> Accidente o enfermedad graves, hospitalizaci\u00f3n o intervenci\u00f3n quir\u00fargica sin hospitalizaci\u00f3n que precise reposo domiciliario.<\/strong> Podr\u00e1n beneficiarse de este permiso las personas que convivan con la persona trabajadora que requiere el cuidado en el mismo domicilio y tambi\u00e9n las parejas de hecho, as\u00ed como a familiares consangu\u00edneos de la pareja de hecho.<\/p>\n<p align=\"center\">\n<\/td>\n<td valign=\"top\" width=\"288\">\n<p align=\"center\">5 d\u00edas<\/p>\n<\/td>\n<\/tr>\n<tr>\n<td valign=\"top\" width=\"288\">\n<p align=\"center\">Traslado del domicilio habitual<\/p>\n<p align=\"center\">\n<\/td>\n<td valign=\"top\" width=\"288\">\n<p align=\"center\">1 d\u00eda<\/p>\n<\/td>\n<\/tr>\n<tr>\n<td><strong>Por causa de fuerza mayor<\/strong> cuando sea necesario por motivos familiares urgentes e imprevisibles, en caso de enfermedad o accidente que hagan indispensable su presencia inmediata<\/td>\n<td style=\"text-align: center;\">4 d\u00edas m\u00e1ximo al a\u00f1o<\/td>\n<\/tr>\n<tr>\n<td>Permiso por fallecimiento familiar hasta segundo grado.<\/p>\n<p align=\"center\">\n<\/td>\n<td>\n<p align=\"center\">2 d\u00edas<\/p>\n<\/td>\n<\/tr>\n<tr>\n<td valign=\"top\" width=\"288\">\n<p align=\"center\">Para el cumplimiento de un deber inexcusable de car\u00e1cter p\u00fablico y personal, comprendido el ejercicio del sufragio activo<\/p>\n<p align=\"center\">\n<\/td>\n<td valign=\"top\" width=\"288\">\n<p align=\"center\">Tiempo indispensable<\/p>\n<\/td>\n<\/tr>\n<tr>\n<td valign=\"top\" width=\"288\">\n<p align=\"center\">Para realizar funciones sindicales o de representaci\u00f3n del personal en los t\u00e9rminos establecidos legal o convencionalmente<\/p>\n<p align=\"center\">\n<\/td>\n<td valign=\"top\" width=\"288\"><\/td>\n<\/tr>\n<tr>\n<td valign=\"top\" width=\"288\">\n<p style=\"text-align: left;\" align=\"center\">Por el tiempo indispensable para la realizaci\u00f3n de ex\u00e1menes prenatales y t\u00e9cnicas de preparaci\u00f3n al parto que deban realizarse dentro de la jornada de trabajo<\/p>\n<\/td>\n<td valign=\"top\" width=\"288\"><\/td>\n<\/tr>\n<tr>\n<td valign=\"top\" width=\"288\">\n<p style=\"text-align: justify;\" align=\"center\">Los trabajadores con al menos un a\u00f1o de antig\u00fcedad en la empresa tienen derecho a un permiso retribuido de 20 horas anuales de formaci\u00f3n vinculada a la actividad de la empresa acumulables por un periodo de hasta cinco a\u00f1os. La concreci\u00f3n del disfrute del permiso se fijar\u00e1 de mutuo acuerdo entre trabajador y empresario.<\/p>\n<\/td>\n<td valign=\"top\" width=\"288\"><\/td>\n<\/tr>\n<\/tbody>\n<\/table>\n<\/div>\n<\/div>\n<\/article>\n<\/div>\n<\/div>\n<\/div>\n<\/div>\n<\/div>\n<footer class=\"art-footer\">\n<div class=\"art-content-layout\"><\/div>\n<\/footer>\n","protected":false},"excerpt":{"rendered":"<p>Existen una serie de causas, por las que se permite a un trabajador ausentarse del lugar de trabajo con derecho a cobrar el salario correspondiente. Se trata de los \u201cpermisos retribuidos\u201d, que se ejercer\u00e1n avisando con antelaci\u00f3n de la ausencia &hellip; <a href=\"https:\/\/fol20.robertoquiros.es\/?page_id=240\">Sigue leyendo <span class=\"meta-nav\">&rarr;<\/span><\/a><\/p>\n","protected":false},"author":1,"featured_media":0,"parent":9,"menu_order":7,"comment_status":"closed","ping_status":"open","template":"","meta":{"footnotes":""},"class_list":["post-240","page","type-page","status-publish","hentry"],"_links":{"self":[{"href":"https:\/\/fol20.robertoquiros.es\/index.php?rest_route=\/wp\/v2\/pages\/240","targetHints":{"allow":["GET"]}}],"collection":[{"href":"https:\/\/fol20.robertoquiros.es\/index.php?rest_route=\/wp\/v2\/pages"}],"about":[{"href":"https:\/\/fol20.robertoquiros.es\/index.php?rest_route=\/wp\/v2\/types\/page"}],"author":[{"embeddable":true,"href":"https:\/\/fol20.robertoquiros.es\/index.php?rest_route=\/wp\/v2\/users\/1"}],"replies":[{"embeddable":true,"href":"https:\/\/fol20.robertoquiros.es\/index.php?rest_route=%2Fwp%2Fv2%2Fcomments&post=240"}],"version-history":[{"count":7,"href":"https:\/\/fol20.robertoquiros.es\/index.php?rest_route=\/wp\/v2\/pages\/240\/revisions"}],"predecessor-version":[{"id":1817,"href":"https:\/\/fol20.robertoquiros.es\/index.php?rest_route=\/wp\/v2\/pages\/240\/revisions\/1817"}],"up":[{"embeddable":true,"href":"https:\/\/fol20.robertoquiros.es\/index.php?rest_route=\/wp\/v2\/pages\/9"}],"wp:attachment":[{"href":"https:\/\/fol20.robertoquiros.es\/index.php?rest_route=%2Fwp%2Fv2%2Fmedia&parent=240"}],"curies":[{"name":"wp","href":"https:\/\/api.w.org\/{rel}","templated":true}]}}