{"id":238,"date":"2015-01-29T21:05:29","date_gmt":"2015-01-29T20:05:29","guid":{"rendered":"http:\/\/folnuevo.fol20.es\/?page_id=238"},"modified":"2020-03-18T14:06:12","modified_gmt":"2020-03-18T13:06:12","slug":"3-4-trabajo-nocturno","status":"publish","type":"page","link":"https:\/\/fol20.robertoquiros.es\/?page_id=238","title":{"rendered":"3.4 Trabajo nocturno"},"content":{"rendered":"<footer class=\"art-footer\">\n<div class=\"art-content-layout\">\n<p align=\"JUSTIFY\"><span style=\"color: #000000;\">Se considera como tal el per\u00edodo comprendido entre las 22:00 horas de un d\u00eda y las 06:00 horas del d\u00eda siguiente. Cuando el trabajador realice su trabajo en horario nocturno, tendr\u00e1 derecho a cobrar el \u201ccomplemento de nocturnidad\u201d (cuya cuant\u00eda se fija en el Convenio Colectivo), siempre que trabaje al menos 3 horas diarias en per\u00edodo nocturno o al menos un tercio de su jornada anual en dicho per\u00edodo. <\/span><\/p>\n<p align=\"JUSTIFY\"><span style=\"color: #000000;\"> Cuando un trabajador trabaja a turnos, no se le puede obligar a estar m\u00e1s de dos semanas seguidas en el turno de noche, salvo que lo acepte de forma voluntaria.<\/span><\/p>\n<p><iframe loading=\"lazy\" style=\"border: 1px solid #CCC; border-width: 1px; margin-bottom: 5px; max-width: 100%;\" src=\"\/\/www.slideshare.net\/slideshow\/embed_code\/key\/x0IgYi8yiVAIwK\" width=\"595\" height=\"485\" frameborder=\"0\" marginwidth=\"0\" marginheight=\"0\" scrolling=\"no\" allowfullscreen=\"allowfullscreen\"> <\/iframe><\/p>\n<div style=\"margin-bottom: 5px;\"><\/div>\n<\/div>\n<\/footer>\n","protected":false},"excerpt":{"rendered":"<p>Se considera como tal el per\u00edodo comprendido entre las 22:00 horas de un d\u00eda y las 06:00 horas del d\u00eda siguiente. Cuando el trabajador realice su trabajo en horario nocturno, tendr\u00e1 derecho a cobrar el \u201ccomplemento de nocturnidad\u201d (cuya cuant\u00eda &hellip; <a href=\"https:\/\/fol20.robertoquiros.es\/?page_id=238\">Sigue leyendo <span class=\"meta-nav\">&rarr;<\/span><\/a><\/p>\n","protected":false},"author":1,"featured_media":0,"parent":9,"menu_order":4,"comment_status":"closed","ping_status":"open","template":"","meta":{"footnotes":""},"class_list":["post-238","page","type-page","status-publish","hentry"],"_links":{"self":[{"href":"https:\/\/fol20.robertoquiros.es\/index.php?rest_route=\/wp\/v2\/pages\/238","targetHints":{"allow":["GET"]}}],"collection":[{"href":"https:\/\/fol20.robertoquiros.es\/index.php?rest_route=\/wp\/v2\/pages"}],"about":[{"href":"https:\/\/fol20.robertoquiros.es\/index.php?rest_route=\/wp\/v2\/types\/page"}],"author":[{"embeddable":true,"href":"https:\/\/fol20.robertoquiros.es\/index.php?rest_route=\/wp\/v2\/users\/1"}],"replies":[{"embeddable":true,"href":"https:\/\/fol20.robertoquiros.es\/index.php?rest_route=%2Fwp%2Fv2%2Fcomments&post=238"}],"version-history":[{"count":5,"href":"https:\/\/fol20.robertoquiros.es\/index.php?rest_route=\/wp\/v2\/pages\/238\/revisions"}],"predecessor-version":[{"id":1491,"href":"https:\/\/fol20.robertoquiros.es\/index.php?rest_route=\/wp\/v2\/pages\/238\/revisions\/1491"}],"up":[{"embeddable":true,"href":"https:\/\/fol20.robertoquiros.es\/index.php?rest_route=\/wp\/v2\/pages\/9"}],"wp:attachment":[{"href":"https:\/\/fol20.robertoquiros.es\/index.php?rest_route=%2Fwp%2Fv2%2Fmedia&parent=238"}],"curies":[{"name":"wp","href":"https:\/\/api.w.org\/{rel}","templated":true}]}}