{"id":236,"date":"2015-01-29T21:03:58","date_gmt":"2015-01-29T20:03:58","guid":{"rendered":"http:\/\/folnuevo.fol20.es\/?page_id=236"},"modified":"2020-03-18T14:05:12","modified_gmt":"2020-03-18T13:05:12","slug":"3-3-horas-extras","status":"publish","type":"page","link":"https:\/\/fol20.robertoquiros.es\/?page_id=236","title":{"rendered":"3.3 Horas extras"},"content":{"rendered":"<div class=\"art-layout-wrapper\">\n<div class=\"art-content-layout\">\n<div class=\"art-content-layout-row\">\n<div class=\"art-layout-cell art-content\">\n<div class=\"item-page\">\n<article class=\"art-post\">\n<div class=\"art-postcontent clearfix\">\n<div class=\"art-article\">\n<p align=\"JUSTIFY\">Se consideran \u201choras extras\u201d todas aquellas que se hagan por encima de la jornada ordinaria de trabajo.<\/p>\n<p align=\"JUSTIFY\"><span style=\"color: #000000;\"> Las horas extraordinarias son voluntarias, salvo las que se hayan pactado previamente y las consideradas de \u201c<\/span><span style=\"color: #000000;\"><i>fuerza mayor<\/i><\/span><span style=\"color: #000000;\">\u201d (para atender inundaciones, incendios, etc.). No se pueden hacer m\u00e1s de 80<\/span><b> <\/b><span style=\"color: #000000;\">horas extras al a\u00f1o, salvo que se compensen con descansos (si se hacen 2 horas extras un d\u00eda, se descansar\u00e1n 2 horas m\u00e1s otro d\u00eda). Si las horas se compensan con descansos, \u00e9stos deber\u00e1n disfrutarse antes de que transcurran 4 meses.<\/span><\/p>\n<p align=\"JUSTIFY\"><span style=\"color: #000000;\"> No se pueden hacer horas extras en per\u00edodo nocturno (de 22:00 horas a 06:00 horas), y los menores de edad no pueden realizarlas en ning\u00fan caso. <\/span><\/p>\n<p align=\"CENTER\"><span style=\"color: #0000ff; background-color: #ccffff;\"><span style=\"font-family: Calibri, sans-serif;\"><span style=\"font-size: large; background-color: #ccffff;\"><b>RECUERDA que\u2026<\/b><\/span><\/span><\/span><\/p>\n<p align=\"CENTER\"><span style=\"color: #0000ff; background-color: #ccffff;\"><span style=\"font-family: Calibri, sans-serif;\"><b>Cada hora extra se pagar\u00e1, como m\u00ednimo, como una hora normal. <\/b><\/span><\/span><\/p>\n<p align=\"CENTER\"><span style=\"color: #0000ff; background-color: #ccffff;\"><span style=\"font-family: Calibri, sans-serif;\"><b>No obstante, es habitual que las horas extras se paguen con un incremento sobre la hora ordinaria.<\/b><\/span><\/span><\/p>\n<p>Presentaci\u00f3n<\/p>\n<p><iframe loading=\"lazy\" src=\"http:\/\/www.slideshare.net\/slideshow\/embed_code\/26815332?rel=0\" width=\"597\" height=\"486\" marginwidth=\"0\" marginheight=\"0\" scrolling=\"no\" allowfullscreen=\"allowfullscreen\"><\/iframe><\/p>\n<\/div>\n<\/div>\n<\/article>\n<\/div>\n<\/div>\n<\/div>\n<\/div>\n<\/div>\n<footer class=\"art-footer\">\n<div class=\"art-content-layout\"><\/div>\n<\/footer>\n","protected":false},"excerpt":{"rendered":"<p>Se consideran \u201choras extras\u201d todas aquellas que se hagan por encima de la jornada ordinaria de trabajo. Las horas extraordinarias son voluntarias, salvo las que se hayan pactado previamente y las consideradas de \u201cfuerza mayor\u201d (para atender inundaciones, incendios, etc.). &hellip; <a href=\"https:\/\/fol20.robertoquiros.es\/?page_id=236\">Sigue leyendo <span class=\"meta-nav\">&rarr;<\/span><\/a><\/p>\n","protected":false},"author":1,"featured_media":0,"parent":9,"menu_order":3,"comment_status":"closed","ping_status":"open","template":"","meta":{"footnotes":""},"class_list":["post-236","page","type-page","status-publish","hentry"],"_links":{"self":[{"href":"https:\/\/fol20.robertoquiros.es\/index.php?rest_route=\/wp\/v2\/pages\/236","targetHints":{"allow":["GET"]}}],"collection":[{"href":"https:\/\/fol20.robertoquiros.es\/index.php?rest_route=\/wp\/v2\/pages"}],"about":[{"href":"https:\/\/fol20.robertoquiros.es\/index.php?rest_route=\/wp\/v2\/types\/page"}],"author":[{"embeddable":true,"href":"https:\/\/fol20.robertoquiros.es\/index.php?rest_route=\/wp\/v2\/users\/1"}],"replies":[{"embeddable":true,"href":"https:\/\/fol20.robertoquiros.es\/index.php?rest_route=%2Fwp%2Fv2%2Fcomments&post=236"}],"version-history":[{"count":3,"href":"https:\/\/fol20.robertoquiros.es\/index.php?rest_route=\/wp\/v2\/pages\/236\/revisions"}],"predecessor-version":[{"id":1490,"href":"https:\/\/fol20.robertoquiros.es\/index.php?rest_route=\/wp\/v2\/pages\/236\/revisions\/1490"}],"up":[{"embeddable":true,"href":"https:\/\/fol20.robertoquiros.es\/index.php?rest_route=\/wp\/v2\/pages\/9"}],"wp:attachment":[{"href":"https:\/\/fol20.robertoquiros.es\/index.php?rest_route=%2Fwp%2Fv2%2Fmedia&parent=236"}],"curies":[{"name":"wp","href":"https:\/\/api.w.org\/{rel}","templated":true}]}}