{"id":234,"date":"2015-01-29T21:02:18","date_gmt":"2015-01-29T20:02:18","guid":{"rendered":"http:\/\/folnuevo.fol20.es\/?page_id=234"},"modified":"2020-03-18T14:02:42","modified_gmt":"2020-03-18T13:02:42","slug":"3-1-jornada-de-trabajo","status":"publish","type":"page","link":"https:\/\/fol20.robertoquiros.es\/?page_id=234","title":{"rendered":"3.1 Jornada de trabajo"},"content":{"rendered":"<div class=\"art-layout-wrapper\">\n<div class=\"art-content-layout\">\n<div class=\"art-content-layout-row\">\n<div class=\"art-layout-cell art-content\">\n<div class=\"item-page\">\n<article class=\"art-post\">\n<div class=\"art-postcontent clearfix\">\n<div class=\"art-article\">\n<p align=\"JUSTIFY\">La jornada de trabajo (n\u00famero de horas que se trabajan al d\u00eda), admite una distribuci\u00f3n irregular, siempre que sean 40 horas semanales, de promedio, al a\u00f1o. Los \u00fanicos l\u00edmites que se establecen son que entre cada jornada tiene que haber un descanso m\u00ednimo de 12 horas, y que el descanso m\u00ednimo semanal ser\u00e1 de d\u00eda y medio ininterrumpido (aunque este \u00faltimo se puede acumular en per\u00edodos de 14 d\u00edas, sumando un total de 3 d\u00edas ininterrumpidos, como m\u00ednimo).<\/p>\n<p align=\"CENTER\"><span style=\"color: #0000ff; background-color: #ccffff;\"><span style=\"font-family: Calibri, sans-serif;\"><span style=\"font-size: large; background-color: #ccffff;\"><b>RECUERDA que\u2026<\/b><\/span><\/span><\/span><\/p>\n<p align=\"CENTER\"><span style=\"background-color: #ccffff;\"><span style=\"color: #0000ff;\"><span style=\"font-family: Calibri, sans-serif;\"><b>Se consideran d\u00edas \u201c<\/b><\/span><\/span><span style=\"color: #0000ff;\"><span style=\"font-family: Calibri, sans-serif;\"><i><b>naturales\u201d<\/b><\/i><\/span><\/span><span style=\"color: #0000ff;\"><span style=\"font-family: Calibri, sans-serif;\"><b> todos los d\u00edas de la semana y d\u00edas \u201c<\/b><\/span><\/span><span style=\"color: #0000ff;\"><span style=\"font-family: Calibri, sans-serif;\"><i><b>h\u00e1biles\u201d<\/b><\/i><\/span><\/span><span style=\"color: #0000ff;\"><span style=\"font-family: Calibri, sans-serif;\"><b> s\u00f3lo los d\u00edas de lunes a viernes, excluidos festivos.<\/b><\/span><\/span><\/span><\/p>\n<p>Presentaci\u00f3n<\/p>\n<p><iframe loading=\"lazy\" src=\"http:\/\/www.slideshare.net\/slideshow\/embed_code\/26815536?rel=0\" width=\"597\" height=\"486\" marginwidth=\"0\" marginheight=\"0\" scrolling=\"no\" allowfullscreen=\"allowfullscreen\"><\/iframe><\/p>\n<div>Recuerda que el empresario puede imponer, de manera unilateral, hasta el 10% de la jornada de forma irregular.<\/div>\n<\/div>\n<\/div>\n<\/article>\n<\/div>\n<\/div>\n<\/div>\n<\/div>\n<\/div>\n<footer class=\"art-footer\">\n<div class=\"art-content-layout\"><\/div>\n<\/footer>\n","protected":false},"excerpt":{"rendered":"<p>La jornada de trabajo (n\u00famero de horas que se trabajan al d\u00eda), admite una distribuci\u00f3n irregular, siempre que sean 40 horas semanales, de promedio, al a\u00f1o. Los \u00fanicos l\u00edmites que se establecen son que entre cada jornada tiene que haber &hellip; <a href=\"https:\/\/fol20.robertoquiros.es\/?page_id=234\">Sigue leyendo <span class=\"meta-nav\">&rarr;<\/span><\/a><\/p>\n","protected":false},"author":1,"featured_media":0,"parent":9,"menu_order":1,"comment_status":"closed","ping_status":"open","template":"","meta":{"footnotes":""},"class_list":["post-234","page","type-page","status-publish","hentry"],"_links":{"self":[{"href":"https:\/\/fol20.robertoquiros.es\/index.php?rest_route=\/wp\/v2\/pages\/234","targetHints":{"allow":["GET"]}}],"collection":[{"href":"https:\/\/fol20.robertoquiros.es\/index.php?rest_route=\/wp\/v2\/pages"}],"about":[{"href":"https:\/\/fol20.robertoquiros.es\/index.php?rest_route=\/wp\/v2\/types\/page"}],"author":[{"embeddable":true,"href":"https:\/\/fol20.robertoquiros.es\/index.php?rest_route=\/wp\/v2\/users\/1"}],"replies":[{"embeddable":true,"href":"https:\/\/fol20.robertoquiros.es\/index.php?rest_route=%2Fwp%2Fv2%2Fcomments&post=234"}],"version-history":[{"count":3,"href":"https:\/\/fol20.robertoquiros.es\/index.php?rest_route=\/wp\/v2\/pages\/234\/revisions"}],"predecessor-version":[{"id":1488,"href":"https:\/\/fol20.robertoquiros.es\/index.php?rest_route=\/wp\/v2\/pages\/234\/revisions\/1488"}],"up":[{"embeddable":true,"href":"https:\/\/fol20.robertoquiros.es\/index.php?rest_route=\/wp\/v2\/pages\/9"}],"wp:attachment":[{"href":"https:\/\/fol20.robertoquiros.es\/index.php?rest_route=%2Fwp%2Fv2%2Fmedia&parent=234"}],"curies":[{"name":"wp","href":"https:\/\/api.w.org\/{rel}","templated":true}]}}