{"id":224,"date":"2015-01-29T19:06:20","date_gmt":"2015-01-29T18:06:20","guid":{"rendered":"http:\/\/folnuevo.fol20.es\/?page_id=224"},"modified":"2022-02-16T16:34:33","modified_gmt":"2022-02-16T15:34:33","slug":"2-8-contrato-eventual","status":"publish","type":"page","link":"https:\/\/fol20.robertoquiros.es\/?page_id=224","title":{"rendered":"2.6 Contrato por circunstancias de la producci\u00f3n"},"content":{"rendered":"<div class=\"art-layout-wrapper\">\n<div class=\"art-content-layout\">\n<div class=\"art-content-layout-row\">\n<div class=\"art-layout-cell art-content\">\n<div class=\"item-page\">\n<article class=\"art-post\">\n<div class=\"art-postcontent clearfix\">\n<div class=\"art-article\">\n<p align=\"JUSTIFY\"><img loading=\"lazy\" decoding=\"async\" class=\"aligncenter size-full wp-image-1710\" src=\"http:\/\/fol20.robertoquiros.es\/wp-content\/uploads\/2022\/02\/turron.jpeg\" alt=\"\" width=\"449\" height=\"220\" srcset=\"https:\/\/fol20.robertoquiros.es\/wp-content\/uploads\/2022\/02\/turron.jpeg 449w, https:\/\/fol20.robertoquiros.es\/wp-content\/uploads\/2022\/02\/turron-300x147.jpeg 300w\" sizes=\"auto, (max-width: 449px) 100vw, 449px\" \/><\/p>\n<p align=\"JUSTIFY\">Se utiliza cuando, como consecuencia de la actividad de la empresa, es necesario afrontar de forma temporal un exceso de pedidos o tareas.<\/p>\n<p align=\"JUSTIFY\">Su duraci\u00f3n no puede superar los 6 meses(o hasta 1 a\u00f1o por acuerdo en Convenio Colectivo Sectorial) para circunstancias imprevisibles y 90 d\u00edas no continuados al a\u00f1o para tareas previsibles.<\/p>\n<p align=\"JUSTIFY\">P<span style=\"color: #000000;\">uede realizarse a tiempo completo o a tiempo parcial, y obligatoriamente debe cumplimentarse por escrito.<\/span><\/p>\n<p align=\"JUSTIFY\">L<span class=\"fontstyle0\">as personas trabajadoras que en un periodo de <span style=\"color: #000000; background-color: #ff0000;\"><strong>veinticuatro meses<\/strong><\/span> hubieran estado contratadas durante un plazo superior a dieciocho meses, con o sin soluci\u00f3n de continuidad, para el mismo o diferente puesto de trabajo con la misma empresa o grupo de empresas, mediante dos o m\u00e1s contratos por circunstancias de la producci\u00f3n, sea directamente o a trav\u00e9s de su puesta a disposici\u00f3n por empresas de trabajo temporal, adquirir\u00e1n la condici\u00f3n de personas trabajadoras fijas. Esta previsi\u00f3n tambi\u00e9n ser\u00e1 de aplicaci\u00f3n cuando se produzcan supuestos de sucesi\u00f3n o subrogaci\u00f3n empresarial conforme a lo dispuesto legal o convencionalmente.<\/span><\/p>\n<\/div>\n<\/div>\n<\/article>\n<\/div>\n<\/div>\n<\/div>\n<\/div>\n<\/div>\n","protected":false},"excerpt":{"rendered":"<p>Se utiliza cuando, como consecuencia de la actividad de la empresa, es necesario afrontar de forma temporal un exceso de pedidos o tareas. Su duraci\u00f3n no puede superar los 6 meses(o hasta 1 a\u00f1o por acuerdo en Convenio Colectivo Sectorial) &hellip; <a href=\"https:\/\/fol20.robertoquiros.es\/?page_id=224\">Sigue leyendo <span class=\"meta-nav\">&rarr;<\/span><\/a><\/p>\n","protected":false},"author":1,"featured_media":0,"parent":7,"menu_order":8,"comment_status":"closed","ping_status":"open","template":"","meta":{"footnotes":""},"class_list":["post-224","page","type-page","status-publish","hentry"],"_links":{"self":[{"href":"https:\/\/fol20.robertoquiros.es\/index.php?rest_route=\/wp\/v2\/pages\/224","targetHints":{"allow":["GET"]}}],"collection":[{"href":"https:\/\/fol20.robertoquiros.es\/index.php?rest_route=\/wp\/v2\/pages"}],"about":[{"href":"https:\/\/fol20.robertoquiros.es\/index.php?rest_route=\/wp\/v2\/types\/page"}],"author":[{"embeddable":true,"href":"https:\/\/fol20.robertoquiros.es\/index.php?rest_route=\/wp\/v2\/users\/1"}],"replies":[{"embeddable":true,"href":"https:\/\/fol20.robertoquiros.es\/index.php?rest_route=%2Fwp%2Fv2%2Fcomments&post=224"}],"version-history":[{"count":10,"href":"https:\/\/fol20.robertoquiros.es\/index.php?rest_route=\/wp\/v2\/pages\/224\/revisions"}],"predecessor-version":[{"id":1711,"href":"https:\/\/fol20.robertoquiros.es\/index.php?rest_route=\/wp\/v2\/pages\/224\/revisions\/1711"}],"up":[{"embeddable":true,"href":"https:\/\/fol20.robertoquiros.es\/index.php?rest_route=\/wp\/v2\/pages\/7"}],"wp:attachment":[{"href":"https:\/\/fol20.robertoquiros.es\/index.php?rest_route=%2Fwp%2Fv2%2Fmedia&parent=224"}],"curies":[{"name":"wp","href":"https:\/\/api.w.org\/{rel}","templated":true}]}}