{"id":220,"date":"2015-01-29T19:02:17","date_gmt":"2015-01-29T18:02:17","guid":{"rendered":"http:\/\/folnuevo.fol20.es\/?page_id=220"},"modified":"2022-02-16T16:32:10","modified_gmt":"2022-02-16T15:32:10","slug":"2-6-contrato-practicas","status":"publish","type":"page","link":"https:\/\/fol20.robertoquiros.es\/?page_id=220","title":{"rendered":"2.5 Contrato formativo para la obtenci\u00f3n de la pr\u00e1ctica profesional"},"content":{"rendered":"<div class=\"art-layout-wrapper\">\n<div class=\"art-content-layout\">\n<div class=\"art-content-layout-row\">\n<div class=\"art-layout-cell art-content\">\n<div class=\"item-page\">\n<article class=\"art-post\">\n<div class=\"art-postcontent clearfix\">\n<div class=\"art-article\">\n<p><img loading=\"lazy\" decoding=\"async\" class=\"aligncenter wp-image-1707 size-medium\" src=\"http:\/\/fol20.robertoquiros.es\/wp-content\/uploads\/2022\/02\/tipos-de-contrato-880-300x153.jpg\" alt=\"\" width=\"300\" height=\"153\" srcset=\"https:\/\/fol20.robertoquiros.es\/wp-content\/uploads\/2022\/02\/tipos-de-contrato-880-300x153.jpg 300w, https:\/\/fol20.robertoquiros.es\/wp-content\/uploads\/2022\/02\/tipos-de-contrato-880-768x393.jpg 768w, https:\/\/fol20.robertoquiros.es\/wp-content\/uploads\/2022\/02\/tipos-de-contrato-880.jpg 880w\" sizes=\"auto, (max-width: 300px) 100vw, 300px\" \/><\/p>\n<p align=\"JUSTIFY\">Este contrato est\u00e1 pensado para trabajadores con formaci\u00f3n pero sin experiencia, siendo sus principales caracter\u00edsticas:<\/p>\n<table border=\"1\" width=\"724\" cellspacing=\"0\" cellpadding=\"9\">\n<colgroup>\n<col width=\"159\" \/>\n<col width=\"527\" \/> <\/colgroup>\n<tbody>\n<tr valign=\"TOP\">\n<td bgcolor=\"#f3f3f3\" width=\"159\">\n<p align=\"CENTER\"><b>Caracter\u00edsticas<\/b><\/p>\n<p align=\"CENTER\"><b>trabajador<\/b><\/p>\n<\/td>\n<td bgcolor=\"#f3f3f3\" width=\"527\">\n<p align=\"JUSTIFY\">Titulados universitarios, de FP y Certificados de Profesionalidad\u00a0 finalizados en los \u00faltimos 3 a\u00f1os(5 a\u00f1os con discapacidad).<\/p>\n<p align=\"JUSTIFY\">Incluye protecci\u00f3n por desempleo.<\/p>\n<\/td>\n<\/tr>\n<tr valign=\"TOP\">\n<td bgcolor=\"#f3f3f3\" width=\"159\">\n<p align=\"CENTER\"><b>Duraci\u00f3n<\/b><\/p>\n<\/td>\n<td bgcolor=\"#f3f3f3\" width=\"527\">\n<p align=\"JUSTIFY\">M\u00ednimo 6 meses, m\u00e1ximo 1 a\u00f1o.<\/p>\n<p align=\"JUSTIFY\">Sumando el tiempo de todos sus contratos en pr\u00e1cticas, en virtud de una misma titulaci\u00f3n, en una o en varias empresas, el trabajador no podr\u00e1 superar la duraci\u00f3n m\u00e1xima.<\/p>\n<p align=\"JUSTIFY\">La suspensi\u00f3n por I.T., nacimiento, lactancia, riesgo durante el embarazo y violencia de g\u00e9nero no se computa para la duraci\u00f3n m\u00e1xima.<\/p>\n<\/td>\n<\/tr>\n<tr valign=\"TOP\">\n<td bgcolor=\"#f3f3f3\" width=\"159\">\n<p align=\"CENTER\"><b>Jornada<\/b><\/p>\n<\/td>\n<td bgcolor=\"#f3f3f3\" width=\"527\">\n<p align=\"JUSTIFY\">A tiempo completo o a tiempo parcial.<\/p>\n<\/td>\n<\/tr>\n<tr valign=\"TOP\">\n<td bgcolor=\"#f3f3f3\" width=\"159\">\n<p align=\"CENTER\"><b>Salario<\/b><\/p>\n<\/td>\n<td bgcolor=\"#f3f3f3\" width=\"527\">\n<p align=\"JUSTIFY\">Fijado en Convenio Colectivo.<\/p>\n<p align=\"JUSTIFY\">Nunca inferior a la fijada para el contrato para la formaci\u00f3n en alternancia, ni al S.M.I. en proporci\u00f3n al tiempo trabajado.<\/p>\n<p align=\"JUSTIFY\">En todos los casos, el salario no podr\u00e1 ser inferior al SMI.<\/p>\n<\/td>\n<\/tr>\n<\/tbody>\n<\/table>\n<p>Presta mucha atenci\u00f3n a los siguientes datos de tu contrato de trabajo:<\/p>\n<p>1. Verifica que tu DNI y tu n\u00ba de afiliaci\u00f3n a la Seguridad Social son correctos (no querr\u00e1s cotizar por otra persona).<\/p>\n<p>2. Presta atenci\u00f3n a la categor\u00eda que te ponen en el contrato, pues de ella dependen tus funciones y lo que cobres.<\/p>\n<p>3. Comprueba que Convenio Colectivo se te aplica (ser\u00eda muy recomendable que lo mirases en Internet antes de firmar el contrato).<\/p>\n<p><strong>4. LEE ANTES DE FIRMAR<\/strong> (tomate el tiempo que necesites).<\/p>\n<p>5. Si sabes el Convenio Colectivo que se te va a aplicar y lo puedes llevar impreso, en el momento de la firma del contrato, seria <strong>IDEAL.<\/strong><\/p>\n<p>6. Lo normal, es que te den una copia dentro del primer mes de trabajo (si no es as\u00ed, p\u00eddela).<\/p>\n<p>7. Normalmente, el resto de datos del contrato pueden incluir la expresi\u00f3n \u201cseg\u00fan convenio\u201d, que significa que en ese apartado se te aplica lo que ponga el Convenio Colectivo.<\/p>\n<\/div>\n<\/div>\n<\/article>\n<\/div>\n<\/div>\n<\/div>\n<\/div>\n<\/div>\n","protected":false},"excerpt":{"rendered":"<p>Este contrato est\u00e1 pensado para trabajadores con formaci\u00f3n pero sin experiencia, siendo sus principales caracter\u00edsticas: Caracter\u00edsticas trabajador Titulados universitarios, de FP y Certificados de Profesionalidad\u00a0 finalizados en los \u00faltimos 3 a\u00f1os(5 a\u00f1os con discapacidad). Incluye protecci\u00f3n por desempleo. Duraci\u00f3n M\u00ednimo &hellip; <a href=\"https:\/\/fol20.robertoquiros.es\/?page_id=220\">Sigue leyendo <span class=\"meta-nav\">&rarr;<\/span><\/a><\/p>\n","protected":false},"author":1,"featured_media":0,"parent":7,"menu_order":6,"comment_status":"closed","ping_status":"open","template":"","meta":{"footnotes":""},"class_list":["post-220","page","type-page","status-publish","hentry"],"_links":{"self":[{"href":"https:\/\/fol20.robertoquiros.es\/index.php?rest_route=\/wp\/v2\/pages\/220","targetHints":{"allow":["GET"]}}],"collection":[{"href":"https:\/\/fol20.robertoquiros.es\/index.php?rest_route=\/wp\/v2\/pages"}],"about":[{"href":"https:\/\/fol20.robertoquiros.es\/index.php?rest_route=\/wp\/v2\/types\/page"}],"author":[{"embeddable":true,"href":"https:\/\/fol20.robertoquiros.es\/index.php?rest_route=\/wp\/v2\/users\/1"}],"replies":[{"embeddable":true,"href":"https:\/\/fol20.robertoquiros.es\/index.php?rest_route=%2Fwp%2Fv2%2Fcomments&post=220"}],"version-history":[{"count":13,"href":"https:\/\/fol20.robertoquiros.es\/index.php?rest_route=\/wp\/v2\/pages\/220\/revisions"}],"predecessor-version":[{"id":1709,"href":"https:\/\/fol20.robertoquiros.es\/index.php?rest_route=\/wp\/v2\/pages\/220\/revisions\/1709"}],"up":[{"embeddable":true,"href":"https:\/\/fol20.robertoquiros.es\/index.php?rest_route=\/wp\/v2\/pages\/7"}],"wp:attachment":[{"href":"https:\/\/fol20.robertoquiros.es\/index.php?rest_route=%2Fwp%2Fv2%2Fmedia&parent=220"}],"curies":[{"name":"wp","href":"https:\/\/api.w.org\/{rel}","templated":true}]}}