{"id":216,"date":"2015-01-29T18:57:44","date_gmt":"2015-01-29T17:57:44","guid":{"rendered":"http:\/\/folnuevo.fol20.es\/?page_id=216"},"modified":"2022-06-03T17:41:02","modified_gmt":"2022-06-03T16:41:02","slug":"2-3-contrato-indefinido","status":"publish","type":"page","link":"https:\/\/fol20.robertoquiros.es\/?page_id=216","title":{"rendered":"2.3 Contrato indefinido"},"content":{"rendered":"<div class=\"art-layout-wrapper\">\n<div class=\"art-content-layout\">\n<div class=\"art-content-layout-row\">\n<div class=\"art-layout-cell art-content\">\n<div class=\"item-page\">\n<article class=\"art-post\">\n<div class=\"art-postcontent clearfix\">\n<div class=\"art-article\">\n<p align=\"JUSTIFY\"><img loading=\"lazy\" decoding=\"async\" class=\"aligncenter size-full wp-image-1702\" src=\"http:\/\/fol20.robertoquiros.es\/wp-content\/uploads\/2022\/02\/el-contrato-de-trabajo-indefinido...jpg\" alt=\"\" width=\"550\" height=\"368\" srcset=\"https:\/\/fol20.robertoquiros.es\/wp-content\/uploads\/2022\/02\/el-contrato-de-trabajo-indefinido...jpg 550w, https:\/\/fol20.robertoquiros.es\/wp-content\/uploads\/2022\/02\/el-contrato-de-trabajo-indefinido..-300x201.jpg 300w\" sizes=\"auto, (max-width: 550px) 100vw, 550px\" \/><\/p>\n<p align=\"JUSTIFY\">El contrato indefinido es el que coloquialmente la gente conoce como \u201cfijo\u201d. La caracter\u00edstica principal de este contrato es que no se sabe cuando acabar\u00e1 la relaci\u00f3n laboral, ya que establece la fecha de inicio, pero no la de final.<\/p>\n<p align=\"JUSTIFY\">El contrato<strong> fijo discontinuo<\/strong> es una modalidad de contrato indefinido en la que no trabajas todo el a\u00f1o, solo durante determinadas \u00e9pocas. Puede ser a tiempo completo o a tiempo parcial. Mira la <strong>cl\u00e1usula 2<\/strong> del contrato indefinido.<\/p>\n<p><a href=\"http:\/\/fol20.robertoquiros.es\/wp-content\/uploads\/2015\/02\/contrato_indefinido_cumplimentado.pdf\">contrato_indefinido_cumplimentado<\/a><a href=\"http:\/\/fol20.robertoquiros.es\/wp-content\/uploads\/2015\/02\/icono-pdf.png\"><img loading=\"lazy\" decoding=\"async\" class=\"alignnone wp-image-630\" src=\"http:\/\/fol20.robertoquiros.es\/wp-content\/uploads\/2015\/02\/icono-pdf.png\" alt=\"icono pdf\" width=\"26\" height=\"38\" \/><\/a><\/p>\n<p><a href=\"https:\/\/www.google.com\/url?sa=t&amp;rct=j&amp;q=&amp;esrc=s&amp;source=web&amp;cd=1&amp;ved=2ahUKEwj18em0sozlAhX0BWMBHeybCekQFjAAegQIARAC&amp;url=https%3A%2F%2Fwww.sepe.es%2FHomeSepe%2Fdam%2Fjcr%3Aed5fd0a8-3fd0-4278-a7ed-92cc56bb460e%2Fguia_contratos_2019%2520%255B09%255D.pdf&amp;usg=AOvVaw2l4hd3nM7qkLLaLE5I5trP\" target=\"_blank\" rel=\"noopener noreferrer\">Instrucciones de como cumplimentar un contrato indefinido <\/a><a href=\"http:\/\/fol20.robertoquiros.es\/wp-content\/uploads\/2015\/02\/icono-pdf.png\"><img loading=\"lazy\" decoding=\"async\" class=\"alignnone wp-image-630\" src=\"http:\/\/fol20.robertoquiros.es\/wp-content\/uploads\/2015\/02\/icono-pdf.png\" alt=\"icono pdf\" width=\"26\" height=\"38\" \/><\/a><\/p>\n<p>Presta mucha atenci\u00f3n a los siguientes datos de tu contrato de trabajo:<\/p>\n<p>1. Verifica que tu DNI y tu n\u00ba de afiliaci\u00f3n a la Seguridad Social son correctos (no querr\u00e1s cotizar por otra persona).<\/p>\n<p>2. Presta atenci\u00f3n a la categor\u00eda que te ponen en el contrato, pues de ella dependen tus funciones y lo que cobres.<\/p>\n<p>3. Comprueba que Convenio Colectivo se te aplica (ser\u00eda muy recomendable que lo mirases en Internet antes de firmar el contrato).<\/p>\n<p><strong>4. LEE ANTES DE FIRMAR<\/strong> (tomate el tiempo que necesites).<\/p>\n<p>5. Si sabes el Convenio Colectivo que se te va a aplicar y lo puedes llevar impreso, en el momento de la firma del contrato, seria <strong>IDEAL.<\/strong><\/p>\n<p>6. Lo normal, es que te den una copia dentro del primer mes de trabajo (si no es as\u00ed, p\u00eddela).<\/p>\n<p>7. Normalmente, el resto de datos del contrato pueden incluir la expresi\u00f3n \u201cseg\u00fan convenio\u201d, que significa que en ese apartado se te aplica lo que ponga el Convenio Colectivo.<\/p>\n<p>Recomendamos instalar y abrir los pdf con\u00a0<a href=\"http:\/\/www.foxitsoftware.com\/Secure_PDF_Reader\/\" target=\"_blank\" rel=\"noopener noreferrer\"><img loading=\"lazy\" decoding=\"async\" class=\"alignnone size-full wp-image-399\" src=\"http:\/\/fol20.robertoquiros.es\/wp-content\/uploads\/2015\/02\/foxit.png\" alt=\"foxit\" width=\"100\" height=\"39\" \/><\/a> , para poder guardar los datos de los contratos.<\/p>\n<p><a href=\"http:\/\/fol20.robertoquiros.es\/wp-content\/uploads\/2015\/02\/2-3_Casos_practicos_contratos_indefinidos.doc\">2-3_Casos_practicos_contratos_indefinidos<\/a><a href=\"http:\/\/fol20.robertoquiros.es\/wp-content\/uploads\/2015\/02\/icono-word.png\"><img loading=\"lazy\" decoding=\"async\" class=\"alignnone wp-image-632\" src=\"http:\/\/fol20.robertoquiros.es\/wp-content\/uploads\/2015\/02\/icono-word.png\" alt=\"icono word\" width=\"26\" height=\"35\" \/><\/a><\/p>\n<p><a href=\"http:\/\/www.sepe.es\/HomeSepe\/empresas\/Contratos-de-trabajo\/modelos-contrato.html\" target=\"_blank\" rel=\"noopener noreferrer\">Contrato indefinido para cumplimentar<\/a> <a href=\"http:\/\/fol20.robertoquiros.es\/wp-content\/uploads\/2015\/02\/icono-mozilla2.png\"><img loading=\"lazy\" decoding=\"async\" class=\"alignnone wp-image-629\" src=\"http:\/\/fol20.robertoquiros.es\/wp-content\/uploads\/2015\/02\/icono-mozilla2.png\" alt=\"icono mozilla2\" width=\"31\" height=\"31\" \/><\/a><\/p>\n<\/div>\n<\/div>\n<\/article>\n<\/div>\n<\/div>\n<\/div>\n<\/div>\n<\/div>\n<footer class=\"art-footer\">\n<div class=\"art-content-layout\"><\/div>\n<\/footer>\n","protected":false},"excerpt":{"rendered":"<p>El contrato indefinido es el que coloquialmente la gente conoce como \u201cfijo\u201d. La caracter\u00edstica principal de este contrato es que no se sabe cuando acabar\u00e1 la relaci\u00f3n laboral, ya que establece la fecha de inicio, pero no la de final. &hellip; <a href=\"https:\/\/fol20.robertoquiros.es\/?page_id=216\">Sigue leyendo <span class=\"meta-nav\">&rarr;<\/span><\/a><\/p>\n","protected":false},"author":1,"featured_media":0,"parent":7,"menu_order":3,"comment_status":"closed","ping_status":"open","template":"","meta":{"footnotes":""},"class_list":["post-216","page","type-page","status-publish","hentry"],"_links":{"self":[{"href":"https:\/\/fol20.robertoquiros.es\/index.php?rest_route=\/wp\/v2\/pages\/216","targetHints":{"allow":["GET"]}}],"collection":[{"href":"https:\/\/fol20.robertoquiros.es\/index.php?rest_route=\/wp\/v2\/pages"}],"about":[{"href":"https:\/\/fol20.robertoquiros.es\/index.php?rest_route=\/wp\/v2\/types\/page"}],"author":[{"embeddable":true,"href":"https:\/\/fol20.robertoquiros.es\/index.php?rest_route=\/wp\/v2\/users\/1"}],"replies":[{"embeddable":true,"href":"https:\/\/fol20.robertoquiros.es\/index.php?rest_route=%2Fwp%2Fv2%2Fcomments&post=216"}],"version-history":[{"count":10,"href":"https:\/\/fol20.robertoquiros.es\/index.php?rest_route=\/wp\/v2\/pages\/216\/revisions"}],"predecessor-version":[{"id":1730,"href":"https:\/\/fol20.robertoquiros.es\/index.php?rest_route=\/wp\/v2\/pages\/216\/revisions\/1730"}],"up":[{"embeddable":true,"href":"https:\/\/fol20.robertoquiros.es\/index.php?rest_route=\/wp\/v2\/pages\/7"}],"wp:attachment":[{"href":"https:\/\/fol20.robertoquiros.es\/index.php?rest_route=%2Fwp%2Fv2%2Fmedia&parent=216"}],"curies":[{"name":"wp","href":"https:\/\/api.w.org\/{rel}","templated":true}]}}