{"id":213,"date":"2015-01-29T18:53:55","date_gmt":"2015-01-29T17:53:55","guid":{"rendered":"http:\/\/folnuevo.fol20.es\/?page_id=213"},"modified":"2020-03-18T13:05:03","modified_gmt":"2020-03-18T12:05:03","slug":"2-2-capacidad","status":"publish","type":"page","link":"https:\/\/fol20.robertoquiros.es\/?page_id=213","title":{"rendered":"2.2 Aspectos b\u00e1sicos"},"content":{"rendered":"<div class=\"art-layout-wrapper\">\n<div class=\"art-content-layout\">\n<div class=\"art-content-layout-row\">\n<div class=\"art-layout-cell art-content\">\n<div class=\"item-page\">\n<article class=\"art-post\">\n<div class=\"art-postmetadataheader\">\n<p align=\"JUSTIFY\">A la hora de firmar un contrato de trabajo, es importante tener en cuenta aspectos b\u00e1sicos, como:<\/p>\n<table border=\"1\" width=\"742\" cellspacing=\"0\" cellpadding=\"9\">\n<colgroup>\n<col width=\"155\" \/>\n<col width=\"549\" \/> <\/colgroup>\n<tbody>\n<tr valign=\"TOP\">\n<td bgcolor=\"#737373\" width=\"155\">\n<p align=\"CENTER\"><span style=\"color: #ffffff;\"><span style=\"font-size: large;\"><b>Aspecto<\/b><\/span><\/span><\/p>\n<\/td>\n<td bgcolor=\"#737373\" width=\"549\">\n<p align=\"CENTER\"><span style=\"color: #ffffff;\"><span style=\"font-size: large;\"><b>Significado<\/b><\/span><\/span><\/p>\n<\/td>\n<\/tr>\n<tr valign=\"TOP\">\n<td width=\"155\">\n<p align=\"CENTER\"><b>Forma<\/b><\/p>\n<\/td>\n<td width=\"549\">\n<p align=\"JUSTIFY\">Puede ser escrita o verbal. Actualmente, salvo alguna excepci\u00f3n, todos los contratos de trabajo deben realizarse obligatoriamente por escrito.<\/p>\n<\/td>\n<\/tr>\n<tr valign=\"TOP\">\n<td width=\"155\">\n<p align=\"CENTER\"><b>Validez<\/b><\/p>\n<\/td>\n<td width=\"549\">\n<p align=\"JUSTIFY\">El trabajador debe firmar el contrato de trabajo para se\u00f1alar que est\u00e1 conforme con lo acordado. Por su parte, el empresario debe entregar una copia del contrato al trabajador y registrarlo en una Oficina de Empleo.<\/p>\n<\/td>\n<\/tr>\n<tr valign=\"TOP\">\n<td width=\"155\">\n<p align=\"CENTER\"><b>Duraci\u00f3n<\/b><\/p>\n<\/td>\n<td width=\"549\">\n<p align=\"JUSTIFY\">Puede ser por tiempo indefinido (sin establecer l\u00edmite de tiempo), o por una duraci\u00f3n determinada (en la que se establece un l\u00edmite temporal).<\/p>\n<\/td>\n<\/tr>\n<\/tbody>\n<\/table>\n<\/div>\n<div><\/div>\n<div class=\"art-postcontent clearfix\">\n<div class=\"art-article\">\n<p><iframe loading=\"lazy\" src=\"http:\/\/www.slideshare.net\/slideshow\/embed_code\/31213229?rel=0\" width=\"597\" height=\"486\" marginwidth=\"0\" marginheight=\"0\" scrolling=\"no\" allowfullscreen=\"allowfullscreen\"><\/iframe><\/p>\n<\/div>\n<\/div>\n<\/article>\n<\/div>\n<\/div>\n<\/div>\n<\/div>\n<\/div>\n","protected":false},"excerpt":{"rendered":"<p>A la hora de firmar un contrato de trabajo, es importante tener en cuenta aspectos b\u00e1sicos, como: Aspecto Significado Forma Puede ser escrita o verbal. Actualmente, salvo alguna excepci\u00f3n, todos los contratos de trabajo deben realizarse obligatoriamente por escrito. Validez &hellip; <a href=\"https:\/\/fol20.robertoquiros.es\/?page_id=213\">Sigue leyendo <span class=\"meta-nav\">&rarr;<\/span><\/a><\/p>\n","protected":false},"author":1,"featured_media":0,"parent":7,"menu_order":2,"comment_status":"closed","ping_status":"open","template":"","meta":{"footnotes":""},"class_list":["post-213","page","type-page","status-publish","hentry"],"_links":{"self":[{"href":"https:\/\/fol20.robertoquiros.es\/index.php?rest_route=\/wp\/v2\/pages\/213","targetHints":{"allow":["GET"]}}],"collection":[{"href":"https:\/\/fol20.robertoquiros.es\/index.php?rest_route=\/wp\/v2\/pages"}],"about":[{"href":"https:\/\/fol20.robertoquiros.es\/index.php?rest_route=\/wp\/v2\/types\/page"}],"author":[{"embeddable":true,"href":"https:\/\/fol20.robertoquiros.es\/index.php?rest_route=\/wp\/v2\/users\/1"}],"replies":[{"embeddable":true,"href":"https:\/\/fol20.robertoquiros.es\/index.php?rest_route=%2Fwp%2Fv2%2Fcomments&post=213"}],"version-history":[{"count":4,"href":"https:\/\/fol20.robertoquiros.es\/index.php?rest_route=\/wp\/v2\/pages\/213\/revisions"}],"predecessor-version":[{"id":1476,"href":"https:\/\/fol20.robertoquiros.es\/index.php?rest_route=\/wp\/v2\/pages\/213\/revisions\/1476"}],"up":[{"embeddable":true,"href":"https:\/\/fol20.robertoquiros.es\/index.php?rest_route=\/wp\/v2\/pages\/7"}],"wp:attachment":[{"href":"https:\/\/fol20.robertoquiros.es\/index.php?rest_route=%2Fwp%2Fv2%2Fmedia&parent=213"}],"curies":[{"name":"wp","href":"https:\/\/api.w.org\/{rel}","templated":true}]}}