{"id":194,"date":"2015-01-29T18:32:03","date_gmt":"2015-01-29T17:32:03","guid":{"rendered":"http:\/\/folnuevo.fol20.es\/?page_id=194"},"modified":"2020-03-18T12:45:18","modified_gmt":"2020-03-18T11:45:18","slug":"1-1-relaciones-laborales","status":"publish","type":"page","link":"https:\/\/fol20.robertoquiros.es\/?page_id=194","title":{"rendered":"1.1 Relaciones laborales"},"content":{"rendered":"<div class=\"art-layout-wrapper\">\n<div class=\"art-content-layout\">\n<div class=\"art-content-layout-row\">\n<div class=\"art-layout-cell art-content\">\n<div class=\"item-page\">\n<article class=\"art-post\">\n<div class=\"art-postcontent clearfix\">\n<div class=\"art-article\">\n<p align=\"JUSTIFY\">Aunque el trabajo es una actividad tan antigua como el hombre, el <b>Derecho Laboral<\/b> surge, como una rama jur\u00eddica independiente, en el siglo XIX para dar respuesta a los problemas econ\u00f3micos y sociales derivados de la Revoluci\u00f3n Industrial, y con el prop\u00f3sito de proteger a la parte m\u00e1s d\u00e9bil de la relaci\u00f3n laboral: el trabajador. Desde ese momento, poco a poco, se van dictando leyes que tienen como objetivo dignificar las condiciones de trabajo.<\/p>\n<p align=\"JUSTIFY\">No todos los trabajos realizados por las personas se consideran \u201crelaciones laborales\u201d. La relaci\u00f3n laboral es la que se establece entre un trabajador y un empleador (empresario), de forma que el trabajador presta sus servicios profesionales (trabajo) al empresario, que dirige el trabajo y se queda con los resultados de ese trabajo. A cambio, el empresario le paga una cantidad econ\u00f3mica (salario) al trabajador. La relaci\u00f3n laboral, se caracteriza porque es:<\/p>\n<table border=\"1\" width=\"742\" cellspacing=\"0\" cellpadding=\"9\">\n<colgroup>\n<col width=\"125\" \/>\n<col width=\"579\" \/> <\/colgroup>\n<tbody>\n<tr valign=\"TOP\">\n<td width=\"125\">\n<p align=\"CENTER\"><b>voluntaria<\/b><\/p>\n<\/td>\n<td width=\"579\">\n<p align=\"JUSTIFY\">El trabajador firma un contrato libremente, sin ser obligado.<\/p>\n<\/td>\n<\/tr>\n<tr valign=\"TOP\">\n<td width=\"125\">\n<p align=\"CENTER\"><b>por cuenta ajena<\/b><\/p>\n<\/td>\n<td width=\"579\">\n<p align=\"JUSTIFY\">Los resultados del trabajo son propiedad del empresario y no del trabajador.<\/p>\n<\/td>\n<\/tr>\n<tr valign=\"TOP\">\n<td width=\"125\">\n<p align=\"CENTER\"><b>retribuida<\/b><\/p>\n<\/td>\n<td width=\"579\">\n<p align=\"JUSTIFY\">El trabajador recibe una compensaci\u00f3n econ\u00f3mica, independientemente de que a la empresa le vaya mejor o peor.<\/p>\n<\/td>\n<\/tr>\n<tr valign=\"TOP\">\n<td width=\"125\">\n<p align=\"CENTER\"><b>personal<\/b><\/p>\n<\/td>\n<td width=\"579\">\n<p align=\"JUSTIFY\">El trabajador debe realizar su trabajo personalmente y no puede ser sustituido por otra persona.<\/p>\n<\/td>\n<\/tr>\n<tr valign=\"TOP\">\n<td width=\"125\">\n<p align=\"CENTER\"><b>dependiente<\/b><\/p>\n<\/td>\n<td width=\"579\">\n<p align=\"JUSTIFY\">El trabajador est\u00e1 sometido a las \u00f3rdenes del empresario, que tiene capacidad para sancionarle.<\/p>\n<\/td>\n<\/tr>\n<\/tbody>\n<\/table>\n<p align=\"CENTER\"><span style=\"color: #0000ff;\"><span style=\"font-family: Calibri, sans-serif;\"><span style=\"font-size: large;\"><b>RECUERDA que\u2026<\/b><\/span><\/span><\/span><\/p>\n<p align=\"CENTER\"><span style=\"color: #0000ff;\"><span style=\"font-family: Calibri, sans-serif;\"><b>S\u00f3lo los trabajos <\/b><\/span><\/span><span style=\"color: #0000ff;\"><span style=\"font-family: Calibri, sans-serif;\"><i><b>por cuenta ajena<\/b><\/i><\/span><\/span><span style=\"color: #0000ff;\"><span style=\"font-family: Calibri, sans-serif;\"><b> y <\/b><\/span><\/span><span style=\"color: #0000ff;\"><span style=\"font-family: Calibri, sans-serif;\"><i><b>dependientes<\/b><\/i><\/span><\/span><span style=\"color: #0000ff;\"><span style=\"font-family: Calibri, sans-serif;\"><b> tienen la consideraci\u00f3n de \u201crelaci\u00f3n laboral\u201d.<\/b><\/span><\/span><\/p>\n<p><span style=\"font-size: 14pt; font-family: arial,helvetica,sans-serif;\"><strong>\u00bfQu\u00e9 es el Derecho Laboral?<\/strong><\/span><\/p>\n<p><iframe loading=\"lazy\" src=\"http:\/\/www.slideshare.net\/slideshow\/embed_code\/16278269\" width=\"597\" height=\"486\" frameborder=\"0\" marginwidth=\"0\" marginheight=\"0\" scrolling=\"no\" allowfullscreen=\"allowfullscreen\"> <\/iframe><\/p>\n<div><\/div>\n<div><span style=\"font-size: 14pt; font-family: arial,helvetica,sans-serif;\"><strong>Relaciones excluidas del Derecho Laboral<\/strong><\/span><\/div>\n<p><iframe loading=\"lazy\" src=\"http:\/\/es.slideshare.net\/slideshow\/embed_code\/16469631\" width=\"597\" height=\"486\" frameborder=\"0\" marginwidth=\"0\" marginheight=\"0\" scrolling=\"no\" allowfullscreen=\"allowfullscreen\"> <\/iframe><\/p>\n<div><strong><span style=\"font-family: arial,helvetica,sans-serif; font-size: 14pt;\">Grados de parentesco<\/span><\/strong> <a href=\"http:\/\/fol20.robertoquiros.es\/wp-content\/uploads\/2015\/01\/IMG-20150929-WA0008.jpg\"><img loading=\"lazy\" decoding=\"async\" class=\"alignnone size-large wp-image-842\" src=\"http:\/\/fol20.robertoquiros.es\/wp-content\/uploads\/2015\/01\/IMG-20150929-WA0008-1024x724.jpg\" alt=\"IMG-20150929-WA0008\" width=\"640\" height=\"453\" srcset=\"https:\/\/fol20.robertoquiros.es\/wp-content\/uploads\/2015\/01\/IMG-20150929-WA0008-1024x724.jpg 1024w, https:\/\/fol20.robertoquiros.es\/wp-content\/uploads\/2015\/01\/IMG-20150929-WA0008-300x212.jpg 300w, https:\/\/fol20.robertoquiros.es\/wp-content\/uploads\/2015\/01\/IMG-20150929-WA0008.jpg 1334w\" sizes=\"auto, (max-width: 640px) 100vw, 640px\" \/><\/a><\/div>\n<\/div>\n<\/div>\n<\/article>\n<\/div>\n<\/div>\n<\/div>\n<\/div>\n<\/div>\n<footer class=\"art-footer\">\n<div class=\"art-content-layout\"><\/div>\n<\/footer>\n","protected":false},"excerpt":{"rendered":"<p>Aunque el trabajo es una actividad tan antigua como el hombre, el Derecho Laboral surge, como una rama jur\u00eddica independiente, en el siglo XIX para dar respuesta a los problemas econ\u00f3micos y sociales derivados de la Revoluci\u00f3n Industrial, y con &hellip; <a href=\"https:\/\/fol20.robertoquiros.es\/?page_id=194\">Sigue leyendo <span class=\"meta-nav\">&rarr;<\/span><\/a><\/p>\n","protected":false},"author":1,"featured_media":0,"parent":4,"menu_order":1,"comment_status":"closed","ping_status":"open","template":"","meta":{"footnotes":""},"class_list":["post-194","page","type-page","status-publish","hentry"],"_links":{"self":[{"href":"https:\/\/fol20.robertoquiros.es\/index.php?rest_route=\/wp\/v2\/pages\/194","targetHints":{"allow":["GET"]}}],"collection":[{"href":"https:\/\/fol20.robertoquiros.es\/index.php?rest_route=\/wp\/v2\/pages"}],"about":[{"href":"https:\/\/fol20.robertoquiros.es\/index.php?rest_route=\/wp\/v2\/types\/page"}],"author":[{"embeddable":true,"href":"https:\/\/fol20.robertoquiros.es\/index.php?rest_route=\/wp\/v2\/users\/1"}],"replies":[{"embeddable":true,"href":"https:\/\/fol20.robertoquiros.es\/index.php?rest_route=%2Fwp%2Fv2%2Fcomments&post=194"}],"version-history":[{"count":9,"href":"https:\/\/fol20.robertoquiros.es\/index.php?rest_route=\/wp\/v2\/pages\/194\/revisions"}],"predecessor-version":[{"id":1463,"href":"https:\/\/fol20.robertoquiros.es\/index.php?rest_route=\/wp\/v2\/pages\/194\/revisions\/1463"}],"up":[{"embeddable":true,"href":"https:\/\/fol20.robertoquiros.es\/index.php?rest_route=\/wp\/v2\/pages\/4"}],"wp:attachment":[{"href":"https:\/\/fol20.robertoquiros.es\/index.php?rest_route=%2Fwp%2Fv2%2Fmedia&parent=194"}],"curies":[{"name":"wp","href":"https:\/\/api.w.org\/{rel}","templated":true}]}}