{"id":190,"date":"2015-01-29T18:18:37","date_gmt":"2015-01-29T17:18:37","guid":{"rendered":"http:\/\/folnuevo.fol20.es\/?page_id=190"},"modified":"2015-02-04T22:27:35","modified_gmt":"2015-02-04T21:27:35","slug":"13-7-trabajo-publico","status":"publish","type":"page","link":"https:\/\/fol20.robertoquiros.es\/?page_id=190","title":{"rendered":"13.7 Trabajo p\u00fablico"},"content":{"rendered":"<div class=\"art-layout-wrapper\">\n<div class=\"art-content-layout\">\n<div class=\"art-content-layout-row\">\n<div class=\"art-layout-cell art-content\">\n<div class=\"item-page\">\n<article class=\"art-post\">\n<div class=\"art-postcontent clearfix\">\n<div class=\"art-article\">\n<p><a href=\"http:\/\/www.empleopublico.eu\/\" target=\"_blank\"><strong>Ofertas de empleo p\u00fablico local, auton\u00f3mico, estatal o europeo <a href=\"http:\/\/fol20.robertoquiros.es\/wp-content\/uploads\/2015\/02\/icono-mozilla2.png\"><img loading=\"lazy\" decoding=\"async\" class=\"alignnone  wp-image-629\" src=\"http:\/\/fol20.robertoquiros.es\/wp-content\/uploads\/2015\/02\/icono-mozilla2.png\" alt=\"icono mozilla2\" width=\"36\" height=\"36\" \/><\/a><\/strong><\/a><\/p>\n<p>&nbsp;<\/p>\n<p><strong>Grupos de funcionarios<\/strong><\/p>\n<table border=\"1\" cellspacing=\"0\" cellpadding=\"0\">\n<tbody>\n<tr>\n<td style=\"border-color: #030202; background-color: #ede8e8;\" valign=\"top\">\n<p align=\"center\"><b>Grupo o subgrupo<\/b><\/p>\n<\/td>\n<td style=\"border-color: #030202; background-color: #ede8e8;\" valign=\"top\"><b>Titulaci\u00f3n de acceso<\/b><\/td>\n<\/tr>\n<tr>\n<td style=\"border-color: #030202; background-color: #ede8e8;\" valign=\"top\">\n<p align=\"center\"><b>A-1<\/b><\/p>\n<p align=\"center\"><b>\u00a0<\/b><\/p>\n<\/td>\n<td style=\"border-color: #030202; background-color: #ede8e8;\" valign=\"top\">Grado universitario<\/td>\n<\/tr>\n<tr>\n<td style=\"border-color: #030202; background-color: #ede8e8;\" valign=\"top\">\n<p align=\"center\"><b>A-2<\/b><\/p>\n<p align=\"center\"><b>\u00a0<\/b><\/p>\n<\/td>\n<td style=\"border-color: #030202; background-color: #ede8e8;\" valign=\"top\">Grado universitario<\/td>\n<\/tr>\n<tr>\n<td style=\"border-color: #030202; background-color: #ede8e8;\" valign=\"top\">\n<p align=\"center\"><b>B<\/b><\/p>\n<p align=\"center\"><b>\u00a0<\/b><\/p>\n<\/td>\n<td style=\"border-color: #030202; background-color: #ede8e8;\" valign=\"top\">T\u00e9cnico Superior<\/td>\n<\/tr>\n<tr>\n<td style=\"border-color: #030202; background-color: #ede8e8;\" valign=\"top\">\n<p align=\"center\"><b>C-1<\/b><\/p>\n<p align=\"center\"><b>\u00a0<\/b><\/p>\n<\/td>\n<td style=\"border-color: #030202; background-color: #ede8e8;\" valign=\"top\">Bachiller o T\u00e9cnico<\/td>\n<\/tr>\n<tr>\n<td style=\"border-color: #030202; background-color: #ede8e8;\" valign=\"top\">\n<p align=\"center\"><b>C-2<\/b><\/p>\n<p align=\"center\"><b>\u00a0<\/b><\/p>\n<\/td>\n<td style=\"border-color: #030202; background-color: #ede8e8;\" valign=\"top\">Graduado en ESO<\/td>\n<\/tr>\n<\/tbody>\n<\/table>\n<\/div>\n<\/div>\n<\/article>\n<\/div>\n<\/div>\n<\/div>\n<\/div>\n<\/div>\n<footer class=\"art-footer\">\n<div class=\"art-content-layout\"><\/div>\n<\/footer>\n","protected":false},"excerpt":{"rendered":"<p>Ofertas de empleo p\u00fablico local, auton\u00f3mico, estatal o europeo &nbsp; Grupos de funcionarios Grupo o subgrupo Titulaci\u00f3n de acceso A-1 \u00a0 Grado universitario A-2 \u00a0 Grado universitario B \u00a0 T\u00e9cnico Superior C-1 \u00a0 Bachiller o T\u00e9cnico C-2 \u00a0 Graduado en &hellip; <a href=\"https:\/\/fol20.robertoquiros.es\/?page_id=190\">Sigue leyendo <span class=\"meta-nav\">&rarr;<\/span><\/a><\/p>\n","protected":false},"author":1,"featured_media":0,"parent":29,"menu_order":7,"comment_status":"closed","ping_status":"open","template":"","meta":{"footnotes":""},"class_list":["post-190","page","type-page","status-publish","hentry"],"_links":{"self":[{"href":"https:\/\/fol20.robertoquiros.es\/index.php?rest_route=\/wp\/v2\/pages\/190","targetHints":{"allow":["GET"]}}],"collection":[{"href":"https:\/\/fol20.robertoquiros.es\/index.php?rest_route=\/wp\/v2\/pages"}],"about":[{"href":"https:\/\/fol20.robertoquiros.es\/index.php?rest_route=\/wp\/v2\/types\/page"}],"author":[{"embeddable":true,"href":"https:\/\/fol20.robertoquiros.es\/index.php?rest_route=\/wp\/v2\/users\/1"}],"replies":[{"embeddable":true,"href":"https:\/\/fol20.robertoquiros.es\/index.php?rest_route=%2Fwp%2Fv2%2Fcomments&post=190"}],"version-history":[{"count":3,"href":"https:\/\/fol20.robertoquiros.es\/index.php?rest_route=\/wp\/v2\/pages\/190\/revisions"}],"predecessor-version":[{"id":724,"href":"https:\/\/fol20.robertoquiros.es\/index.php?rest_route=\/wp\/v2\/pages\/190\/revisions\/724"}],"up":[{"embeddable":true,"href":"https:\/\/fol20.robertoquiros.es\/index.php?rest_route=\/wp\/v2\/pages\/29"}],"wp:attachment":[{"href":"https:\/\/fol20.robertoquiros.es\/index.php?rest_route=%2Fwp%2Fv2%2Fmedia&parent=190"}],"curies":[{"name":"wp","href":"https:\/\/api.w.org\/{rel}","templated":true}]}}