{"id":173,"date":"2015-01-29T18:02:58","date_gmt":"2015-01-29T17:02:58","guid":{"rendered":"http:\/\/folnuevo.fol20.es\/?page_id=173"},"modified":"2017-11-16T17:51:51","modified_gmt":"2017-11-16T16:51:51","slug":"12-6-negociacionconflictos","status":"publish","type":"page","link":"https:\/\/fol20.robertoquiros.es\/?page_id=173","title":{"rendered":"12.6 Negociaci\u00f3n\/conflictos"},"content":{"rendered":"<div class=\"art-layout-wrapper\">\n<div class=\"art-content-layout\">\n<div class=\"art-content-layout-row\">\n<div class=\"art-layout-cell art-content\">\n<div class=\"item-page\">\n<article class=\"art-post\">\n<div class=\"art-postcontent clearfix\">\n<div class=\"art-article\">\n<p style=\"text-align: center;\"><strong>V\u00eddeo sobre negociaci\u00f3n<\/strong><\/p>\n<p><iframe loading=\"lazy\" src=\"http:\/\/www.youtube.com\/embed\/ZePYYcC0WBk?rel=0\" width=\"640\" height=\"480\" allowfullscreen=\"allowfullscreen\"><\/iframe><\/p>\n<p>&nbsp;<\/p>\n<p><iframe loading=\"lazy\" src=\"http:\/\/www.youtube.com\/embed\/_NYpYqOocYw?rel=0\" width=\"640\" height=\"360\" allowfullscreen=\"allowfullscreen\"><\/iframe><\/p>\n<p>&nbsp;<\/p>\n<p><iframe loading=\"lazy\" src=\"http:\/\/www.youtube.com\/embed\/qwYD18L0__U\" width=\"640\" height=\"360\" allowfullscreen=\"allowfullscreen\"><\/iframe><\/p>\n<p>&nbsp;<\/p>\n<p><iframe loading=\"lazy\" src=\"http:\/\/www.slideshare.net\/slideshow\/embed_code\/16464220\" width=\"597\" height=\"486\" marginwidth=\"0\" marginheight=\"0\" scrolling=\"no\" allowfullscreen=\"allowfullscreen\"><\/iframe><\/p>\n<div><\/div>\n<p><iframe loading=\"lazy\" src=\"http:\/\/www.slideshare.net\/slideshow\/embed_code\/35120668?rel=0\" width=\"597\" height=\"486\" marginwidth=\"0\" marginheight=\"0\" scrolling=\"no\" allowfullscreen=\"allowfullscreen\"><\/iframe><\/p>\n<p style=\"text-align: center;\"><span style=\"font-family: arial black,sans-serif; font-size: 14pt;\">Influencia de la posici\u00f3n de los negociadores en la mesa<\/span><\/p>\n<p><a href=\"http:\/\/fol20.robertoquiros.es\/?attachment_id=1113\" rel=\"attachment wp-att-1113\"><img loading=\"lazy\" decoding=\"async\" class=\"aligncenter size-full wp-image-1113\" src=\"http:\/\/fol20.robertoquiros.es\/wp-content\/uploads\/2017\/11\/mesa.png\" alt=\"\" width=\"363\" height=\"158\" srcset=\"https:\/\/fol20.robertoquiros.es\/wp-content\/uploads\/2017\/11\/mesa.png 363w, https:\/\/fol20.robertoquiros.es\/wp-content\/uploads\/2017\/11\/mesa-300x131.png 300w\" sizes=\"auto, (max-width: 363px) 100vw, 363px\" \/><\/a><span style=\"font-family: arial,helvetica,sans-serif;\">A-B1: Relaci\u00f3n cordial<\/span><\/p>\n<p><span style=\"font-family: arial,helvetica,sans-serif;\">A- B2: Relaci\u00f3n de cooperaci\u00f3n<\/span><\/p>\n<p><span style=\"font-family: arial,helvetica,sans-serif;\">A-B3: Confrontaci\u00f3n y competencia<\/span><\/p>\n<p><span style=\"font-family: arial,helvetica,sans-serif;\">A-B4: Alejamiento y distanciamiento<\/span><\/p>\n<\/div>\n<\/div>\n<\/article>\n<\/div>\n<\/div>\n<\/div>\n<\/div>\n<\/div>\n","protected":false},"excerpt":{"rendered":"<p>V\u00eddeo sobre negociaci\u00f3n &nbsp; &nbsp; &nbsp; Influencia de la posici\u00f3n de los negociadores en la mesa A-B1: Relaci\u00f3n cordial A- B2: Relaci\u00f3n de cooperaci\u00f3n A-B3: Confrontaci\u00f3n y competencia A-B4: Alejamiento y distanciamiento<\/p>\n","protected":false},"author":1,"featured_media":0,"parent":27,"menu_order":6,"comment_status":"closed","ping_status":"open","template":"","meta":{"footnotes":""},"class_list":["post-173","page","type-page","status-publish","hentry"],"_links":{"self":[{"href":"https:\/\/fol20.robertoquiros.es\/index.php?rest_route=\/wp\/v2\/pages\/173","targetHints":{"allow":["GET"]}}],"collection":[{"href":"https:\/\/fol20.robertoquiros.es\/index.php?rest_route=\/wp\/v2\/pages"}],"about":[{"href":"https:\/\/fol20.robertoquiros.es\/index.php?rest_route=\/wp\/v2\/types\/page"}],"author":[{"embeddable":true,"href":"https:\/\/fol20.robertoquiros.es\/index.php?rest_route=\/wp\/v2\/users\/1"}],"replies":[{"embeddable":true,"href":"https:\/\/fol20.robertoquiros.es\/index.php?rest_route=%2Fwp%2Fv2%2Fcomments&post=173"}],"version-history":[{"count":3,"href":"https:\/\/fol20.robertoquiros.es\/index.php?rest_route=\/wp\/v2\/pages\/173\/revisions"}],"predecessor-version":[{"id":1114,"href":"https:\/\/fol20.robertoquiros.es\/index.php?rest_route=\/wp\/v2\/pages\/173\/revisions\/1114"}],"up":[{"embeddable":true,"href":"https:\/\/fol20.robertoquiros.es\/index.php?rest_route=\/wp\/v2\/pages\/27"}],"wp:attachment":[{"href":"https:\/\/fol20.robertoquiros.es\/index.php?rest_route=%2Fwp%2Fv2%2Fmedia&parent=173"}],"curies":[{"name":"wp","href":"https:\/\/api.w.org\/{rel}","templated":true}]}}