{"id":161,"date":"2015-01-29T17:48:42","date_gmt":"2015-01-29T16:48:42","guid":{"rendered":"http:\/\/folnuevo.fol20.es\/?page_id=161"},"modified":"2020-03-18T17:29:43","modified_gmt":"2020-03-18T16:29:43","slug":"11-14-botiquin","status":"publish","type":"page","link":"https:\/\/fol20.robertoquiros.es\/?page_id=161","title":{"rendered":"11.14 Botiqu\u00edn"},"content":{"rendered":"<div class=\"art-layout-wrapper\">\n<div class=\"art-content-layout\">\n<div class=\"art-content-layout-row\">\n<div class=\"art-layout-cell art-content\">\n<div class=\"item-page\">\n<article class=\"art-post\">\n<div class=\"art-postcontent clearfix\">\n<div class=\"art-article\">\n<p align=\"JUSTIFY\">En todos los centros de trabajo debe existir obligatoriamente, al menos, un botiqu\u00edn port\u00e1til con un contenido determinado.<\/p>\n<p align=\"JUSTIFY\"><span style=\"color: #003000;\">Adem\u00e1s, cuando un centro de trabajo tenga mas de 50 trabajadores (o m\u00e1s de 25 trabajadores y desarrolle trabajos peligrosos), deber\u00e1 tener un local de primeros auxilios se\u00f1alizado, con botiqu\u00edn, camilla y fuente de agua potable.<\/span><\/p>\n<p><iframe loading=\"lazy\" src=\"http:\/\/es.slideshare.net\/slideshow\/embed_code\/16007559\" width=\"597\" height=\"486\" frameborder=\"0\" marginwidth=\"0\" marginheight=\"0\" scrolling=\"no\" allowfullscreen=\"allowfullscreen\"> <\/iframe><\/p>\n<\/div>\n<\/div>\n<\/article>\n<\/div>\n<\/div>\n<\/div>\n<\/div>\n<\/div>\n","protected":false},"excerpt":{"rendered":"<p>En todos los centros de trabajo debe existir obligatoriamente, al menos, un botiqu\u00edn port\u00e1til con un contenido determinado. Adem\u00e1s, cuando un centro de trabajo tenga mas de 50 trabajadores (o m\u00e1s de 25 trabajadores y desarrolle trabajos peligrosos), deber\u00e1 tener &hellip; <a href=\"https:\/\/fol20.robertoquiros.es\/?page_id=161\">Sigue leyendo <span class=\"meta-nav\">&rarr;<\/span><\/a><\/p>\n","protected":false},"author":1,"featured_media":0,"parent":25,"menu_order":14,"comment_status":"closed","ping_status":"open","template":"","meta":{"footnotes":""},"class_list":["post-161","page","type-page","status-publish","hentry"],"_links":{"self":[{"href":"https:\/\/fol20.robertoquiros.es\/index.php?rest_route=\/wp\/v2\/pages\/161","targetHints":{"allow":["GET"]}}],"collection":[{"href":"https:\/\/fol20.robertoquiros.es\/index.php?rest_route=\/wp\/v2\/pages"}],"about":[{"href":"https:\/\/fol20.robertoquiros.es\/index.php?rest_route=\/wp\/v2\/types\/page"}],"author":[{"embeddable":true,"href":"https:\/\/fol20.robertoquiros.es\/index.php?rest_route=\/wp\/v2\/users\/1"}],"replies":[{"embeddable":true,"href":"https:\/\/fol20.robertoquiros.es\/index.php?rest_route=%2Fwp%2Fv2%2Fcomments&post=161"}],"version-history":[{"count":3,"href":"https:\/\/fol20.robertoquiros.es\/index.php?rest_route=\/wp\/v2\/pages\/161\/revisions"}],"predecessor-version":[{"id":1557,"href":"https:\/\/fol20.robertoquiros.es\/index.php?rest_route=\/wp\/v2\/pages\/161\/revisions\/1557"}],"up":[{"embeddable":true,"href":"https:\/\/fol20.robertoquiros.es\/index.php?rest_route=\/wp\/v2\/pages\/25"}],"wp:attachment":[{"href":"https:\/\/fol20.robertoquiros.es\/index.php?rest_route=%2Fwp%2Fv2%2Fmedia&parent=161"}],"curies":[{"name":"wp","href":"https:\/\/api.w.org\/{rel}","templated":true}]}}