{"id":149,"date":"2015-01-29T17:39:17","date_gmt":"2015-01-29T16:39:17","guid":{"rendered":"http:\/\/folnuevo.fol20.es\/?page_id=149"},"modified":"2020-03-18T17:26:01","modified_gmt":"2020-03-18T16:26:01","slug":"11-8-triage","status":"publish","type":"page","link":"https:\/\/fol20.robertoquiros.es\/?page_id=149","title":{"rendered":"11.8 Triage"},"content":{"rendered":"<div class=\"art-layout-wrapper\">\n<div class=\"art-content-layout\">\n<div class=\"art-content-layout-row\">\n<div class=\"art-layout-cell art-content\">\n<div class=\"item-page\">\n<article class=\"art-post\">\n<div class=\"art-postcontent clearfix\">\n<div class=\"art-article\">\n<p align=\"JUSTIFY\">El <i>triage<\/i> es una t\u00e9cnica que se utiliza para clasificar a las personas heridas seg\u00fan el orden de urgencia en su atenci\u00f3n, en funci\u00f3n de la gravedad de las lesiones que sufren. Su objetivo es salvar vidas, optimizando los recursos sanitarios. Los heridos son clasificados con tarjetas de colores, cada una de las cuales tiene un significado y establece una prioridad de actuaci\u00f3n m\u00e1s o menos urgente.<\/p>\n<p><iframe loading=\"lazy\" src=\"http:\/\/es.slideshare.net\/slideshow\/embed_code\/16007684\" width=\"597\" height=\"486\" frameborder=\"0\" marginwidth=\"0\" marginheight=\"0\" scrolling=\"no\" allowfullscreen=\"allowfullscreen\"> <\/iframe><\/p>\n<div><\/div>\n<\/div>\n<\/div>\n<\/article>\n<\/div>\n<\/div>\n<\/div>\n<\/div>\n<\/div>\n<footer class=\"art-footer\">\n<div class=\"art-content-layout\"><\/div>\n<\/footer>\n","protected":false},"excerpt":{"rendered":"<p>El triage es una t\u00e9cnica que se utiliza para clasificar a las personas heridas seg\u00fan el orden de urgencia en su atenci\u00f3n, en funci\u00f3n de la gravedad de las lesiones que sufren. Su objetivo es salvar vidas, optimizando los recursos &hellip; <a href=\"https:\/\/fol20.robertoquiros.es\/?page_id=149\">Sigue leyendo <span class=\"meta-nav\">&rarr;<\/span><\/a><\/p>\n","protected":false},"author":1,"featured_media":0,"parent":25,"menu_order":8,"comment_status":"closed","ping_status":"open","template":"","meta":{"footnotes":""},"class_list":["post-149","page","type-page","status-publish","hentry"],"_links":{"self":[{"href":"https:\/\/fol20.robertoquiros.es\/index.php?rest_route=\/wp\/v2\/pages\/149","targetHints":{"allow":["GET"]}}],"collection":[{"href":"https:\/\/fol20.robertoquiros.es\/index.php?rest_route=\/wp\/v2\/pages"}],"about":[{"href":"https:\/\/fol20.robertoquiros.es\/index.php?rest_route=\/wp\/v2\/types\/page"}],"author":[{"embeddable":true,"href":"https:\/\/fol20.robertoquiros.es\/index.php?rest_route=\/wp\/v2\/users\/1"}],"replies":[{"embeddable":true,"href":"https:\/\/fol20.robertoquiros.es\/index.php?rest_route=%2Fwp%2Fv2%2Fcomments&post=149"}],"version-history":[{"count":3,"href":"https:\/\/fol20.robertoquiros.es\/index.php?rest_route=\/wp\/v2\/pages\/149\/revisions"}],"predecessor-version":[{"id":1555,"href":"https:\/\/fol20.robertoquiros.es\/index.php?rest_route=\/wp\/v2\/pages\/149\/revisions\/1555"}],"up":[{"embeddable":true,"href":"https:\/\/fol20.robertoquiros.es\/index.php?rest_route=\/wp\/v2\/pages\/25"}],"wp:attachment":[{"href":"https:\/\/fol20.robertoquiros.es\/index.php?rest_route=%2Fwp%2Fv2%2Fmedia&parent=149"}],"curies":[{"name":"wp","href":"https:\/\/api.w.org\/{rel}","templated":true}]}}