{"id":143,"date":"2015-01-29T17:33:57","date_gmt":"2015-01-29T16:33:57","guid":{"rendered":"http:\/\/folnuevo.fol20.es\/?page_id=143"},"modified":"2020-03-18T17:23:43","modified_gmt":"2020-03-18T16:23:43","slug":"11-5-svb","status":"publish","type":"page","link":"https:\/\/fol20.robertoquiros.es\/?page_id=143","title":{"rendered":"11.5 SVB"},"content":{"rendered":"<p><strong><span style=\"font-size: 18pt;\">Soporte Vital B\u00e1sico(SVB)<\/span><\/strong><\/p>\n<p><img loading=\"lazy\" decoding=\"async\" class=\"aligncenter size-large wp-image-1553\" src=\"http:\/\/fol20.robertoquiros.es\/wp-content\/uploads\/2020\/03\/rcp-839x1024.jpg\" alt=\"\" width=\"640\" height=\"781\" srcset=\"https:\/\/fol20.robertoquiros.es\/wp-content\/uploads\/2020\/03\/rcp-839x1024.jpg 839w, https:\/\/fol20.robertoquiros.es\/wp-content\/uploads\/2020\/03\/rcp-246x300.jpg 246w, https:\/\/fol20.robertoquiros.es\/wp-content\/uploads\/2020\/03\/rcp-768x937.jpg 768w, https:\/\/fol20.robertoquiros.es\/wp-content\/uploads\/2020\/03\/rcp.jpg 1092w\" sizes=\"auto, (max-width: 640px) 100vw, 640px\" \/><br \/><iframe loading=\"lazy\" src=\"http:\/\/es.slideshare.net\/slideshow\/embed_code\/16007669\" width=\"597\" height=\"486\" frameborder=\"0\" marginwidth=\"0\" marginheight=\"0\" scrolling=\"no\" allowfullscreen=\"allowfullscreen\"> <\/iframe><\/p>\n<div class=\"art-layout-wrapper\">\n<div class=\"art-content-layout\">\n<div class=\"art-content-layout-row\">\n<div class=\"art-layout-cell art-content\">\n<div class=\"item-page\">\n<article class=\"art-post\">\n<div class=\"art-postcontent clearfix\">\n<div class=\"art-article\">\n<p><span style=\"font-family: arial,helvetica,sans-serif;\">Posici\u00f3n lateral de seguridad<\/span><iframe loading=\"lazy\" src=\"https:\/\/www.youtube.com\/embed\/xpoPin4bS7U?rel=0\" width=\"640\" height=\"360\" frameborder=\"0\" allowfullscreen=\"allowfullscreen\"><\/iframe><\/p>\n<p><span style=\"font-family: arial,helvetica,sans-serif; font-size: 14pt;\">Tracci\u00f3n mandibular(despejando vias)<\/span><iframe loading=\"lazy\" src=\"https:\/\/www.youtube.com\/embed\/7ms49EQ9OWE?rel=0\" width=\"640\" height=\"480\" frameborder=\"0\" allowfullscreen=\"allowfullscreen\"><\/iframe><\/p>\n<\/div>\n<\/div>\n<\/article>\n<\/div>\n<\/div>\n<\/div>\n<\/div>\n<\/div>\n\n\n<figure class=\"wp-block-embed-youtube wp-block-embed is-type-video is-provider-youtube wp-embed-aspect-16-9 wp-has-aspect-ratio\"><div class=\"wp-block-embed__wrapper\">\n<iframe loading=\"lazy\" title=\"2. Maniobra Frente Ment\u00f3n - Abrir la V\u00eda A\u00e9rea en Personas Inconscientes\" width=\"640\" height=\"360\" src=\"https:\/\/www.youtube.com\/embed\/S7-CeEzcwfg?feature=oembed\" frameborder=\"0\" allow=\"accelerometer; autoplay; clipboard-write; encrypted-media; gyroscope; picture-in-picture; web-share\" referrerpolicy=\"strict-origin-when-cross-origin\" allowfullscreen><\/iframe>\n<\/div><\/figure>\n","protected":false},"excerpt":{"rendered":"<p>Soporte Vital B\u00e1sico(SVB) Posici\u00f3n lateral de seguridad Tracci\u00f3n mandibular(despejando vias)<\/p>\n","protected":false},"author":1,"featured_media":0,"parent":25,"menu_order":5,"comment_status":"closed","ping_status":"open","template":"","meta":{"footnotes":""},"class_list":["post-143","page","type-page","status-publish","hentry"],"_links":{"self":[{"href":"https:\/\/fol20.robertoquiros.es\/index.php?rest_route=\/wp\/v2\/pages\/143","targetHints":{"allow":["GET"]}}],"collection":[{"href":"https:\/\/fol20.robertoquiros.es\/index.php?rest_route=\/wp\/v2\/pages"}],"about":[{"href":"https:\/\/fol20.robertoquiros.es\/index.php?rest_route=\/wp\/v2\/types\/page"}],"author":[{"embeddable":true,"href":"https:\/\/fol20.robertoquiros.es\/index.php?rest_route=\/wp\/v2\/users\/1"}],"replies":[{"embeddable":true,"href":"https:\/\/fol20.robertoquiros.es\/index.php?rest_route=%2Fwp%2Fv2%2Fcomments&post=143"}],"version-history":[{"count":7,"href":"https:\/\/fol20.robertoquiros.es\/index.php?rest_route=\/wp\/v2\/pages\/143\/revisions"}],"predecessor-version":[{"id":1554,"href":"https:\/\/fol20.robertoquiros.es\/index.php?rest_route=\/wp\/v2\/pages\/143\/revisions\/1554"}],"up":[{"embeddable":true,"href":"https:\/\/fol20.robertoquiros.es\/index.php?rest_route=\/wp\/v2\/pages\/25"}],"wp:attachment":[{"href":"https:\/\/fol20.robertoquiros.es\/index.php?rest_route=%2Fwp%2Fv2%2Fmedia&parent=143"}],"curies":[{"name":"wp","href":"https:\/\/api.w.org\/{rel}","templated":true}]}}