{"id":141,"date":"2015-01-29T17:31:44","date_gmt":"2015-01-29T16:31:44","guid":{"rendered":"http:\/\/folnuevo.fol20.es\/?page_id=141"},"modified":"2020-03-18T17:21:09","modified_gmt":"2020-03-18T16:21:09","slug":"11-4-pas","status":"publish","type":"page","link":"https:\/\/fol20.robertoquiros.es\/?page_id=141","title":{"rendered":"11.4 PAS"},"content":{"rendered":"<div class=\"art-layout-wrapper\">\n<div class=\"art-content-layout\">\n<div class=\"art-content-layout-row\">\n<div class=\"art-layout-cell art-content\">\n<div class=\"item-page\">\n<article class=\"art-post\">\n<div class=\"art-postcontent clearfix\">\n<div class=\"art-article\">\n<p align=\"JUSTIFY\">En caso de producirse una situaci\u00f3n de emergencia, determinados trabajadores como los Delegados de Prevenci\u00f3n, por ejemplo, personal sanitario, y otros trabajadores con formaci\u00f3n en la materia, pueden realizar una ayuda y\/o intervenci\u00f3n de primeros auxilios que puede resultar de gran valor para la salud y seguridad de las personas afectadas.<\/p>\n<p align=\"JUSTIFY\">En cualquier emergencia, hay que actuar con decisi\u00f3n y rapidez, siguiendo el protocolo <b>PAS<\/b>, que consiste en:<\/p>\n<dl>\n<dd>\n<table border=\"1\" width=\"688\" cellspacing=\"0\" cellpadding=\"9\">\n<colgroup>\n<col width=\"41\" \/>\n<col width=\"87\" \/>\n<col width=\"504\" \/> <\/colgroup>\n<tbody>\n<tr valign=\"TOP\">\n<td width=\"41\">\n<p align=\"CENTER\"><span style=\"font-size: large;\"><b>P<\/b><\/span><\/p>\n<\/td>\n<td width=\"87\">\n<p align=\"CENTER\"><b>Proteger<\/b><\/p>\n<\/td>\n<td width=\"504\">\n<p align=\"JUSTIFY\">El lugar del accidente (cortando la corriente el\u00e9ctrica, se\u00f1alizando la zona para evitar nuevos accidentes, etc.).<\/p>\n<\/td>\n<\/tr>\n<tr valign=\"TOP\">\n<td width=\"41\">\n<p align=\"CENTER\"><span style=\"font-size: large;\"><b>A<\/b><\/span><\/p>\n<\/td>\n<td width=\"87\">\n<p align=\"CENTER\"><b>Avisar<\/b><\/p>\n<\/td>\n<td width=\"504\">\n<p align=\"JUSTIFY\">A los servicios de emergencia (activando la alarma, llamando al 112, etc.).<\/p>\n<\/td>\n<\/tr>\n<tr valign=\"TOP\">\n<td width=\"41\">\n<p align=\"CENTER\"><span style=\"font-size: large;\"><b>S<\/b><\/span><\/p>\n<\/td>\n<td width=\"87\">\n<p align=\"CENTER\"><b>Socorrer<\/b><\/p>\n<\/td>\n<td width=\"504\">\n<p align=\"JUSTIFY\">A las personas accidentadas (siempre con mucha precauci\u00f3n y en funci\u00f3n de nuestros conocimientos sobre primeros auxilios).<\/p>\n<\/td>\n<\/tr>\n<\/tbody>\n<\/table>\n<\/dd>\n<\/dl>\n<p><iframe loading=\"lazy\" src=\"http:\/\/es.slideshare.net\/slideshow\/embed_code\/16007574\" width=\"597\" height=\"486\" frameborder=\"0\" marginwidth=\"0\" marginheight=\"0\" scrolling=\"no\" allowfullscreen=\"allowfullscreen\"> <\/iframe><\/p>\n<\/div>\n<\/div>\n<\/article>\n<\/div>\n<\/div>\n<\/div>\n<\/div>\n<\/div>\n","protected":false},"excerpt":{"rendered":"<p>En caso de producirse una situaci\u00f3n de emergencia, determinados trabajadores como los Delegados de Prevenci\u00f3n, por ejemplo, personal sanitario, y otros trabajadores con formaci\u00f3n en la materia, pueden realizar una ayuda y\/o intervenci\u00f3n de primeros auxilios que puede resultar de &hellip; <a href=\"https:\/\/fol20.robertoquiros.es\/?page_id=141\">Sigue leyendo <span class=\"meta-nav\">&rarr;<\/span><\/a><\/p>\n","protected":false},"author":1,"featured_media":0,"parent":25,"menu_order":4,"comment_status":"closed","ping_status":"open","template":"","meta":{"footnotes":""},"class_list":["post-141","page","type-page","status-publish","hentry"],"_links":{"self":[{"href":"https:\/\/fol20.robertoquiros.es\/index.php?rest_route=\/wp\/v2\/pages\/141","targetHints":{"allow":["GET"]}}],"collection":[{"href":"https:\/\/fol20.robertoquiros.es\/index.php?rest_route=\/wp\/v2\/pages"}],"about":[{"href":"https:\/\/fol20.robertoquiros.es\/index.php?rest_route=\/wp\/v2\/types\/page"}],"author":[{"embeddable":true,"href":"https:\/\/fol20.robertoquiros.es\/index.php?rest_route=\/wp\/v2\/users\/1"}],"replies":[{"embeddable":true,"href":"https:\/\/fol20.robertoquiros.es\/index.php?rest_route=%2Fwp%2Fv2%2Fcomments&post=141"}],"version-history":[{"count":3,"href":"https:\/\/fol20.robertoquiros.es\/index.php?rest_route=\/wp\/v2\/pages\/141\/revisions"}],"predecessor-version":[{"id":1552,"href":"https:\/\/fol20.robertoquiros.es\/index.php?rest_route=\/wp\/v2\/pages\/141\/revisions\/1552"}],"up":[{"embeddable":true,"href":"https:\/\/fol20.robertoquiros.es\/index.php?rest_route=\/wp\/v2\/pages\/25"}],"wp:attachment":[{"href":"https:\/\/fol20.robertoquiros.es\/index.php?rest_route=%2Fwp%2Fv2%2Fmedia&parent=141"}],"curies":[{"name":"wp","href":"https:\/\/api.w.org\/{rel}","templated":true}]}}