{"id":139,"date":"2015-01-29T15:43:51","date_gmt":"2015-01-29T14:43:51","guid":{"rendered":"http:\/\/folnuevo.fol20.es\/?page_id=139"},"modified":"2020-03-18T17:20:03","modified_gmt":"2020-03-18T16:20:03","slug":"11-3-fuego","status":"publish","type":"page","link":"https:\/\/fol20.robertoquiros.es\/?page_id=139","title":{"rendered":"11.3 Fuego"},"content":{"rendered":"<div class=\"art-layout-wrapper\">\n<div class=\"art-content-layout\">\n<div class=\"art-content-layout-row\">\n<div class=\"art-layout-cell art-content\">\n<div class=\"item-page\">\n<article class=\"art-post\">\n<div class=\"art-postcontent clearfix\">\n<div class=\"art-article\">\n<p align=\"JUSTIFY\">En los lugares de trabajo, el riesgo de incendios es uno de los factores desencadenantes de numerosos accidentes de trabajo, que causan importantes p\u00e9rdidas materiales y lesiones a los trabajadores.<\/p>\n<p align=\"JUSTIFY\">Para que se produzca fuego se necesitan varios elementos que act\u00faen de forma simult\u00e1nea: una sustancia <b>combustible <\/b>(el material que arde), un <b>comburente <\/b>(el ox\u00edgeno, que permite la combusti\u00f3n), y una <b>fuente de calor <\/b>que desencadena el fuego (por ejemplo, una chispa). Estos tres elementos se conocen como el triangulo de fuego, de forma que para apagarlo, basta con anular uno de ellos (enfriar la fuente de calor, aislar el combustible o asfixiar el comburente).<\/p>\n<p align=\"CENTER\"><span style=\"color: #0000ff; background-color: #ccffff;\"><span style=\"font-family: Calibri, sans-serif;\"><span style=\"font-size: large; background-color: #ccffff;\"><b>RECUERDA que\u2026<\/b><\/span><\/span><\/span><\/p>\n<p align=\"CENTER\"><span style=\"color: #0000ff; background-color: #ccffff;\"><span style=\"font-family: Calibri, sans-serif;\"><b>El principal factor de riesgo en un incendio no son las llamas, sino los gases t\u00f3xicos que liberan, que causan la mayor\u00eda de las v\u00edctimas y lesiones.<\/b><\/span><\/span><\/p>\n<p align=\"CENTER\"><span style=\"background-color: #ccffff;\"><span style=\"color: #0000ff;\"><span style=\"font-family: Calibri, sans-serif;\"><b>En todos los fuegos puede estar presente la tensi\u00f3n el\u00e9ctrica, por lo que los \u201c<\/b><\/span><\/span><span style=\"color: #0000ff;\"><span style=\"font-family: Calibri, sans-serif;\"><i><b>fuegos el\u00e9ctricos<\/b><\/i><\/span><\/span><span style=\"color: #0000ff;\"><span style=\"font-family: Calibri, sans-serif;\"><b>\u201d se consideran un tipo de fuego.<\/b><\/span><\/span><\/span><\/p>\n<p><a href=\"http:\/\/fol20.robertoquiros.es\/wp-content\/uploads\/2015\/02\/extintor.png\"><img loading=\"lazy\" decoding=\"async\" class=\" size-full wp-image-397 aligncenter\" src=\"http:\/\/fol20.robertoquiros.es\/wp-content\/uploads\/2015\/02\/extintor.png\" alt=\"extintor\" width=\"230\" height=\"189\" \/><\/a><br \/>\nTipos de fuego.<iframe loading=\"lazy\" src=\"http:\/\/es.slideshare.net\/slideshow\/embed_code\/16214763\" width=\"597\" height=\"486\" frameborder=\"0\" marginwidth=\"0\" marginheight=\"0\" scrolling=\"no\" allowfullscreen=\"allowfullscreen\"> <\/iframe><\/p>\n<p>Detectores de fuego y equipos de extinci\u00f3n de incendios.<iframe loading=\"lazy\" src=\"http:\/\/es.slideshare.net\/slideshow\/embed_code\/16054525\" width=\"597\" height=\"486\" frameborder=\"0\" marginwidth=\"0\" marginheight=\"0\" scrolling=\"no\" allowfullscreen=\"allowfullscreen\"> <\/iframe><\/p>\n<p>Sprinklers en acci\u00f3n<iframe loading=\"lazy\" src=\"https:\/\/www.youtube.com\/embed\/ekGazrZ3fls?rel=0\" width=\"640\" height=\"360\" frameborder=\"0\" allowfullscreen=\"allowfullscreen\"><\/iframe><\/p>\n<p>Medidas b\u00e1sicas de autoprotecci\u00f3n en un incendio<iframe loading=\"lazy\" src=\"http:\/\/es.slideshare.net\/slideshow\/embed_code\/16054594\" width=\"597\" height=\"486\" frameborder=\"0\" marginwidth=\"0\" marginheight=\"0\" scrolling=\"no\" allowfullscreen=\"allowfullscreen\"> <\/iframe><\/p>\n<div><\/div>\n<div><span style=\"font-family: arial,helvetica,sans-serif; font-size: 14pt;\">Como apagar una sarten incendiada en casa<\/span><iframe loading=\"lazy\" src=\"https:\/\/www.youtube.com\/embed\/ECT8LjpSK9c?rel=0\" width=\"640\" height=\"480\" frameborder=\"0\" allowfullscreen=\"allowfullscreen\"><\/iframe><\/div>\n<div><\/div>\n<div><\/div>\n<div><strong>\u00a0<\/strong><strong>Uso de extintores<br \/>\n<\/strong><\/div>\n<p><iframe loading=\"lazy\" src=\"http:\/\/www.youtube.com\/embed\/Sc-O1Wxc24o\" width=\"640\" height=\"480\" frameborder=\"0\" allowfullscreen=\"allowfullscreen\"><\/iframe><\/p>\n<div><strong>\u00a0<\/strong><\/div>\n<p><iframe loading=\"lazy\" src=\"http:\/\/www.youtube.com\/embed\/voBkeS_TxTg?rel=0\" width=\"640\" height=\"480\" frameborder=\"0\" allowfullscreen=\"allowfullscreen\"><\/iframe><\/p>\n<p><strong>Uso de mangueras<\/strong><iframe loading=\"lazy\" src=\"http:\/\/www.youtube.com\/embed\/abjQU-vImz4?rel=0\" width=\"640\" height=\"480\" frameborder=\"0\" allowfullscreen=\"allowfullscreen\"><\/iframe><\/p>\n<p><iframe loading=\"lazy\" src=\"http:\/\/www.youtube.com\/embed\/yGfwvITfOCE?rel=0\" width=\"640\" height=\"480\" frameborder=\"0\" allowfullscreen=\"allowfullscreen\"><\/iframe><\/p>\n<\/div>\n<\/div>\n<\/article>\n<\/div>\n<\/div>\n<\/div>\n<\/div>\n<\/div>\n<footer class=\"art-footer\">\n<div class=\"art-content-layout\"><\/div>\n<\/footer>\n","protected":false},"excerpt":{"rendered":"<p>En los lugares de trabajo, el riesgo de incendios es uno de los factores desencadenantes de numerosos accidentes de trabajo, que causan importantes p\u00e9rdidas materiales y lesiones a los trabajadores. Para que se produzca fuego se necesitan varios elementos que &hellip; <a href=\"https:\/\/fol20.robertoquiros.es\/?page_id=139\">Sigue leyendo <span class=\"meta-nav\">&rarr;<\/span><\/a><\/p>\n","protected":false},"author":1,"featured_media":0,"parent":25,"menu_order":3,"comment_status":"closed","ping_status":"open","template":"","meta":{"footnotes":""},"class_list":["post-139","page","type-page","status-publish","hentry"],"_links":{"self":[{"href":"https:\/\/fol20.robertoquiros.es\/index.php?rest_route=\/wp\/v2\/pages\/139","targetHints":{"allow":["GET"]}}],"collection":[{"href":"https:\/\/fol20.robertoquiros.es\/index.php?rest_route=\/wp\/v2\/pages"}],"about":[{"href":"https:\/\/fol20.robertoquiros.es\/index.php?rest_route=\/wp\/v2\/types\/page"}],"author":[{"embeddable":true,"href":"https:\/\/fol20.robertoquiros.es\/index.php?rest_route=\/wp\/v2\/users\/1"}],"replies":[{"embeddable":true,"href":"https:\/\/fol20.robertoquiros.es\/index.php?rest_route=%2Fwp%2Fv2%2Fcomments&post=139"}],"version-history":[{"count":7,"href":"https:\/\/fol20.robertoquiros.es\/index.php?rest_route=\/wp\/v2\/pages\/139\/revisions"}],"predecessor-version":[{"id":1551,"href":"https:\/\/fol20.robertoquiros.es\/index.php?rest_route=\/wp\/v2\/pages\/139\/revisions\/1551"}],"up":[{"embeddable":true,"href":"https:\/\/fol20.robertoquiros.es\/index.php?rest_route=\/wp\/v2\/pages\/25"}],"wp:attachment":[{"href":"https:\/\/fol20.robertoquiros.es\/index.php?rest_route=%2Fwp%2Fv2%2Fmedia&parent=139"}],"curies":[{"name":"wp","href":"https:\/\/api.w.org\/{rel}","templated":true}]}}