{"id":137,"date":"2015-01-29T15:41:40","date_gmt":"2015-01-29T14:41:40","guid":{"rendered":"http:\/\/folnuevo.fol20.es\/?page_id=137"},"modified":"2020-03-18T17:18:01","modified_gmt":"2020-03-18T16:18:01","slug":"11-2-plan-de-autoproteccion","status":"publish","type":"page","link":"https:\/\/fol20.robertoquiros.es\/?page_id=137","title":{"rendered":"11.2 Plan de autoprotecci\u00f3n"},"content":{"rendered":"<div class=\"art-layout-wrapper\">\n<div class=\"art-content-layout\">\n<div class=\"art-content-layout-row\">\n<div class=\"art-layout-cell art-content\">\n<div class=\"item-page\">\n<article class=\"art-post\">\n<div class=\"art-postcontent clearfix\">\n<div class=\"art-article\">\n<p align=\"JUSTIFY\">El <b>Plan de Autoprotecci\u00f3n<\/b> incluye todos los aspectos relacionados con la prevenci\u00f3n de la empresa. Ser\u00e1 elaborado por el servicio de prevenci\u00f3n, y se revisar\u00e1, como m\u00e1ximo, cada 3 a\u00f1os.<\/p>\n<p><strong>Presentaci\u00f3n<\/strong><\/p>\n<p><iframe loading=\"lazy\" src=\"http:\/\/es.slideshare.net\/slideshow\/embed_code\/16214753\" width=\"597\" height=\"486\" frameborder=\"0\" marginwidth=\"0\" marginheight=\"0\" scrolling=\"no\" allowfullscreen=\"allowfullscreen\"> <\/iframe><\/p>\n<div><\/div>\n<p><strong>Teor\u00eda<\/strong><\/p>\n<p class=\"parrafo2\">\u00a0\u00a0\u00a0\u00a0 El documento del Plan de Autoprotecci\u00f3n, se estructurar\u00e1, con el contenido que figura a continuaci\u00f3n, tanto si se refiere a edificios, como a instalaciones o actividades a las que sean aplicables los diferentes cap\u00edtulos.<\/p>\n<p class=\"centrocursiva\"><b>\u00cdndice paginado <\/b><\/p>\n<p class=\"parrafo\"><b>Cap\u00edtulo 1 <\/b>. Identificaci\u00f3n de los titulares y del emplazamiento de la actividad.<\/p>\n<p class=\"parrafo\">1.1 Direcci\u00f3n Postal del emplazamiento de la actividad. Denominaci\u00f3n de la actividad, nombre y\/o marca. Tel\u00e9fono y Fax.<\/p>\n<p class=\"parrafo\">1.2 Identificaci\u00f3n de los titulares de la actividad. Nombre y\/o Raz\u00f3n Social. Direcci\u00f3n Postal, Tel\u00e9fono y Fax.<\/p>\n<p class=\"parrafo\">1.3 Nombre del Director del Plan de Autoprotecci\u00f3n y del director o directora del plan de actuaci\u00f3n en emergencia, caso de ser distintos. Direcci\u00f3n Postal, Tel\u00e9fono y Fax.<\/p>\n<p class=\"parrafo2\"><b>Cap\u00edtulo 2. <\/b> Descripci\u00f3n detallada de la actividad y del medio f\u00edsico en el que se desarrolla.<\/p>\n<p class=\"parrafo\">2.1 Descripci\u00f3n de cada una de las actividades desarrolladas objeto del Plan.<\/p>\n<p class=\"parrafo\">2.2 Descripci\u00f3n del centro o establecimiento, dependencias e instalaciones donde se desarrollen las actividades objeto del plan.<\/p>\n<p class=\"parrafo\">2.3 Clasificaci\u00f3n y descripci\u00f3n de usuarios.<\/p>\n<p class=\"parrafo\">2.4 Descripci\u00f3n del entorno urbano, industrial o natural en el que figuren los edificios, instalaciones y \u00e1reas donde se desarrolla la actividad.<\/p>\n<p class=\"parrafo\">2.5 Descripci\u00f3n de los accesos. Condiciones de accesibilidad para la ayuda externa.<\/p>\n<p class=\"parrafo2\">Este cap\u00edtulo se desarrollar\u00e1 mediante documentaci\u00f3n escrita y se acompa\u00f1ar\u00e1 al menos la documentaci\u00f3n gr\u00e1fica siguiente:<\/p>\n<p class=\"parrafo\">Plano de situaci\u00f3n, comprendiendo el entorno pr\u00f3ximo urbano, industrial o natural en el que figuren los accesos, comunicaciones, etc.<\/p>\n<p class=\"parrafo\">Planos descriptivos de todas las plantas de los edificios, de las instalaciones y de las \u00e1reas donde se realiza la actividad.<\/p>\n<p class=\"parrafo2\"><b>Cap\u00edtulo 3 <\/b>. Inventario, an\u00e1lisis y evaluaci\u00f3n de riesgos.<\/p>\n<p class=\"parrafo\">\u00a0\u00a0\u00a0\u00a0 Deben tenerse presentes, al menos, aquellos riesgos regulados por normativas sectoriales. Este cap\u00edtulo comprender\u00e1:<\/p>\n<p class=\"parrafo\">3.1 Descripci\u00f3n y localizaci\u00f3n de los elementos, instalaciones, procesos de producci\u00f3n, etc. que puedan dar origen a una situaci\u00f3n de emergencia o incidir de manera desfavorable en el desarrollo de la misma.<\/p>\n<p class=\"parrafo\">3.2 Identificaci\u00f3n, an\u00e1lisis y evaluaci\u00f3n de los riesgos propios de la actividad y de los riesgos externos que pudieran afectarle. (Riesgos contemplados en los planes de Protecci\u00f3n Civil y actividades de riesgo pr\u00f3ximas).<\/p>\n<p class=\"parrafo\">3.3 Identificaci\u00f3n, cuantificaci\u00f3n y tipolog\u00eda de las personas tanto afectas a la actividad como ajenas a la misma que tengan acceso a los edificios, instalaciones y \u00e1reas donde se desarrolla la actividad.<\/p>\n<p class=\"parrafo2\">Este cap\u00edtulo se desarrollar\u00e1 mediante documentaci\u00f3n escrita y se acompa\u00f1ar\u00e1 al menos la documentaci\u00f3n gr\u00e1fica siguiente:<\/p>\n<p class=\"parrafo\">Planos de ubicaci\u00f3n por plantas de todos los elementos y\/o instalaciones de riesgo, tanto los propios como los del entorno.<\/p>\n<p class=\"parrafo2\"><b>Cap\u00edtulo 4 <\/b>. Inventario y descripci\u00f3n de las medidas y medios de autoprotecci\u00f3n.<\/p>\n<p class=\"parrafo\">4.1 Inventario y descripci\u00f3n de las medidas y medios, humanos y materiales, que dispone la entidad para controlar los riesgos detectados, enfrentar las situaciones de emergencia y facilitar la intervenci\u00f3n de los Servicios Externos de Emergencias.<\/p>\n<p class=\"parrafo\">4.2 Las medidas y los medios, humanos y materiales, disponibles en aplicaci\u00f3n de disposiciones espec\u00edficas en materia de seguridad.<\/p>\n<p class=\"parrafo\">Este cap\u00edtulo se desarrollar\u00e1 mediante documentaci\u00f3n escrita y se acompa\u00f1ar\u00e1 al menos la documentaci\u00f3n gr\u00e1fica siguiente:<\/p>\n<p class=\"parrafo\">Planos de ubicaci\u00f3n de los medios de autoprotecci\u00f3n, conforme a normativa UNE.<\/p>\n<p class=\"parrafo\">Planos de recorridos de evacuaci\u00f3n y \u00e1reas de confinamiento, reflejando el n\u00famero de personas a evacuar o confinar por \u00e1reas seg\u00fan los criterios fijados en la normativa vigente.<\/p>\n<p class=\"parrafo\">Planos de compartimentaci\u00f3n de \u00e1reas o sectores de riesgo.<\/p>\n<p class=\"parrafo2\"><b>Cap\u00edtulo 5 <\/b>. Programa de mantenimiento de instalaciones.<\/p>\n<p class=\"parrafo\">5.1 Descripci\u00f3n del mantenimiento preventivo de las instalaciones de riesgo, que garantiza el control de las mismas.<\/p>\n<p class=\"parrafo\">5.2 Descripci\u00f3n del mantenimiento preventivo de las instalaciones de protecci\u00f3n, que garantiza la operatividad de las mismas.<\/p>\n<p class=\"parrafo\">5.3 Realizaci\u00f3n de las inspecciones de seguridad de acuerdo con la normativa vigente.<\/p>\n<p class=\"parrafo2\">Este cap\u00edtulo se desarrollar\u00e1 mediante documentaci\u00f3n escrita y se acompa\u00f1ar\u00e1 al menos de un cuadernillo de hojas numeradas donde queden reflejadas las operaciones de mantenimiento realizadas, y de las inspecciones de seguridad, conforme a la normativa de los reglamentos de instalaciones vigentes.<\/p>\n<p class=\"parrafo\"><b>Cap\u00edtulo 6 <\/b>. Plan de actuaci\u00f3n ante emergencias.<\/p>\n<p class=\"parrafo\">\u00a0\u00a0\u00a0\u00a0 Deben definirse las acciones a desarrollar para el control inicial de las emergencias, garantiz\u00e1ndose la alarma, la evacuaci\u00f3n y el socorro. Comprender\u00e1:<\/p>\n<p class=\"parrafo\">6.1 Identificaci\u00f3n y clasificaci\u00f3n de las emergencias:<\/p>\n<p class=\"parrafo\">En funci\u00f3n del tipo de riesgo.<\/p>\n<p class=\"parrafo\">En funci\u00f3n de la gravedad.<\/p>\n<p class=\"parrafo\">En funci\u00f3n de la ocupaci\u00f3n y medios humanos.<\/p>\n<p class=\"parrafo2\">6.2 Procedimientos de actuaci\u00f3n ante emergencias:<\/p>\n<p class=\"parrafo\">a) Detecci\u00f3n y Alerta.<\/p>\n<p class=\"parrafo\">b) Mecanismos de Alarma.<\/p>\n<p class=\"parrafo\">b.1) Identificaci\u00f3n de la persona que dar\u00e1 los avisos.<\/p>\n<p class=\"parrafo\">b.2) Identificaci\u00f3n del Centro de Coordinaci\u00f3n de Atenci\u00f3n de Emergencias de Protecci\u00f3n Civil.<\/p>\n<p class=\"parrafo2\">c) Mecanismos de respuesta frente a la emergencia.<\/p>\n<p class=\"parrafo\">d) Evacuaci\u00f3n y\/o Confinamiento.<\/p>\n<p class=\"parrafo\">e) Prestaci\u00f3n de las Primeras Ayudas.<\/p>\n<p class=\"parrafo\">f) Modos de recepci\u00f3n de las Ayudas externas.<\/p>\n<p class=\"parrafo2\">6.3 Identificaci\u00f3n y funciones de las personas y equipos que llevar\u00e1n a cabo los procedimientos de actuaci\u00f3n en emergencias.<\/p>\n<p class=\"parrafo\">6.4 Identificaci\u00f3n del Responsable de la puesta en marcha del Plan de Actuaci\u00f3n ante Emergencias.<\/p>\n<p class=\"parrafo2\"><b>Cap\u00edtulo 7 <\/b>. Integraci\u00f3n del plan de autoprotecci\u00f3n en otros de \u00e1mbito superior.<\/p>\n<p class=\"parrafo\">7.1 Los protocolos de notificaci\u00f3n de la emergencia<\/p>\n<p class=\"parrafo\">7.2 La coordinaci\u00f3n entre la direcci\u00f3n del Plan de Autoprotecci\u00f3n y la direcci\u00f3n del Plan de Protecci\u00f3n Civil donde se integre el Plan de Autoprotecci\u00f3n.<\/p>\n<p class=\"parrafo\">7.3 Las formas de colaboraci\u00f3n de la Organizaci\u00f3n de Autoprotecci\u00f3n con los planes y las actuaciones del sistema p\u00fablico de Protecci\u00f3n Civil.<\/p>\n<p class=\"parrafo2\"><b>Cap\u00edtulo 8 <\/b>. Implantaci\u00f3n del Plan de Autoprotecci\u00f3n.<\/p>\n<p class=\"parrafo\">8.1 Identificaci\u00f3n del responsable de la implantaci\u00f3n del Plan.<\/p>\n<p class=\"parrafo\">8.2 Programa de formaci\u00f3n y capacitaci\u00f3n para el personal con participaci\u00f3n activa en el Plan de Autoprotecci\u00f3n.<\/p>\n<p class=\"parrafo\">8.3 Programa de formaci\u00f3n e informaci\u00f3n a todo el personal sobre el Plan de Autoprotecci\u00f3n.<\/p>\n<p class=\"parrafo\">8.4 Programa de informaci\u00f3n general para los usuarios.<\/p>\n<p class=\"parrafo\">8.5 Se\u00f1alizaci\u00f3n y normas para la actuaci\u00f3n de visitantes.<\/p>\n<p class=\"parrafo\">8.6 Programa de dotaci\u00f3n y adecuaci\u00f3n de medios materiales y recursos.<\/p>\n<p class=\"parrafo2\"><b>Cap\u00edtulo 9 <\/b>. Mantenimiento de la eficacia y actualizaci\u00f3n del Plan de Autoprotecci\u00f3n.<\/p>\n<p class=\"parrafo\">9.1 Programa de reciclaje de formaci\u00f3n e informaci\u00f3n.<\/p>\n<p class=\"parrafo\">9.2 Programa de sustituci\u00f3n de medios y recursos.<\/p>\n<p class=\"parrafo\">9.3 Programa de ejercicios y simulacros.<\/p>\n<p class=\"parrafo\">9.4 Programa de revisi\u00f3n y actualizaci\u00f3n de toda la documentaci\u00f3n que forma parte del Plan de Autoprotecci\u00f3n.<\/p>\n<p class=\"parrafo\">9.5 Programa de auditor\u00edas e inspecciones.<\/p>\n<p class=\"parrafo2\"><b>Anexo I <\/b>. Directorio de comunicaci\u00f3n.<\/p>\n<p class=\"parrafo\">1. Tel\u00e9fonos del Personal de emergencias.<\/p>\n<p class=\"parrafo\">2. Tel\u00e9fonos de ayuda exterior.<\/p>\n<p class=\"parrafo\">3. Otras formas de comunicaci\u00f3n.<\/p>\n<p class=\"parrafo2\"><b>Anexo II <\/b>. Formularios para la gesti\u00f3n de emergencias.<\/p>\n<p class=\"parrafo\"><b>Anexo III <\/b>. Planos.<\/p>\n<\/div>\n<\/div>\n<\/article>\n<\/div>\n<\/div>\n<\/div>\n<\/div>\n<\/div>\n","protected":false},"excerpt":{"rendered":"<p>El Plan de Autoprotecci\u00f3n incluye todos los aspectos relacionados con la prevenci\u00f3n de la empresa. Ser\u00e1 elaborado por el servicio de prevenci\u00f3n, y se revisar\u00e1, como m\u00e1ximo, cada 3 a\u00f1os. Presentaci\u00f3n Teor\u00eda \u00a0\u00a0\u00a0\u00a0 El documento del Plan de Autoprotecci\u00f3n, se &hellip; <a href=\"https:\/\/fol20.robertoquiros.es\/?page_id=137\">Sigue leyendo <span class=\"meta-nav\">&rarr;<\/span><\/a><\/p>\n","protected":false},"author":1,"featured_media":0,"parent":25,"menu_order":2,"comment_status":"closed","ping_status":"open","template":"","meta":{"footnotes":""},"class_list":["post-137","page","type-page","status-publish","hentry"],"_links":{"self":[{"href":"https:\/\/fol20.robertoquiros.es\/index.php?rest_route=\/wp\/v2\/pages\/137","targetHints":{"allow":["GET"]}}],"collection":[{"href":"https:\/\/fol20.robertoquiros.es\/index.php?rest_route=\/wp\/v2\/pages"}],"about":[{"href":"https:\/\/fol20.robertoquiros.es\/index.php?rest_route=\/wp\/v2\/types\/page"}],"author":[{"embeddable":true,"href":"https:\/\/fol20.robertoquiros.es\/index.php?rest_route=\/wp\/v2\/users\/1"}],"replies":[{"embeddable":true,"href":"https:\/\/fol20.robertoquiros.es\/index.php?rest_route=%2Fwp%2Fv2%2Fcomments&post=137"}],"version-history":[{"count":3,"href":"https:\/\/fol20.robertoquiros.es\/index.php?rest_route=\/wp\/v2\/pages\/137\/revisions"}],"predecessor-version":[{"id":1550,"href":"https:\/\/fol20.robertoquiros.es\/index.php?rest_route=\/wp\/v2\/pages\/137\/revisions\/1550"}],"up":[{"embeddable":true,"href":"https:\/\/fol20.robertoquiros.es\/index.php?rest_route=\/wp\/v2\/pages\/25"}],"wp:attachment":[{"href":"https:\/\/fol20.robertoquiros.es\/index.php?rest_route=%2Fwp%2Fv2%2Fmedia&parent=137"}],"curies":[{"name":"wp","href":"https:\/\/api.w.org\/{rel}","templated":true}]}}