{"id":135,"date":"2015-01-29T15:39:34","date_gmt":"2015-01-29T14:39:34","guid":{"rendered":"http:\/\/folnuevo.fol20.es\/?page_id=135"},"modified":"2020-03-18T17:16:49","modified_gmt":"2020-03-18T16:16:49","slug":"11-1-plan-de-emergencias","status":"publish","type":"page","link":"https:\/\/fol20.robertoquiros.es\/?page_id=135","title":{"rendered":"11.1 Plan de emergencias"},"content":{"rendered":"<div class=\"art-layout-wrapper\">\n<div class=\"art-content-layout\">\n<div class=\"art-content-layout-row\">\n<div class=\"art-layout-cell art-content\">\n<div class=\"item-page\">\n<article class=\"art-post\">\n<div class=\"art-postcontent clearfix\">\n<div>\n<p align=\"JUSTIFY\">El <i><b>Plan de Emergencias<\/b><\/i> es una parte espec\u00edfica del <b>Plan de Autoprotecci\u00f3n<\/b>, que trata de dar respuesta a las situaciones de emergencia que se puedan presentar en la empresa.<\/p>\n<p align=\"JUSTIFY\">El Plan de Emergencias se centra b\u00e1sicamente en la lucha contra incendios, la evacuaci\u00f3n del personal y los primeros auxilios. En cualquier emergencia el protocolo de actuaci\u00f3n siempre es el mismo: detecci\u00f3n, alarma e intervenci\u00f3n.<\/p>\n<p align=\"JUSTIFY\">En todo Plan de Emergencias, la empresa debe tener asignados una serie de puestos, con una autoridad, funciones y responsabilidad determinadas, para poder atender con eficacia a los diferentes tipos de emergencia que pueden producirse.<\/p>\n<\/div>\n<div class=\"art-article\"><strong>Tipos de emergencias<\/strong><iframe loading=\"lazy\" src=\"http:\/\/www.slideshare.net\/slideshow\/embed_code\/16336141\" width=\"597\" height=\"486\" frameborder=\"0\" marginwidth=\"0\" marginheight=\"0\" scrolling=\"no\" allowfullscreen=\"allowfullscreen\"> <\/iframe><\/p>\n<div><\/div>\n<p><strong>Puestos a desempe\u00f1ar en las emergencias<br \/>\n<\/strong><\/p>\n<p><iframe loading=\"lazy\" src=\"http:\/\/es.slideshare.net\/slideshow\/embed_code\/16054622\" width=\"597\" height=\"486\" frameborder=\"0\" marginwidth=\"0\" marginheight=\"0\" scrolling=\"no\" allowfullscreen=\"allowfullscreen\"> <\/iframe><\/p>\n<div><\/div>\n<\/div>\n<\/div>\n<\/article>\n<\/div>\n<\/div>\n<\/div>\n<\/div>\n<\/div>\n<footer class=\"art-footer\">\n<div class=\"art-content-layout\"><\/div>\n<\/footer>\n","protected":false},"excerpt":{"rendered":"<p>El Plan de Emergencias es una parte espec\u00edfica del Plan de Autoprotecci\u00f3n, que trata de dar respuesta a las situaciones de emergencia que se puedan presentar en la empresa. El Plan de Emergencias se centra b\u00e1sicamente en la lucha contra &hellip; <a href=\"https:\/\/fol20.robertoquiros.es\/?page_id=135\">Sigue leyendo <span class=\"meta-nav\">&rarr;<\/span><\/a><\/p>\n","protected":false},"author":1,"featured_media":0,"parent":25,"menu_order":1,"comment_status":"closed","ping_status":"open","template":"","meta":{"footnotes":""},"class_list":["post-135","page","type-page","status-publish","hentry"],"_links":{"self":[{"href":"https:\/\/fol20.robertoquiros.es\/index.php?rest_route=\/wp\/v2\/pages\/135","targetHints":{"allow":["GET"]}}],"collection":[{"href":"https:\/\/fol20.robertoquiros.es\/index.php?rest_route=\/wp\/v2\/pages"}],"about":[{"href":"https:\/\/fol20.robertoquiros.es\/index.php?rest_route=\/wp\/v2\/types\/page"}],"author":[{"embeddable":true,"href":"https:\/\/fol20.robertoquiros.es\/index.php?rest_route=\/wp\/v2\/users\/1"}],"replies":[{"embeddable":true,"href":"https:\/\/fol20.robertoquiros.es\/index.php?rest_route=%2Fwp%2Fv2%2Fcomments&post=135"}],"version-history":[{"count":3,"href":"https:\/\/fol20.robertoquiros.es\/index.php?rest_route=\/wp\/v2\/pages\/135\/revisions"}],"predecessor-version":[{"id":1549,"href":"https:\/\/fol20.robertoquiros.es\/index.php?rest_route=\/wp\/v2\/pages\/135\/revisions\/1549"}],"up":[{"embeddable":true,"href":"https:\/\/fol20.robertoquiros.es\/index.php?rest_route=\/wp\/v2\/pages\/25"}],"wp:attachment":[{"href":"https:\/\/fol20.robertoquiros.es\/index.php?rest_route=%2Fwp%2Fv2%2Fmedia&parent=135"}],"curies":[{"name":"wp","href":"https:\/\/api.w.org\/{rel}","templated":true}]}}