{"id":128,"date":"2015-01-29T15:24:04","date_gmt":"2015-01-29T14:24:04","guid":{"rendered":"http:\/\/folnuevo.fol20.es\/?page_id=128"},"modified":"2021-04-27T09:31:02","modified_gmt":"2021-04-27T08:31:02","slug":"10-6-comite-seg-y-salud","status":"publish","type":"page","link":"https:\/\/fol20.robertoquiros.es\/?page_id=128","title":{"rendered":"10.6 Comit\u00e9 Seg. y Salud"},"content":{"rendered":"<div class=\"art-layout-wrapper\">\n<div class=\"art-content-layout\">\n<div class=\"art-content-layout-row\">\n<div class=\"art-layout-cell art-content\">\n<div class=\"item-page\">\n<article class=\"art-post\">\n<div class=\"art-postcontent clearfix\">\n<div class=\"art-article\">\n<p align=\"JUSTIFY\">El Comit\u00e9 de Seguridad y Salud es un \u00f3rgano colegiado, en el que est\u00e1n representados los trabajadores y el empresario, que debe existir en todos los centros de trabajo que tengan 50 o m\u00e1s trabajadores.<\/p>\n<p align=\"JUSTIFY\"><span style=\"color: #003000;\"> La funci\u00f3n fundamental del Comit\u00e9 de Seguridad y Salud ser\u00e1 realizar propuestas para mejorar la prevenci\u00f3n de riesgos, algunas de las cuales podr\u00e1n incorporarse al plan de prevenci\u00f3n.<\/span><\/p>\n<p><strong>Presentaci\u00f3n<\/strong><\/p>\n<p><iframe loading=\"lazy\" src=\"http:\/\/www.slideshare.net\/slideshow\/embed_code\/16278453\" width=\"597\" height=\"486\" frameborder=\"0\" marginwidth=\"0\" marginheight=\"0\" scrolling=\"no\" allowfullscreen=\"allowfullscreen\"> <\/iframe><\/p>\n<div><\/div>\n<p><strong>Teor\u00eda<\/strong><\/p>\n<p align=\"center\">\u00a0<b>Competencias y facultades del Comit\u00e9 de Seguridad y Salud <\/b><\/p>\n<p>\u00a0\u00a0\u00a0\u00a0\u00a0 El Comit\u00e9 de Seguridad y Salud tendr\u00e1 las siguientes competencias:<\/p>\n<p>1.Participar en la elaboraci\u00f3n, puesta en pr\u00e1ctica y evaluaci\u00f3n de los planes y programas de prevenci\u00f3n de riesgos de la empresa. A tal efecto, en su seno se debatir\u00e1n, antes de su puesta en pr\u00e1ctica y en lo referente a su incidencia en la prevenci\u00f3n de riesgos, la elecci\u00f3n de la modalidad organizativa de la empresa y, en su caso, la gesti\u00f3n realizada por las entidades especializadas con las que la empresa hubiera concertado la realizaci\u00f3n de actividades preventivas; los proyectos en materia de planificaci\u00f3n, organizaci\u00f3n del trabajo e introducci\u00f3n de nuevas tecnolog\u00edas, organizaci\u00f3n y desarrollo de las actividades de protecci\u00f3n y prevenci\u00f3n y proyecto y organizaci\u00f3n de la formaci\u00f3n en materia preventiva.<\/p>\n<p>2.Promover iniciativas sobre m\u00e9todos y procedimientos para la efectiva prevenci\u00f3n de los riesgos, proponiendo a la empresa la mejora de las condiciones o la correcci\u00f3n de las deficiencias existentes.<\/p>\n<p>En el ejercicio de sus competencias, el Comit\u00e9 de Seguridad y Salud estar\u00e1 facultado para:<\/p>\n<p>a)Conocer directamente la situaci\u00f3n relativa a la prevenci\u00f3n de riesgos en el centro de trabajo, realizando a tal efecto las visitas que estime oportunas.<\/p>\n<p>b)Conocer cuantos documentos e informes relativos a las condiciones de trabajo sean necesarios para el cumplimiento de sus funciones, as\u00ed como los procedentes de la actividad del servicio de prevenci\u00f3n, en su caso.<\/p>\n<p>c)Conocer y analizar los da\u00f1os producidos en la salud o en la integridad f\u00edsica de los trabajadores, al objeto de valorar sus causas y proponer las medidas preventivas oportunas.<\/p>\n<p>d)Conocer e informar la memoria y programaci\u00f3n anual de servicios de prevenci\u00f3n.<\/p>\n<p>A fin de dar cumplimiento a lo dispuesto en esta Ley respecto de la colaboraci\u00f3n entre empresas en los supuestos de desarrollo simult\u00e1neo de actividades en un mismo centro de trabajo, se podr\u00e1 acordar la realizaci\u00f3n de reuniones conjuntas de los Comit\u00e9s de Seguridad y Salud o, en su defecto, de los Delegados de Prevenci\u00f3n y empresarios de las empresas que carezcan de dichos Comit\u00e9s, u otras medidas de actuaci\u00f3n coordinada.<\/p>\n<\/div>\n<\/div>\n<\/article>\n<\/div>\n<\/div>\n<\/div>\n<\/div>\n<\/div>\n","protected":false},"excerpt":{"rendered":"<p>El Comit\u00e9 de Seguridad y Salud es un \u00f3rgano colegiado, en el que est\u00e1n representados los trabajadores y el empresario, que debe existir en todos los centros de trabajo que tengan 50 o m\u00e1s trabajadores. La funci\u00f3n fundamental del Comit\u00e9 &hellip; <a href=\"https:\/\/fol20.robertoquiros.es\/?page_id=128\">Sigue leyendo <span class=\"meta-nav\">&rarr;<\/span><\/a><\/p>\n","protected":false},"author":1,"featured_media":0,"parent":23,"menu_order":6,"comment_status":"closed","ping_status":"open","template":"","meta":{"footnotes":""},"class_list":["post-128","page","type-page","status-publish","hentry"],"_links":{"self":[{"href":"https:\/\/fol20.robertoquiros.es\/index.php?rest_route=\/wp\/v2\/pages\/128","targetHints":{"allow":["GET"]}}],"collection":[{"href":"https:\/\/fol20.robertoquiros.es\/index.php?rest_route=\/wp\/v2\/pages"}],"about":[{"href":"https:\/\/fol20.robertoquiros.es\/index.php?rest_route=\/wp\/v2\/types\/page"}],"author":[{"embeddable":true,"href":"https:\/\/fol20.robertoquiros.es\/index.php?rest_route=\/wp\/v2\/users\/1"}],"replies":[{"embeddable":true,"href":"https:\/\/fol20.robertoquiros.es\/index.php?rest_route=%2Fwp%2Fv2%2Fcomments&post=128"}],"version-history":[{"count":4,"href":"https:\/\/fol20.robertoquiros.es\/index.php?rest_route=\/wp\/v2\/pages\/128\/revisions"}],"predecessor-version":[{"id":1641,"href":"https:\/\/fol20.robertoquiros.es\/index.php?rest_route=\/wp\/v2\/pages\/128\/revisions\/1641"}],"up":[{"embeddable":true,"href":"https:\/\/fol20.robertoquiros.es\/index.php?rest_route=\/wp\/v2\/pages\/23"}],"wp:attachment":[{"href":"https:\/\/fol20.robertoquiros.es\/index.php?rest_route=%2Fwp%2Fv2%2Fmedia&parent=128"}],"curies":[{"name":"wp","href":"https:\/\/api.w.org\/{rel}","templated":true}]}}