{"id":126,"date":"2015-01-29T15:21:59","date_gmt":"2015-01-29T14:21:59","guid":{"rendered":"http:\/\/folnuevo.fol20.es\/?page_id=126"},"modified":"2020-03-18T17:09:38","modified_gmt":"2020-03-18T16:09:38","slug":"10-5-del-prevencion","status":"publish","type":"page","link":"https:\/\/fol20.robertoquiros.es\/?page_id=126","title":{"rendered":"10.5 Del.prevenci\u00f3n"},"content":{"rendered":"<p align=\"JUSTIFY\">Los delegados de prevenci\u00f3n son los representantes de los trabajadores especializados en supervisar la prevenci\u00f3n de riesgos en la empresa. Se eligen por y entre los representantes de los trabajadores de la empresa, y su n\u00famero depender\u00e1 del tama\u00f1o de la empresa.<\/p>\n<p align=\"JUSTIFY\"><span style=\"color: #003000;\"> Las principales funciones de los delegados de prevenci\u00f3n son: ser informados por el empresario de todas aquellas cuestiones relevantes sobre prevenci\u00f3n de riesgos y vigilar que se cumpla la normativa de prevenci\u00f3n de riesgos.<\/span><\/p>\n<p><strong>N\u00famero de delegados de prevenci\u00f3n<\/strong><\/p>\n<table style=\"border-color: #000000;\">\n<thead>\n<tr>\n<td><strong>NUM. TRABAJADORES DE LA EMPRESA<\/strong><\/td>\n<td><strong>DELEGADOS DE PREVENCI\u00d3N QUE CORRESPONDEN<\/strong><\/td>\n<\/tr>\n<\/thead>\n<tbody>\n<tr>\n<td>De 6 a 49 trabajadores<\/td>\n<td>1 Delegado de Prevenci\u00f3n*<\/td>\n<\/tr>\n<tr>\n<td>De 50 a 100 trabajadores<\/td>\n<td>2 Delegados de Prevenci\u00f3n<\/td>\n<\/tr>\n<tr>\n<td>De 101 a 500 trabajadores<\/td>\n<td>3 Delegados de Prevenci\u00f3n<\/td>\n<\/tr>\n<tr>\n<td>De 501 a 1000 trabajadores<\/td>\n<td>4 Delegados de Prevenci\u00f3n<\/td>\n<\/tr>\n<tr>\n<td>De 1001 a 2000 trabajadores<\/td>\n<td>5 Delegados de Prevenci\u00f3n<\/td>\n<\/tr>\n<tr>\n<td>De 2001 a 3000 trabajadores<\/td>\n<td>6 Delegados de Prevenci\u00f3n<\/td>\n<\/tr>\n<tr>\n<td>De 3001 a 4000 trabajadores<\/td>\n<td>7 Delegados de Prevenci\u00f3n<\/td>\n<\/tr>\n<tr>\n<td>De 4001 en adelante<\/td>\n<td>8 Delegados de Prevenci\u00f3n<\/td>\n<\/tr>\n<\/tbody>\n<\/table>\n<p>*En las empresas de hasta treinta trabajadores el Delegado de Prevenci\u00f3n ser\u00e1 el Delegado de Personal. En las empresas de treinta y uno a cuarenta y nueve trabajadores habr\u00e1 un Delegado de Prevenci\u00f3n que ser\u00e1 elegido por y entre los Delegados de Personal<\/p>\n<p><strong>Competencias y facultades de los delegados de prevenci\u00f3n<\/strong><strong><br \/>\n<\/strong><\/p>\n<table style=\"border-color: #0a0a0a; background-color: #edebeb;\">\n<thead>\n<tr>\n<td><strong>COMPETENCIAS<\/strong><\/td>\n<td><strong>FACULTADES<\/strong><\/td>\n<\/tr>\n<\/thead>\n<tbody>\n<tr>\n<td style=\"border-color: #050505;\">Colaborar con la direcci\u00f3n de la empresa en la mejora de la acci\u00f3n preventiva<\/td>\n<td style=\"border-color: #050505;\">Acompa\u00f1ar a los t\u00e9cnicos en las evaluaciones de car\u00e1cter preventivo del medio ambiente de trabajo.<\/td>\n<\/tr>\n<tr>\n<td style=\"border-color: #050505;\">Promover y fomentar la cooperaci\u00f3n de los trabajadores en la ejecuci\u00f3n de la normativa sobre prevenci\u00f3n de riesgos laborales<\/td>\n<td style=\"border-color: #050505;\">Tener acceso, con las limitaciones previstas, a la informaci\u00f3n y documentaci\u00f3n relativa a las condiciones de trabajo. Cuando la informaci\u00f3n est\u00e9 sujeta a las limitaciones rese\u00f1adas, s\u00f3lo podr\u00e1 ser suministrada de manera que se garantice el respeto de la confidencialidad<\/td>\n<\/tr>\n<tr>\n<td style=\"border-color: #050505;\">Ser consultados por el empresario, con car\u00e1cter previo a su ejecuci\u00f3n, acerca de las decisiones a que se refiere el apartado de TRABAJADORES \/ CONSULTA<\/td>\n<td style=\"border-color: #050505;\">Ser informados por el empresario sobre los da\u00f1os producidos en la salud de los trabajadores una vez que aqu\u00e9l hubiese tenido conocimiento de ellos.<\/td>\n<\/tr>\n<tr>\n<td style=\"border-color: #050505;\" rowspan=\"3\">Ejercer una labor de vigilancia y control sobre el cumplimiento de la normativa de prevenci\u00f3n de riesgos laborales<\/td>\n<td style=\"border-color: #050505;\">Recibir del empresario las informaciones obtenidas por \u00e9ste procedentes de las personas u \u00f3rganos encargados de las actividades de protecci\u00f3n y prevenci\u00f3n en la empresa.<\/td>\n<\/tr>\n<tr>\n<td style=\"border-color: #050505;\">Realizar visitas a los lugares de trabajo para ejercer una labor de vigilancia y control del estado de las condiciones de trabajo<\/td>\n<\/tr>\n<tr>\n<td style=\"border-color: #050505;\">Recabar del empresario la adopci\u00f3n de medidas de car\u00e1cter preventivo y para la mejora de los niveles de protecci\u00f3n de la seguridad y la salud de los trabajadores<\/td>\n<\/tr>\n<\/tbody>\n<\/table>\n","protected":false},"excerpt":{"rendered":"<p>Los delegados de prevenci\u00f3n son los representantes de los trabajadores especializados en supervisar la prevenci\u00f3n de riesgos en la empresa. Se eligen por y entre los representantes de los trabajadores de la empresa, y su n\u00famero depender\u00e1 del tama\u00f1o de &hellip; <a href=\"https:\/\/fol20.robertoquiros.es\/?page_id=126\">Sigue leyendo <span class=\"meta-nav\">&rarr;<\/span><\/a><\/p>\n","protected":false},"author":1,"featured_media":0,"parent":23,"menu_order":5,"comment_status":"closed","ping_status":"open","template":"","meta":{"footnotes":""},"class_list":["post-126","page","type-page","status-publish","hentry"],"_links":{"self":[{"href":"https:\/\/fol20.robertoquiros.es\/index.php?rest_route=\/wp\/v2\/pages\/126","targetHints":{"allow":["GET"]}}],"collection":[{"href":"https:\/\/fol20.robertoquiros.es\/index.php?rest_route=\/wp\/v2\/pages"}],"about":[{"href":"https:\/\/fol20.robertoquiros.es\/index.php?rest_route=\/wp\/v2\/types\/page"}],"author":[{"embeddable":true,"href":"https:\/\/fol20.robertoquiros.es\/index.php?rest_route=\/wp\/v2\/users\/1"}],"replies":[{"embeddable":true,"href":"https:\/\/fol20.robertoquiros.es\/index.php?rest_route=%2Fwp%2Fv2%2Fcomments&post=126"}],"version-history":[{"count":4,"href":"https:\/\/fol20.robertoquiros.es\/index.php?rest_route=\/wp\/v2\/pages\/126\/revisions"}],"predecessor-version":[{"id":1545,"href":"https:\/\/fol20.robertoquiros.es\/index.php?rest_route=\/wp\/v2\/pages\/126\/revisions\/1545"}],"up":[{"embeddable":true,"href":"https:\/\/fol20.robertoquiros.es\/index.php?rest_route=\/wp\/v2\/pages\/23"}],"wp:attachment":[{"href":"https:\/\/fol20.robertoquiros.es\/index.php?rest_route=%2Fwp%2Fv2%2Fmedia&parent=126"}],"curies":[{"name":"wp","href":"https:\/\/api.w.org\/{rel}","templated":true}]}}