{"id":1257,"date":"2017-12-15T17:44:14","date_gmt":"2017-12-15T16:44:14","guid":{"rendered":"http:\/\/fol20.robertoquiros.es\/?page_id=1257"},"modified":"2021-03-17T08:23:06","modified_gmt":"2021-03-17T07:23:06","slug":"7-9-huelga","status":"publish","type":"page","link":"https:\/\/fol20.robertoquiros.es\/?page_id=1257","title":{"rendered":"7.9 Huelga"},"content":{"rendered":"<p align=\"JUSTIFY\">La huelga legal es una causa de suspensi\u00f3n del contrato de trabajo. En este caso, el trabajador no trabaja y no cobra durante los d\u00edas que est\u00e1 de huelga. Sin embargo, la huelga ilegal puede ser causa de despido disciplinario, sin derecho a indemnizaci\u00f3n. Vamos a diferenciar una de otra:<\/p>\n<table border=\"1\" width=\"761\" cellspacing=\"0\" cellpadding=\"9\"><colgroup> <col width=\"125\" \/> <col width=\"598\" \/> <\/colgroup>\n<tbody>\n<tr valign=\"TOP\">\n<td bgcolor=\"#191919\" width=\"125\">\n<p align=\"CENTER\"><span style=\"color: #ffffff;\"><span style=\"font-size: large;\"><b>Tipo <\/b><\/span><\/span><\/p>\n<\/td>\n<td bgcolor=\"#191919\" width=\"598\">\n<p align=\"CENTER\"><span style=\"color: #ffffff;\"><span style=\"font-size: large;\"><b>Consideraci\u00f3n<\/b><\/span><\/span><\/p>\n<\/td>\n<\/tr>\n<tr valign=\"TOP\">\n<td width=\"125\">\n<p align=\"CENTER\"><b>Huelga <\/b><\/p>\n<p align=\"CENTER\"><b>legal<\/b><\/p>\n<\/td>\n<td width=\"598\">\n<p align=\"JUSTIFY\">Una huelga es legal cuando cumple los siguientes requisitos:<\/p>\n<p align=\"JUSTIFY\">&#8211; acuerdo de declaraci\u00f3n de huelga, por uno o varios sindicatos representativos o con representatividad menor, o bien convocatoria de los representantes de los trabajadores, o bien acuerdo de al menos el 25 % de los propios trabajadores.<\/p>\n<p align=\"JUSTIFY\">&#8211; comunicaci\u00f3n por escrito de la convocatoria de huelga al empresario y a la Autoridad Laboral, con una antelaci\u00f3n m\u00ednima de 5 d\u00edas naturales (10 d\u00edas si la huelga afecta a servicios p\u00fablicos, como transporte, educaci\u00f3n, sanidad, etc.).<\/p>\n<p align=\"JUSTIFY\">&#8211; creaci\u00f3n de un <i><b>Comit\u00e9 de Huelga<\/b><\/i>, formado como m\u00e1ximo por 12 trabajadores afectados por la huelga. Sus funciones ser\u00e1n las de negociar con el empresario, para intentar llegar a un acuerdo y garantizar los servicios m\u00ednimos.<\/p>\n<\/td>\n<\/tr>\n<tr valign=\"TOP\">\n<td width=\"125\">\n<p align=\"CENTER\"><b>Huelga<\/b><\/p>\n<p align=\"CENTER\"><b>ilegal<\/b><\/p>\n<\/td>\n<td width=\"598\">Una huelga es ilegal cuando:\n<p>\u00a0<\/p>\n<p align=\"JUSTIFY\">&#8211; es pol\u00edtica o por fines ajenos a los intereses profesionales de los trabajadores en huelga.<\/p>\n<p align=\"JUSTIFY\">&#8211; es por solidaridad o apoyo, salvo que afecten a intereses profesionales de quienes la convoca.<\/p>\n<p align=\"JUSTIFY\">&#8211; intenta cambiar lo acordado en el Convenio Colectivo.<\/p>\n<p align=\"JUSTIFY\">&#8211; es una \u201chuelga rotatoria\u201d, es decir, van parando departamentos de la empresa secuencialmente, pero no todos al mismo tiempo.<\/p>\n<p align=\"JUSTIFY\">&#8211; es una \u201chuelga de celo\u201d, es decir, se pone como excusa el cumplimiento de las normas para retrasar o interrumpir el proceso productivo.<\/p>\n<\/td>\n<\/tr>\n<\/tbody>\n<\/table>\n<p align=\"CENTER\"><span style=\"color: #0000ff;\"><span style=\"font-family: Calibri, sans-serif;\"><span style=\"font-size: large;\"><b>RECUERDA que\u2026<\/b><\/span><\/span><\/span><\/p>\n<p align=\"CENTER\"><span style=\"color: #0000ff;\"><span style=\"font-family: Calibri, sans-serif;\"><b>En una \u201c<\/b><\/span><\/span><span style=\"color: #0000ff;\"><span style=\"font-family: Calibri, sans-serif;\"><i><b>huelga legal<\/b><\/i><\/span><\/span><span style=\"color: #0000ff;\"><span style=\"font-family: Calibri, sans-serif;\"><b>\u201d la empresa, adem\u00e1s de no pagar la parte del salario correspondiente, no cotizar\u00e1 a la Seguridad Social por el trabajador durante los d\u00edas no trabajados.<\/b><\/span><\/span><\/p>\n<p align=\"CENTER\"><span style=\"color: #0000ff;\"><span style=\"font-family: Calibri, sans-serif;\"><b>El empresario no puede sancionar ni sustituir a los trabajadores que est\u00e1n en huelga, ni tampoco descontar los d\u00edas de huelga de las vacaciones.<\/b><\/span><\/span><\/p>\n<p align=\"CENTER\"><span style=\"color: #ff0000;\"><strong>Si me nombran como servicios m\u00ednimos, es obligatorio ir a trabajar durante la huelga. De no hacerlo, podr\u00edas sufrir un despido disciplinario.<\/strong><\/span><\/p>\n\n","protected":false},"excerpt":{"rendered":"<p>La huelga legal es una causa de suspensi\u00f3n del contrato de trabajo. En este caso, el trabajador no trabaja y no cobra durante los d\u00edas que est\u00e1 de huelga. Sin embargo, la huelga ilegal puede ser causa de despido disciplinario, &hellip; <a href=\"https:\/\/fol20.robertoquiros.es\/?page_id=1257\">Sigue leyendo <span class=\"meta-nav\">&rarr;<\/span><\/a><\/p>\n","protected":false},"author":1,"featured_media":0,"parent":17,"menu_order":9,"comment_status":"closed","ping_status":"closed","template":"","meta":{"footnotes":""},"class_list":["post-1257","page","type-page","status-publish","hentry"],"_links":{"self":[{"href":"https:\/\/fol20.robertoquiros.es\/index.php?rest_route=\/wp\/v2\/pages\/1257","targetHints":{"allow":["GET"]}}],"collection":[{"href":"https:\/\/fol20.robertoquiros.es\/index.php?rest_route=\/wp\/v2\/pages"}],"about":[{"href":"https:\/\/fol20.robertoquiros.es\/index.php?rest_route=\/wp\/v2\/types\/page"}],"author":[{"embeddable":true,"href":"https:\/\/fol20.robertoquiros.es\/index.php?rest_route=\/wp\/v2\/users\/1"}],"replies":[{"embeddable":true,"href":"https:\/\/fol20.robertoquiros.es\/index.php?rest_route=%2Fwp%2Fv2%2Fcomments&post=1257"}],"version-history":[{"count":4,"href":"https:\/\/fol20.robertoquiros.es\/index.php?rest_route=\/wp\/v2\/pages\/1257\/revisions"}],"predecessor-version":[{"id":1628,"href":"https:\/\/fol20.robertoquiros.es\/index.php?rest_route=\/wp\/v2\/pages\/1257\/revisions\/1628"}],"up":[{"embeddable":true,"href":"https:\/\/fol20.robertoquiros.es\/index.php?rest_route=\/wp\/v2\/pages\/17"}],"wp:attachment":[{"href":"https:\/\/fol20.robertoquiros.es\/index.php?rest_route=%2Fwp%2Fv2%2Fmedia&parent=1257"}],"curies":[{"name":"wp","href":"https:\/\/api.w.org\/{rel}","templated":true}]}}