{"id":1254,"date":"2017-12-15T17:42:53","date_gmt":"2017-12-15T16:42:53","guid":{"rendered":"http:\/\/fol20.robertoquiros.es\/?page_id=1254"},"modified":"2020-03-18T16:11:42","modified_gmt":"2020-03-18T15:11:42","slug":"7-8-conflicto-colectivo","status":"publish","type":"page","link":"https:\/\/fol20.robertoquiros.es\/?page_id=1254","title":{"rendered":"7.8 Conflicto Colectivo"},"content":{"rendered":"<p align=\"JUSTIFY\">Es el que surge entre el empresario o empresarios y los trabajadores en conjunto. Puede resolverse por v\u00edas extrajudiciales a trav\u00e9s de diferentes mecanismos: <b>conciliaci\u00f3n <\/b>(un tercero trata de ayudar a llegar a acuerdos, pero no hace propuestas), <b>mediaci\u00f3n <\/b>(el tercero hace propuestas no vinculantes), o <b>arbitraje<\/b> (una vez que se acepta voluntariamente el arbitraje, el <i>laudo arbitral<\/i> se transforma en obligatorio para las partes).<\/p>\n<p align=\"JUSTIFY\">Tambi\u00e9n se pueden resolver por la v\u00eda judicial, o se, en los Juzgados.<\/p>\n<p align=\"CENTER\"><span style=\"color: #0000ff; background-color: #ccffff;\"><span style=\"font-family: Calibri, sans-serif;\"><span style=\"font-size: large; background-color: #ccffff;\"><b>RECUERDA que\u2026<\/b><\/span><\/span><\/span><\/p>\n<p align=\"CENTER\"><span style=\"color: #0000ff; background-color: #ccffff;\"><span style=\"font-family: Calibri, sans-serif;\"><b>Las obligaciones y derechos pactados en un Convenio Colectivo son \u00fanicos e indisolubles, es decir, no pueden aplicarse unos y otros seg\u00fan los intereses.<\/b><\/span><\/span><\/p>\n","protected":false},"excerpt":{"rendered":"<p>Es el que surge entre el empresario o empresarios y los trabajadores en conjunto. Puede resolverse por v\u00edas extrajudiciales a trav\u00e9s de diferentes mecanismos: conciliaci\u00f3n (un tercero trata de ayudar a llegar a acuerdos, pero no hace propuestas), mediaci\u00f3n (el &hellip; <a href=\"https:\/\/fol20.robertoquiros.es\/?page_id=1254\">Sigue leyendo <span class=\"meta-nav\">&rarr;<\/span><\/a><\/p>\n","protected":false},"author":1,"featured_media":0,"parent":17,"menu_order":8,"comment_status":"closed","ping_status":"closed","template":"","meta":{"footnotes":""},"class_list":["post-1254","page","type-page","status-publish","hentry"],"_links":{"self":[{"href":"https:\/\/fol20.robertoquiros.es\/index.php?rest_route=\/wp\/v2\/pages\/1254","targetHints":{"allow":["GET"]}}],"collection":[{"href":"https:\/\/fol20.robertoquiros.es\/index.php?rest_route=\/wp\/v2\/pages"}],"about":[{"href":"https:\/\/fol20.robertoquiros.es\/index.php?rest_route=\/wp\/v2\/types\/page"}],"author":[{"embeddable":true,"href":"https:\/\/fol20.robertoquiros.es\/index.php?rest_route=\/wp\/v2\/users\/1"}],"replies":[{"embeddable":true,"href":"https:\/\/fol20.robertoquiros.es\/index.php?rest_route=%2Fwp%2Fv2%2Fcomments&post=1254"}],"version-history":[{"count":2,"href":"https:\/\/fol20.robertoquiros.es\/index.php?rest_route=\/wp\/v2\/pages\/1254\/revisions"}],"predecessor-version":[{"id":1529,"href":"https:\/\/fol20.robertoquiros.es\/index.php?rest_route=\/wp\/v2\/pages\/1254\/revisions\/1529"}],"up":[{"embeddable":true,"href":"https:\/\/fol20.robertoquiros.es\/index.php?rest_route=\/wp\/v2\/pages\/17"}],"wp:attachment":[{"href":"https:\/\/fol20.robertoquiros.es\/index.php?rest_route=%2Fwp%2Fv2%2Fmedia&parent=1254"}],"curies":[{"name":"wp","href":"https:\/\/api.w.org\/{rel}","templated":true}]}}