{"id":1246,"date":"2017-12-15T17:39:00","date_gmt":"2017-12-15T16:39:00","guid":{"rendered":"http:\/\/fol20.robertoquiros.es\/?page_id=1246"},"modified":"2020-03-18T16:08:19","modified_gmt":"2020-03-18T15:08:19","slug":"7-5-sindicatos-representativos","status":"publish","type":"page","link":"https:\/\/fol20.robertoquiros.es\/?page_id=1246","title":{"rendered":"7.5 Sindicatos representativos"},"content":{"rendered":"<p align=\"JUSTIFY\">Los sindicatos son asociaciones, sin \u00e1nimo de lucro, de trabajadores que buscan la defensa de sus intereses.<\/p>\n<p align=\"JUSTIFY\">Un sindicato es representativo, a nivel estatal, cuando al menos el 10 % de los representantes de los trabajadores de todo el Estado, pertenecen al mismo. Y es representativo a nivel auton\u00f3mico, cuando al menos el 15 % o 1.500 (la mayor de ambas) de los representantes de los trabajadores de una Comunidad Aut\u00f3noma, pertenecen a dicho sindicato.<\/p>\n<p align=\"JUSTIFY\">Un sindicato tiene representatividad menor, cuando en el \u00e1mbito territorial y funcional espec\u00edfico, tiene al menos el 10 % de los representantes de los trabajadores de dicho \u00e1mbito. Por ejemplo, un sindicato tiene representatividad menor en la construcci\u00f3n en una Comunidad Aut\u00f3noma, cuando tiene al menos el 10 % de los representantes de los trabajadores, en el \u00e1mbito de la construcci\u00f3n de esa Comunidad Aut\u00f3noma.<\/p>\n<p align=\"JUSTIFY\">Un sindicato representativo, a nivel estatal o auton\u00f3mico, tiene derecho a:<\/p>\n<ul>\n<li>\n<p align=\"JUSTIFY\">Representar a los trabajadores frente a las Administraciones P\u00fablicas.<\/p>\n<\/li>\n<li>\n<p align=\"JUSTIFY\">Participar en la negociaci\u00f3n colectiva.<\/p>\n<\/li>\n<li>\n<p align=\"JUSTIFY\">Participar en los sistemas no jurisdiccionales de soluci\u00f3n de conflictos de trabajo (mediaci\u00f3n, arbitraje, conciliaci\u00f3n).<\/p>\n<\/li>\n<li>\n<p align=\"JUSTIFY\">Recibir, en cesi\u00f3n, de las Administraciones P\u00fablicas, locales o edificios.<\/p>\n<\/li>\n<\/ul>\n<p align=\"JUSTIFY\">Cuando un sindicato tiene representatividad menor en un \u00e1mbito territorial y funcional espec\u00edfico, tiene derecho a participar en la negociaci\u00f3n colectiva en ese \u00e1mbito territorial y funcional espec\u00edfico.<\/p>\n<p align=\"CENTER\"><span style=\"color: #0000ff;\"><span style=\"font-family: Calibri, sans-serif;\"><span style=\"font-size: large;\"><b>RECUERDA que\u2026<\/b><\/span><\/span><\/span><\/p>\n<p align=\"CENTER\"><span style=\"color: #0000ff;\"><span style=\"font-family: Calibri, sans-serif;\"><b>Todas las sesiones de la comisi\u00f3n negociadora del Convenio Colectivo, deben estar presididas por el principio de <\/b><\/span><\/span><span style=\"color: #0000ff;\"><span style=\"font-family: Calibri, sans-serif;\"><i><b>buena fe<\/b><\/i><\/span><\/span><span style=\"color: #0000ff;\"><span style=\"font-family: Calibri, sans-serif;\"><b>, es decir, un comportamiento leal que busque acuerdos entre las dos partes: trabajadores y empresarios. <\/b><\/span><\/span><\/p>\n","protected":false},"excerpt":{"rendered":"<p>Los sindicatos son asociaciones, sin \u00e1nimo de lucro, de trabajadores que buscan la defensa de sus intereses. Un sindicato es representativo, a nivel estatal, cuando al menos el 10 % de los representantes de los trabajadores de todo el Estado, &hellip; <a href=\"https:\/\/fol20.robertoquiros.es\/?page_id=1246\">Sigue leyendo <span class=\"meta-nav\">&rarr;<\/span><\/a><\/p>\n","protected":false},"author":1,"featured_media":0,"parent":17,"menu_order":5,"comment_status":"closed","ping_status":"closed","template":"","meta":{"footnotes":""},"class_list":["post-1246","page","type-page","status-publish","hentry"],"_links":{"self":[{"href":"https:\/\/fol20.robertoquiros.es\/index.php?rest_route=\/wp\/v2\/pages\/1246","targetHints":{"allow":["GET"]}}],"collection":[{"href":"https:\/\/fol20.robertoquiros.es\/index.php?rest_route=\/wp\/v2\/pages"}],"about":[{"href":"https:\/\/fol20.robertoquiros.es\/index.php?rest_route=\/wp\/v2\/types\/page"}],"author":[{"embeddable":true,"href":"https:\/\/fol20.robertoquiros.es\/index.php?rest_route=\/wp\/v2\/users\/1"}],"replies":[{"embeddable":true,"href":"https:\/\/fol20.robertoquiros.es\/index.php?rest_route=%2Fwp%2Fv2%2Fcomments&post=1246"}],"version-history":[{"count":2,"href":"https:\/\/fol20.robertoquiros.es\/index.php?rest_route=\/wp\/v2\/pages\/1246\/revisions"}],"predecessor-version":[{"id":1526,"href":"https:\/\/fol20.robertoquiros.es\/index.php?rest_route=\/wp\/v2\/pages\/1246\/revisions\/1526"}],"up":[{"embeddable":true,"href":"https:\/\/fol20.robertoquiros.es\/index.php?rest_route=\/wp\/v2\/pages\/17"}],"wp:attachment":[{"href":"https:\/\/fol20.robertoquiros.es\/index.php?rest_route=%2Fwp%2Fv2%2Fmedia&parent=1246"}],"curies":[{"name":"wp","href":"https:\/\/api.w.org\/{rel}","templated":true}]}}