{"id":124,"date":"2015-01-29T15:15:34","date_gmt":"2015-01-29T14:15:34","guid":{"rendered":"http:\/\/folnuevo.fol20.es\/?page_id=124"},"modified":"2020-03-18T17:08:43","modified_gmt":"2020-03-18T16:08:43","slug":"10-4-auditorias","status":"publish","type":"page","link":"https:\/\/fol20.robertoquiros.es\/?page_id=124","title":{"rendered":"10.4 Auditor\u00edas"},"content":{"rendered":"<div class=\"art-layout-wrapper\">\n<div class=\"art-content-layout\">\n<div class=\"art-content-layout-row\">\n<div class=\"art-layout-cell art-content\">\n<div class=\"item-page\">\n<article class=\"art-post\">\n<div class=\"art-postcontent clearfix\">\n<div class=\"art-article\">\n<p align=\"JUSTIFY\">Para comprobar que el servicio de prevenci\u00f3n funciona correctamente, se somete a una auditor\u00eda o control por parte de una empresa externa, inscrita en un registro administrativo oficial. Obviamente, el coste de esa auditor\u00eda debe ser asumido por la empresa.<\/p>\n<p align=\"JUSTIFY\">Las auditor\u00edas no son obligatorias para empresas de hasta 50 trabajadores, siempre que no realicen actividades peligrosas recogidas en el <b>anexo I del Real Decreto 39\/1997<\/b><span style=\"color: #3165ff;\">.<\/span><span style=\"color: #003000;\"> Lo \u00fanico que deber\u00e1 hacer la empresa en este \u00faltimo caso (50 o menos trabajadores), es comunicar a la Autoridad Laboral sus circunstancias especiales, que no hacen necesaria la auditor\u00eda.<\/span><\/p>\n<p align=\"JUSTIFY\"><span style=\"color: #003000;\"> Se realizar\u00e1 una auditor\u00eda inicial antes de que pasen 12 meses desde que se aprueba el plan de prevenci\u00f3n. De forma peri\u00f3dica, la auditor\u00eda se repetir\u00e1 cada 4 a\u00f1os (2 a\u00f1os en caso de que la empresa desarrolle alguna de las actividades peligrosas se\u00f1aladas<\/span> en el <b>anexo I del Real Decreto 39\/1997<\/b><span style=\"color: #003000;\">).<\/span><\/p>\n<p align=\"JUSTIFY\"><span style=\"color: #003000;\"> Si el servicio de prevenci\u00f3n est\u00e1 subcontratado, no ser\u00e1 necesario que la empresa realice la auditor\u00eda.<\/span><\/p>\n<p><strong>Presentaci\u00f3n<\/strong><\/p>\n<p><iframe loading=\"lazy\" src=\"http:\/\/es.slideshare.net\/slideshow\/embed_code\/16214592\" width=\"597\" height=\"486\" frameborder=\"0\" marginwidth=\"0\" marginheight=\"0\" scrolling=\"no\" allowfullscreen=\"allowfullscreen\"> <\/iframe><\/p>\n<div><\/div>\n<p><strong>Teor\u00eda<\/strong><\/p>\n<p align=\"center\">\u00a0<b>Anexo I del Real Decreto 39\/1997 <\/b><\/p>\n<p align=\"center\"><b>Actividades especialmente peligrosas <\/b><\/p>\n<p align=\"center\"><b>\u00a0<\/b><\/p>\n<p class=\"parrafo\">a) Trabajos con exposici\u00f3n a radiaciones ionizantes en zonas controladas seg\u00fan Real Decreto 53\/1992, de 24 de enero, sobre protecci\u00f3n sanitaria contra radiaciones ionizantes.<\/p>\n<p class=\"parrafo\">b) Trabajos con exposici\u00f3n a agentes t\u00f3xicos y muy t\u00f3xicos, y en particular a agentes cancer\u00edgenos, mutag\u00e9nicos o t\u00f3xicos para la reproducci\u00f3n, de primera y segunda categor\u00eda, seg\u00fan Real Decreto 363\/1995, de 10 de enero, que aprueba el Reglamento sobre notificaci\u00f3n de sustancias nuevas y clasificaci\u00f3n, envasado y etiquetado de sustancias peligrosas, as\u00ed como Real Decreto 1078\/1993, de 2 de julio, sobre clasificaci\u00f3n, envasado y etiquetado de preparados peligrosos y las normas de desarrollo y adaptaci\u00f3n al progreso de ambos.<\/p>\n<p class=\"parrafo\">c) Actividades en que intervienen productos qu\u00edmicos de alto riesgo y son objeto de la aplicaci\u00f3n del Real Decreto 886\/1988, de 15 de julio, y sus modificaciones, sobre prevenci\u00f3n de accidentes mayores en determinadas actividades industriales.<\/p>\n<p class=\"parrafo\">d) Trabajos con exposici\u00f3n a agentes biol\u00f3gicos de los grupos 3 y 4, seg\u00fan la Directiva 90\/679\/CEE y sus modificaciones, sobre protecci\u00f3n de los trabajadores contra los riesgos relacionados a agentes biol\u00f3gicos durante el trabajo.<\/p>\n<p class=\"parrafo\">e) Actividades de fabricaci\u00f3n, manipulaci\u00f3n y utilizaci\u00f3n de explosivos, incluidos los art\u00edculos pirot\u00e9cnicos y otros objetos o instrumentos que contengan explosivos.<\/p>\n<p class=\"parrafo\">f) Trabajos propios de miner\u00eda a cielo abierto y de interior, y sondeos en superficie terrestre o en plataformas marinas.<\/p>\n<p class=\"parrafo\">g) Actividades en inmersi\u00f3n bajo el agua.<\/p>\n<p class=\"parrafo\">h) Actividades en obras de construcci\u00f3n, excavaci\u00f3n, movimientos de tierras y t\u00faneles, con riesgo de ca\u00edda de altura o sepultamiento.<\/p>\n<p class=\"parrafo\">i) Actividades en la industria sider\u00fargica y en la construcci\u00f3n naval.<\/p>\n<p class=\"parrafo\">j) Producci\u00f3n de gases comprimidos, licuados o disueltos o utilizaci\u00f3n significativa de los mismos.<\/p>\n<p class=\"parrafo\">k) Trabajos que produzcan concentraciones elevadas de polvo sil\u00edceo.<\/p>\n<p class=\"parrafo\">l) Trabajos con riesgos el\u00e9ctricos en alta tensi\u00f3n.<\/p>\n<\/div>\n<\/div>\n<\/article>\n<\/div>\n<\/div>\n<\/div>\n<\/div>\n<\/div>\n","protected":false},"excerpt":{"rendered":"<p>Para comprobar que el servicio de prevenci\u00f3n funciona correctamente, se somete a una auditor\u00eda o control por parte de una empresa externa, inscrita en un registro administrativo oficial. Obviamente, el coste de esa auditor\u00eda debe ser asumido por la empresa. &hellip; <a href=\"https:\/\/fol20.robertoquiros.es\/?page_id=124\">Sigue leyendo <span class=\"meta-nav\">&rarr;<\/span><\/a><\/p>\n","protected":false},"author":1,"featured_media":0,"parent":23,"menu_order":4,"comment_status":"closed","ping_status":"open","template":"","meta":{"footnotes":""},"class_list":["post-124","page","type-page","status-publish","hentry"],"_links":{"self":[{"href":"https:\/\/fol20.robertoquiros.es\/index.php?rest_route=\/wp\/v2\/pages\/124","targetHints":{"allow":["GET"]}}],"collection":[{"href":"https:\/\/fol20.robertoquiros.es\/index.php?rest_route=\/wp\/v2\/pages"}],"about":[{"href":"https:\/\/fol20.robertoquiros.es\/index.php?rest_route=\/wp\/v2\/types\/page"}],"author":[{"embeddable":true,"href":"https:\/\/fol20.robertoquiros.es\/index.php?rest_route=\/wp\/v2\/users\/1"}],"replies":[{"embeddable":true,"href":"https:\/\/fol20.robertoquiros.es\/index.php?rest_route=%2Fwp%2Fv2%2Fcomments&post=124"}],"version-history":[{"count":3,"href":"https:\/\/fol20.robertoquiros.es\/index.php?rest_route=\/wp\/v2\/pages\/124\/revisions"}],"predecessor-version":[{"id":1544,"href":"https:\/\/fol20.robertoquiros.es\/index.php?rest_route=\/wp\/v2\/pages\/124\/revisions\/1544"}],"up":[{"embeddable":true,"href":"https:\/\/fol20.robertoquiros.es\/index.php?rest_route=\/wp\/v2\/pages\/23"}],"wp:attachment":[{"href":"https:\/\/fol20.robertoquiros.es\/index.php?rest_route=%2Fwp%2Fv2%2Fmedia&parent=124"}],"curies":[{"name":"wp","href":"https:\/\/api.w.org\/{rel}","templated":true}]}}