{"id":1217,"date":"2017-12-15T17:23:16","date_gmt":"2017-12-15T16:23:16","guid":{"rendered":"http:\/\/fol20.robertoquiros.es\/?page_id=1217"},"modified":"2020-03-18T15:49:41","modified_gmt":"2020-03-18T14:49:41","slug":"6-1-regimenes-de-la-seguridad-social","status":"publish","type":"page","link":"https:\/\/fol20.robertoquiros.es\/?page_id=1217","title":{"rendered":"6.1 Reg\u00edmenes de la Seguridad Social"},"content":{"rendered":"<p align=\"JUSTIFY\">La Seguridad Social tiene un r\u00e9gimen general, en el que est\u00e1n incluidas la mayor parte de las personas afiliadas: la mayor\u00eda de los trabajadores por cuenta ajena. En este cap\u00edtulo se estudiar\u00e1 en detalle este r\u00e9gimen general.<\/p>\n<p align=\"JUSTIFY\">Adem\u00e1s, la Seguridad Social tiene otros reg\u00edmenes especiales, con su propia normativa:<\/p>\n<ul>\n<li>\n<p align=\"JUSTIFY\">Trabajadores por cuenta propia o aut\u00f3nomos.<\/p>\n<\/li>\n<li>\n<p align=\"JUSTIFY\">Trabajadores del mar.<\/p>\n<\/li>\n<li>\n<p align=\"JUSTIFY\">Funcionarios p\u00fablicos, civiles y militares.<\/p>\n<\/li>\n<li>\n<p align=\"JUSTIFY\">Estudiantes.<\/p>\n<\/li>\n<li>\n<p align=\"JUSTIFY\">Trabajadores de la miner\u00eda del carb\u00f3n.<\/p>\n<\/li>\n<\/ul>\n","protected":false},"excerpt":{"rendered":"<p>La Seguridad Social tiene un r\u00e9gimen general, en el que est\u00e1n incluidas la mayor parte de las personas afiliadas: la mayor\u00eda de los trabajadores por cuenta ajena. En este cap\u00edtulo se estudiar\u00e1 en detalle este r\u00e9gimen general. Adem\u00e1s, la Seguridad &hellip; <a href=\"https:\/\/fol20.robertoquiros.es\/?page_id=1217\">Sigue leyendo <span class=\"meta-nav\">&rarr;<\/span><\/a><\/p>\n","protected":false},"author":1,"featured_media":0,"parent":15,"menu_order":1,"comment_status":"closed","ping_status":"closed","template":"","meta":{"footnotes":""},"class_list":["post-1217","page","type-page","status-publish","hentry"],"_links":{"self":[{"href":"https:\/\/fol20.robertoquiros.es\/index.php?rest_route=\/wp\/v2\/pages\/1217","targetHints":{"allow":["GET"]}}],"collection":[{"href":"https:\/\/fol20.robertoquiros.es\/index.php?rest_route=\/wp\/v2\/pages"}],"about":[{"href":"https:\/\/fol20.robertoquiros.es\/index.php?rest_route=\/wp\/v2\/types\/page"}],"author":[{"embeddable":true,"href":"https:\/\/fol20.robertoquiros.es\/index.php?rest_route=\/wp\/v2\/users\/1"}],"replies":[{"embeddable":true,"href":"https:\/\/fol20.robertoquiros.es\/index.php?rest_route=%2Fwp%2Fv2%2Fcomments&post=1217"}],"version-history":[{"count":2,"href":"https:\/\/fol20.robertoquiros.es\/index.php?rest_route=\/wp\/v2\/pages\/1217\/revisions"}],"predecessor-version":[{"id":1513,"href":"https:\/\/fol20.robertoquiros.es\/index.php?rest_route=\/wp\/v2\/pages\/1217\/revisions\/1513"}],"up":[{"embeddable":true,"href":"https:\/\/fol20.robertoquiros.es\/index.php?rest_route=\/wp\/v2\/pages\/15"}],"wp:attachment":[{"href":"https:\/\/fol20.robertoquiros.es\/index.php?rest_route=%2Fwp%2Fv2%2Fmedia&parent=1217"}],"curies":[{"name":"wp","href":"https:\/\/api.w.org\/{rel}","templated":true}]}}