{"id":121,"date":"2015-01-29T15:13:29","date_gmt":"2015-01-29T14:13:29","guid":{"rendered":"http:\/\/folnuevo.fol20.es\/?page_id=121"},"modified":"2023-04-20T11:49:52","modified_gmt":"2023-04-20T10:49:52","slug":"10-3-prevencionistas","status":"publish","type":"page","link":"https:\/\/fol20.robertoquiros.es\/?page_id=121","title":{"rendered":"10.3 Prevencionistas"},"content":{"rendered":"<div class=\"art-layout-wrapper\">\n<div class=\"art-content-layout\">\n<div class=\"art-content-layout-row\">\n<div class=\"art-layout-cell art-content\">\n<div class=\"item-page\">\n<article class=\"art-post\">\n<div class=\"art-postcontent clearfix\">\n<div class=\"art-article\">\n<p align=\"JUSTIFY\"><img decoding=\"async\" class=\"r48jcc pT0Scc iPVvYb aligncenter\" src=\"https:\/\/gadepro.com\/wp-contenidos\/uploads\/2014\/02\/Tecnico-de-Prevencion-1.png\" alt=\"Curso nivel b\u00e1sico de PRL 50h. | Gadepro - Formaci\u00f3n y consultor\u00eda\" aria-hidden=\"false\" \/><\/p>\n<p align=\"JUSTIFY\">Parte del personal de los servicios de prevenci\u00f3n pueden ser t\u00e9cnicos <i>prevencionistas<\/i>:<\/p>\n<table border=\"1\" width=\"742\" cellspacing=\"0\" cellpadding=\"9\">\n<colgroup>\n<col width=\"125\" \/>\n<col width=\"579\" \/> <\/colgroup>\n<tbody>\n<tr valign=\"TOP\">\n<td bgcolor=\"#191919\" width=\"125\">\n<p align=\"CENTER\"><span style=\"color: #ffffff;\"><span style=\"font-size: large;\"><b>Nivel<\/b><\/span><\/span><\/p>\n<\/td>\n<td bgcolor=\"#191919\" width=\"579\">\n<p align=\"CENTER\"><span style=\"color: #ffffff;\"><span style=\"font-size: large;\"><b>Requisitos y funciones<\/b><\/span><\/span><\/p>\n<\/td>\n<\/tr>\n<tr valign=\"TOP\">\n<td bgcolor=\"#ffffff\" width=\"125\">\n<p align=\"CENTER\"><b>prevencionista<\/b><\/p>\n<p align=\"CENTER\"><b>nivel<\/b><\/p>\n<p align=\"CENTER\"><b>b\u00e1sico<\/b><\/p>\n<\/td>\n<td bgcolor=\"#ffffff\" width=\"579\">\n<p align=\"JUSTIFY\">Quien haya superado el <strong>m\u00f3dulo de FOL<\/strong> en cualquier Ciclo Formativo.<\/p>\n<p align=\"JUSTIFY\">Las funciones de un prevencionista de nivel b\u00e1sico, ser\u00e1n:<\/p>\n<p align=\"JUSTIFY\">&#8211; vigilar que se utilizan correctamente equipos de trabajo y protecci\u00f3n, que existe orden y limpieza en el centro de trabajo y que la se\u00f1alizaci\u00f3n es la adecuada.<\/p>\n<p align=\"JUSTIFY\">&#8211; realizar evaluaciones elementales de riesgos.<\/p>\n<p align=\"JUSTIFY\">&#8211; colaborar con el resto de personal del servicio de prevenci\u00f3n en lo que estos dispongan.<\/p>\n<p align=\"JUSTIFY\">&#8211; prestar ayuda en caso de emergencias y\/o primeros auxilios.<\/p>\n<\/td>\n<\/tr>\n<tr valign=\"TOP\">\n<td bgcolor=\"#ffffff\" width=\"125\">\n<p align=\"CENTER\"><b>prevencionista<\/b><\/p>\n<p align=\"CENTER\"><b>nivel<\/b><\/p>\n<p align=\"CENTER\"><b>intermedio<\/b><\/p>\n<\/td>\n<td bgcolor=\"#ffffff\" width=\"579\">\n<p align=\"JUSTIFY\">Quien haya realizado y superado el Ciclo Formativo de grado superior de <i><b>Prevenci\u00f3n de Riesgos Profesionales<\/b><\/i>. El nivel intermedio permite llevar a cabo evaluaciones de riesgos m\u00e1s complejas y otras funciones, adem\u00e1s de las funciones de nivel b\u00e1sico.<\/p>\n<\/td>\n<\/tr>\n<tr valign=\"TOP\">\n<td bgcolor=\"#ffffff\" width=\"125\">\n<p align=\"CENTER\"><b>prevencionista<\/b><\/p>\n<p align=\"CENTER\"><b>nivel<\/b><\/p>\n<p align=\"CENTER\"><b>superior<\/b><\/p>\n<\/td>\n<td bgcolor=\"#ffffff\" width=\"579\">\n<p align=\"JUSTIFY\">Quien haya realizado y superado un <strong>m\u00e1ster universitario<\/strong> de prevenci\u00f3n de riesgos, para lo cual precisar\u00e1 una titulaci\u00f3n universitaria.<\/p>\n<p align=\"JUSTIFY\">Podr\u00e1n participar en la elaboraci\u00f3n del plan de prevenci\u00f3n de la empresa.<\/p>\n<\/td>\n<\/tr>\n<\/tbody>\n<\/table>\n<div><\/div>\n<p><strong>Teor\u00eda<\/strong><\/p>\n<p align=\"center\"><b>Funciones del prevencionista de nivel intermedio<br \/>\n<\/b><\/p>\n<p class=\"parrafo\">1. Las funciones correspondientes al nivel intermedio son las siguientes:<\/p>\n<p class=\"parrafo2\">a) Promover, con car\u00e1cter general, la prevenci\u00f3n en la empresa.<\/p>\n<p class=\"parrafo\">b) Realizar evaluaciones de riesgos, salvo las espec\u00edficamente reservadas al nivel superior.<\/p>\n<p class=\"parrafo\">c) Proponer medidas para el control y reducci\u00f3n de los riesgos o plantear la necesidad de recurrir al nivel superior, a la vista de los resultados de la evaluaci\u00f3n.<\/p>\n<p class=\"parrafo\">d) Realizar actividades de informaci\u00f3n y formaci\u00f3n b\u00e1sica de trabajadores.<\/p>\n<p class=\"parrafo\">e) Vigilar el cumplimiento del programa de control y reducci\u00f3n de riesgos y efectuar personalmente las actividades de control de las condiciones de trabajo que tenga asignadas.<\/p>\n<p class=\"parrafo\">f) Participar en la planificaci\u00f3n de la actividad preventiva y dirigir las actuaciones a desarrollar en casos de emergencia y primeros auxilios.<\/p>\n<p class=\"parrafo\">g) Colaborar con los servicios de prevenci\u00f3n, en su caso.<\/p>\n<p class=\"parrafo\">h) Cualquier otra funci\u00f3n asignada como auxiliar, complementaria o de colaboraci\u00f3n del nivel superior.<\/p>\n<p class=\"parrafo\">La formaci\u00f3n necesaria para acceder a prevencionista de nivel intermedio, se obtiene cursando el Ciclo Formativo de Grado Superior de Prevenci\u00f3n de Riesgos Profesionales.<\/p>\n<p align=\"center\">\u00a0<b><br \/>\n<\/b><\/p>\n<p align=\"center\"><b>Funciones del prevencionista de nivel superior <\/b> <b><br \/>\n<\/b><\/p>\n<p class=\"parrafo\">1. Las funciones correspondientes al nivel superior son las siguientes:<\/p>\n<p class=\"parrafo2\">a) Las funciones se\u00f1aladas en el apartado 1 del art\u00edculo anterior, con excepci\u00f3n de la indicada en el p\u00e1rrafo h).<\/p>\n<p class=\"parrafo\">b) La realizaci\u00f3n de aquellas evaluaciones de riesgos cuyo desarrollo exija:<\/p>\n<p class=\"parrafo\">1.\u00ba El establecimiento de una estrategia de medici\u00f3n para asegurar que los resultados obtenidos caracterizan efectivamente la situaci\u00f3n que se valora, o<\/p>\n<p class=\"parrafo\">2.\u00ba Una interpretaci\u00f3n o aplicaci\u00f3n no mec\u00e1nica de los criterios de evaluaci\u00f3n.<\/p>\n<p class=\"parrafo2\">c) La formaci\u00f3n e informaci\u00f3n de car\u00e1cter general, a todos los niveles, y en las materias propias de su \u00e1rea de especializaci\u00f3n.<\/p>\n<p class=\"parrafo\">d) La planificaci\u00f3n de la acci\u00f3n preventiva a desarrollar en las situaciones en las que el control o reducci\u00f3n de los riesgos supone la realizaci\u00f3n de actividades diferentes, que implican la intervenci\u00f3n de distintos especialistas.<\/p>\n<p class=\"parrafo\">e) La vigilancia y control de la salud de los trabajadores en los t\u00e9rminos se\u00f1alados en el p\u00e1rrafo siguiente:<\/p>\n<p class=\"parrafo\">Las funciones de vigilancia y control de la salud de los trabajadores ser\u00e1n desempe\u00f1adas por personal sanitario con competencia t\u00e9cnica, formaci\u00f3n y capacidad acreditada con arreglo a la normativa vigente y a lo establecido en los p\u00e1rrafos siguientes:<\/p>\n<p class=\"parrafo2\">a) Los servicios de prevenci\u00f3n que desarrollen funciones de vigilancia y control de la salud de los trabajadores deber\u00e1n contar con un m\u00e9dico especialista en Medicina del Trabajo o diplomado en Medicina de Empresa y un ATS\/DUE de empresa, sin perjuicio de la participaci\u00f3n de otros profesionales sanitarios con competencia t\u00e9cnica, formaci\u00f3n y capacidad acreditada.<\/p>\n<p class=\"parrafo\">b) En materia de vigilancia de la salud, la actividad sanitaria deber\u00e1 abarcar, en las condiciones fijadas por el art\u00edculo 22 de la Ley 31\/1995, de Prevenci\u00f3n de Riesgos Laborales:<\/p>\n<p class=\"parrafo2\">1.\u00ba Una evaluaci\u00f3n de la salud de los trabajadores inicial despu\u00e9s de la incorporaci\u00f3n al trabajo o despu\u00e9s de la asignaci\u00f3n de tareas espec\u00edficas con nuevos riesgos para la salud.<\/p>\n<p class=\"parrafo\">2.\u00ba Una evaluaci\u00f3n de la salud de los trabajadores que reanuden el trabajo tras una ausencia prolongada por motivos de salud, con la finalidad de descubrir sus eventuales or\u00edgenes profesionales y recomendar una acci\u00f3n apropiada para proteger a los trabajadores.<\/p>\n<p class=\"parrafo\">3.\u00ba Una vigilancia de la salud a intervalos peri\u00f3dicos.<\/p>\n<p class=\"parrafo\">\u00a0\u00a0\u00a0\u00a0\u00a0\u00a0\u00a0\u00a0 En las funciones de nivel superior, existen las especialidades y disciplinas preventivas de medicina del trabajo, seguridad en el trabajo, higiene industrial, y ergonom\u00eda y psicosociolog\u00eda aplicada.<\/p>\n<p class=\"parrafo\">Para acreditarse como prevencionista de nivel superior ser\u00e1 necesario haber cursado y superado un Master universitario de Prevenci\u00f3n de Riesgos.<\/p>\n<\/div>\n<\/div>\n<\/article>\n<\/div>\n<\/div>\n<\/div>\n<\/div>\n<\/div>\n","protected":false},"excerpt":{"rendered":"<p>Parte del personal de los servicios de prevenci\u00f3n pueden ser t\u00e9cnicos prevencionistas: Nivel Requisitos y funciones prevencionista nivel b\u00e1sico Quien haya superado el m\u00f3dulo de FOL en cualquier Ciclo Formativo. Las funciones de un prevencionista de nivel b\u00e1sico, ser\u00e1n: &#8211; &hellip; <a href=\"https:\/\/fol20.robertoquiros.es\/?page_id=121\">Sigue leyendo <span class=\"meta-nav\">&rarr;<\/span><\/a><\/p>\n","protected":false},"author":1,"featured_media":0,"parent":23,"menu_order":3,"comment_status":"closed","ping_status":"open","template":"","meta":{"footnotes":""},"class_list":["post-121","page","type-page","status-publish","hentry"],"_links":{"self":[{"href":"https:\/\/fol20.robertoquiros.es\/index.php?rest_route=\/wp\/v2\/pages\/121","targetHints":{"allow":["GET"]}}],"collection":[{"href":"https:\/\/fol20.robertoquiros.es\/index.php?rest_route=\/wp\/v2\/pages"}],"about":[{"href":"https:\/\/fol20.robertoquiros.es\/index.php?rest_route=\/wp\/v2\/types\/page"}],"author":[{"embeddable":true,"href":"https:\/\/fol20.robertoquiros.es\/index.php?rest_route=\/wp\/v2\/users\/1"}],"replies":[{"embeddable":true,"href":"https:\/\/fol20.robertoquiros.es\/index.php?rest_route=%2Fwp%2Fv2%2Fcomments&post=121"}],"version-history":[{"count":7,"href":"https:\/\/fol20.robertoquiros.es\/index.php?rest_route=\/wp\/v2\/pages\/121\/revisions"}],"predecessor-version":[{"id":1790,"href":"https:\/\/fol20.robertoquiros.es\/index.php?rest_route=\/wp\/v2\/pages\/121\/revisions\/1790"}],"up":[{"embeddable":true,"href":"https:\/\/fol20.robertoquiros.es\/index.php?rest_route=\/wp\/v2\/pages\/23"}],"wp:attachment":[{"href":"https:\/\/fol20.robertoquiros.es\/index.php?rest_route=%2Fwp%2Fv2%2Fmedia&parent=121"}],"curies":[{"name":"wp","href":"https:\/\/api.w.org\/{rel}","templated":true}]}}