{"id":119,"date":"2015-01-29T15:11:11","date_gmt":"2015-01-29T14:11:11","guid":{"rendered":"http:\/\/folnuevo.fol20.es\/?page_id=119"},"modified":"2024-04-08T11:59:25","modified_gmt":"2024-04-08T10:59:25","slug":"10-2-serv-p-modalidades","status":"publish","type":"page","link":"https:\/\/fol20.robertoquiros.es\/?page_id=119","title":{"rendered":"10.2 Serv.P.:modalidades"},"content":{"rendered":"<div class=\"art-layout-wrapper\">\n<div class=\"art-content-layout\">\n<div class=\"art-content-layout-row\">\n<div class=\"art-layout-cell art-content\">\n<div class=\"item-page\">\n<article class=\"art-post\">\n<div class=\"art-postcontent clearfix\">\n<div class=\"art-article\">\n<p><b>Modalidades del Servicio de Prevenci\u00f3n <\/b><\/p>\n<p><b> <img loading=\"lazy\" decoding=\"async\" class=\"r48jcc pT0Scc iPVvYb aligncenter\" src=\"https:\/\/www.fempa.es\/wp-content\/uploads\/2021\/05\/prevencion2.jpg\" alt=\"Prevenci\u00f3n | Fempa\" width=\"517\" height=\"189\" aria-hidden=\"false\" \/><\/b><\/p>\n<p><b>Opci\u00f3n A <\/b><\/p>\n<p>1.\u00a0\u00a0El empresario podr\u00e1 desarrollar personalmente la actividad de prevenci\u00f3n, con excepci\u00f3n de las actividades relativas a la vigilancia de la salud de los trabajadores, cuando concurran las siguientes circunstancias:<\/p>\n<p>a)\u00a0 Que se trate de empresas de hasta <strong>diez trabajadores<\/strong>, o que trat\u00e1ndose de empresa que ocupe hasta veinticinco trabajadores, disponga de un \u00fanico centro de trabajo.<\/p>\n<p>b)\u00a0\u00a0Que las actividades desarrolladas en la empresa no est\u00e9n incluidas en el anexo I.<\/p>\n<p><iframe loading=\"lazy\" style=\"border: 1px solid #CCC; border-width: 1px; margin-bottom: 5px; max-width: 100%;\" src=\"\/\/www.slideshare.net\/slideshow\/embed_code\/key\/kKGWjJ4uR7djYD\" width=\"595\" height=\"485\" frameborder=\"0\" marginwidth=\"0\" marginheight=\"0\" scrolling=\"no\" allowfullscreen=\"allowfullscreen\"> <\/iframe><\/p>\n<div style=\"margin-bottom: 5px;\">\n<p>c)\u00a0\u00a0Que desarrolle de forma habitual su actividad profesional en el centro de trabajo.<\/p>\n<p>d)Que tenga la capacidad correspondiente a las funciones preventivas que va a desarrollar, como m\u00ednimo de nivel b\u00e1sico.<\/p>\n<p><b>Opci\u00f3n B <\/b><\/p>\n<p class=\"parrafo\">1. El empresario designar\u00e1 a uno o varios trabajadores para ocuparse de la actividad preventiva en la empresa.<\/p>\n<p class=\"parrafo\">Las actividades preventivas para cuya realizaci\u00f3n no resulte suficiente la designaci\u00f3n de uno o varios trabajadores deber\u00e1n ser desarrolladas a trav\u00e9s de uno o m\u00e1s servicios de prevenci\u00f3n propios o ajenos.<\/p>\n<p class=\"parrafo\">2. No obstante lo dispuesto en el apartado anterior, no ser\u00e1 obligatoria la designaci\u00f3n de trabajadores cuando el empresario:<\/p>\n<p class=\"parrafo2\">a) Haya asumido personalmente la actividad preventiva de acuerdo con lo se\u00f1alado en la opci\u00f3n A.<\/p>\n<p class=\"parrafo\">b) Haya recurrido a un servicio de prevenci\u00f3n propio.<\/p>\n<p class=\"parrafo\">c) Haya recurrido a un servicio de prevenci\u00f3n ajeno.<\/p>\n<p class=\"parrafo\">Para el desarrollo de la actividad preventiva, los trabajadores designados deber\u00e1n tener la capacidad correspondiente a las funciones a desempe\u00f1ar.<\/p>\n<p class=\"parrafo\">El n\u00famero de trabajadores designados, as\u00ed como los medios que el empresario ponga a su disposici\u00f3n y el tiempo de que dispongan para el desempe\u00f1o de su actividad, deber\u00e1n ser los necesarios para desarrollar adecuadamente sus funciones.<\/p>\n<p class=\"parrafo\"><b>Opci\u00f3n C <\/b><\/p>\n<p class=\"parrafo\">El empresario deber\u00e1 constituir un servicio de prevenci\u00f3n propio cuando concurra alguno de los siguientes supuestos:<\/p>\n<p class=\"parrafo2\">a) Que se trate de empresas que cuenten con m\u00e1s de<strong> 500 trabajadores.<\/strong><\/p>\n<p class=\"parrafo\">b) Que, trat\u00e1ndose de empresas de entre 250 y 500 trabajadores, desarrollen alguna de las actividades incluidas en el anexo I.<\/p>\n<p class=\"parrafo\">c) Que, trat\u00e1ndose de empresas no incluidas en los apartados anteriores, as\u00ed lo decida la autoridad laboral, previo informe de la Inspecci\u00f3n de Trabajo y Seguridad Social y, en su caso, de los \u00f3rganos t\u00e9cnicos en materia preventiva de las Comunidades Aut\u00f3nomas, en funci\u00f3n de la peligrosidad de la actividad desarrollada o de la frecuencia o gravedad de la siniestralidad en la empresa, salvo que se opte por el concierto con una entidad especializada ajena a la empresa.<\/p>\n<p class=\"parrafo\">1. El servicio de prevenci\u00f3n propio constituir\u00e1 una unidad organizativa espec\u00edfica y sus integrantes dedicar\u00e1n de forma exclusiva su actividad en la empresa a la finalidad del mismo.<\/p>\n<p class=\"parrafo\">2. Los servicios de prevenci\u00f3n propios deber\u00e1n contar con las instalaciones y los medios humanos y materiales necesarios para la realizaci\u00f3n de las actividades preventivas que vayan a desarrollar en la empresa.<\/p>\n<p class=\"parrafo\">El servicio de prevenci\u00f3n habr\u00e1 de contar, como m\u00ednimo, con dos de las especialidades o disciplinas preventivas de nivel superior, asimismo habr\u00e1 de contar con el personal necesario que tenga la capacitaci\u00f3n requerida para desarrollar las funciones de los niveles b\u00e1sico e intermedio.<\/p>\n<p class=\"parrafo\"><b>Opci\u00f3n D <\/b><\/p>\n<p class=\"parrafo\">1. El empresario deber\u00e1 recurrir a uno o varios servicios de prevenci\u00f3n ajenos, que colaborar\u00e1n entre s\u00ed cuando sea necesario, cuando concurra alguna de las siguientes circunstancias:<\/p>\n<p class=\"parrafo2\">a) Que la designaci\u00f3n de uno o varios trabajadores sea insuficiente para la realizaci\u00f3n de la actividad de prevenci\u00f3n y no concurran las circunstancias que determinan la obligaci\u00f3n de constituir un servicio de prevenci\u00f3n propio.<\/p>\n<p class=\"parrafo\">b) Que en el supuesto de que sea obligatorio constituir un servicio de prevenci\u00f3n propio, no se haya optado por la constituci\u00f3n del mismo.<\/p>\n<p class=\"parrafo\">c) Que se haya producido una asunci\u00f3n parcial de la actividad preventiva.<\/p>\n<p class=\"parrafo\"><b>Opci\u00f3n E <\/b><\/p>\n<p class=\"parrafo\">1.Podr\u00e1n constituirse servicios de prevenci\u00f3n mancomunados entre aquellas empresas que desarrollen simult\u00e1neamente actividades en un mismo centro de trabajo, edificio o centro comercial, siempre que quede garantizada la operatividad y eficacia del servicio.<\/p>\n<p class=\"parrafo\">2.Por negociaci\u00f3n colectiva o mediante acuerdos, o, en su defecto, por decisi\u00f3n de las empresas afectadas, podr\u00e1 acordarse, igualmente, la constituci\u00f3n de servicios de prevenci\u00f3n mancomunados entre aquellas empresas pertenecientes a un mismo sector productivo o grupo empresarial o que desarrollen sus actividades en un pol\u00edgono industrial o \u00e1rea geogr\u00e1fica limitada.<\/p>\n<p class=\"parrafo\">3.Las empresas que tengan obligaci\u00f3n legal de disponer de un servicio de prevenci\u00f3n propio no podr\u00e1n formar parte de servicios de prevenci\u00f3n mancomunados constituidos para las empresas de un determinado sector, aunque s\u00ed de los constituidos para empresas del mismo grupo.<\/p>\n<p class=\"parrafo\">Dichos servicios de prevenci\u00f3n mancomunados, tengan o no personalidad jur\u00eddica diferenciada, tendr\u00e1n la consideraci\u00f3n de servicios propios de las empresas que los constituyan y habr\u00e1n de contar con, al menos, tres especialidades o disciplinas preventivas de nivel superior. Para poder constituirse, deber\u00e1n disponer de los recursos humanos m\u00ednimos equivalentes a los exigidos para los servicios de prevenci\u00f3n ajenos. En cuanto a los recursos materiales, se tomar\u00e1 como referencia los que se establecen para los servicios de prevenci\u00f3n ajenos, con adecuaci\u00f3n a la actividad de las empresas. La autoridad laboral podr\u00e1 formular requerimientos sobre la adecuada dotaci\u00f3n de medios humanos y materiales.<\/p>\n<p class=\"parrafo\">La actividad preventiva de los servicios mancomunados se limitar\u00e1 a las empresas participantes.<\/p>\n<p class=\"parrafo\">\n<\/div>\n<\/div>\n<\/div>\n<\/article>\n<\/div>\n<\/div>\n<\/div>\n<\/div>\n<\/div>\n","protected":false},"excerpt":{"rendered":"<p>Modalidades del Servicio de Prevenci\u00f3n Opci\u00f3n A 1.\u00a0\u00a0El empresario podr\u00e1 desarrollar personalmente la actividad de prevenci\u00f3n, con excepci\u00f3n de las actividades relativas a la vigilancia de la salud de los trabajadores, cuando concurran las siguientes circunstancias: a)\u00a0 Que se trate &hellip; <a href=\"https:\/\/fol20.robertoquiros.es\/?page_id=119\">Sigue leyendo <span class=\"meta-nav\">&rarr;<\/span><\/a><\/p>\n","protected":false},"author":1,"featured_media":0,"parent":23,"menu_order":2,"comment_status":"closed","ping_status":"open","template":"","meta":{"footnotes":""},"class_list":["post-119","page","type-page","status-publish","hentry"],"_links":{"self":[{"href":"https:\/\/fol20.robertoquiros.es\/index.php?rest_route=\/wp\/v2\/pages\/119","targetHints":{"allow":["GET"]}}],"collection":[{"href":"https:\/\/fol20.robertoquiros.es\/index.php?rest_route=\/wp\/v2\/pages"}],"about":[{"href":"https:\/\/fol20.robertoquiros.es\/index.php?rest_route=\/wp\/v2\/types\/page"}],"author":[{"embeddable":true,"href":"https:\/\/fol20.robertoquiros.es\/index.php?rest_route=\/wp\/v2\/users\/1"}],"replies":[{"embeddable":true,"href":"https:\/\/fol20.robertoquiros.es\/index.php?rest_route=%2Fwp%2Fv2%2Fcomments&post=119"}],"version-history":[{"count":9,"href":"https:\/\/fol20.robertoquiros.es\/index.php?rest_route=\/wp\/v2\/pages\/119\/revisions"}],"predecessor-version":[{"id":1826,"href":"https:\/\/fol20.robertoquiros.es\/index.php?rest_route=\/wp\/v2\/pages\/119\/revisions\/1826"}],"up":[{"embeddable":true,"href":"https:\/\/fol20.robertoquiros.es\/index.php?rest_route=\/wp\/v2\/pages\/23"}],"wp:attachment":[{"href":"https:\/\/fol20.robertoquiros.es\/index.php?rest_route=%2Fwp%2Fv2%2Fmedia&parent=119"}],"curies":[{"name":"wp","href":"https:\/\/api.w.org\/{rel}","templated":true}]}}