{"id":117,"date":"2015-01-29T15:08:39","date_gmt":"2015-01-29T14:08:39","guid":{"rendered":"http:\/\/folnuevo.fol20.es\/?page_id=117"},"modified":"2020-03-18T17:05:50","modified_gmt":"2020-03-18T16:05:50","slug":"10-1-serv-prev-funciones","status":"publish","type":"page","link":"https:\/\/fol20.robertoquiros.es\/?page_id=117","title":{"rendered":"10.1 Serv.Prev.:funciones"},"content":{"rendered":"<div class=\"art-layout-wrapper\">\n<div class=\"art-content-layout\">\n<div class=\"art-content-layout-row\">\n<div class=\"art-layout-cell art-content\">\n<div class=\"item-page\">\n<article class=\"art-post\">\n<div class=\"art-postcontent clearfix\">\n<div class=\"art-article\">\n<p align=\"JUSTIFY\">El servicio de prevenci\u00f3n es el conjunto de recursos humanos (personas), econ\u00f3micos (dinero) y materiales (equipamientos, instalaciones, etc.), sufragados por el empresario, que se ocupa de la prevenci\u00f3n de riesgos en la empresa.<\/p>\n<p><strong>Presentaci\u00f3n<\/strong><\/p>\n<p><iframe loading=\"lazy\" src=\"http:\/\/es.slideshare.net\/slideshow\/embed_code\/16214552\" width=\"597\" height=\"486\" frameborder=\"0\" marginwidth=\"0\" marginheight=\"0\" scrolling=\"no\" allowfullscreen=\"allowfullscreen\"> <\/iframe><\/p>\n<p><strong>Teor\u00eda <\/strong><\/p>\n<p align=\"center\"><b>Funciones del Servicio de Prevenci\u00f3n <\/b><\/p>\n<ol start=\"1\">\n<li>Organizar los recursos humanos y materiales necesarios.<\/li>\n<li>Planificar(con plazos temporales) y ejecutar la actividad preventiva, que incluir\u00e1, al menos:<\/li>\n<\/ol>\n<ul>\n<li>Evaluaci\u00f3n de riesgos<\/li>\n<li>Adopci\u00f3n de medidas preventivas y protectoras necesarias<\/li>\n<li>Medidas de emergencia(evacuaci\u00f3n, primeros auxilios y lucha contra incendios) y autoprotecci\u00f3n<\/li>\n<li>Vigilancia de la salud(reconocimientos m\u00e9dicos)<\/li>\n<li>Informaci\u00f3n y formaci\u00f3n(cursos) de los trabajadores en materia de prevenci\u00f3n de riesgos<\/li>\n<li>Control y seguimiento de todo lo planificado<\/li>\n<\/ul>\n<p>La empresa deber\u00e1 elaborar anualmente y mantener a disposici\u00f3n de las autoridades laborales y sanitarias competentes y del comit\u00e9 de seguridad y salud la memoria y programaci\u00f3n anual del servicio de prevenci\u00f3n.<\/p>\n<\/div>\n<\/div>\n<\/article>\n<\/div>\n<\/div>\n<\/div>\n<\/div>\n<\/div>\n<footer class=\"art-footer\">\n<div class=\"art-content-layout\"><\/div>\n<\/footer>\n","protected":false},"excerpt":{"rendered":"<p>El servicio de prevenci\u00f3n es el conjunto de recursos humanos (personas), econ\u00f3micos (dinero) y materiales (equipamientos, instalaciones, etc.), sufragados por el empresario, que se ocupa de la prevenci\u00f3n de riesgos en la empresa. Presentaci\u00f3n Teor\u00eda Funciones del Servicio de Prevenci\u00f3n &hellip; <a href=\"https:\/\/fol20.robertoquiros.es\/?page_id=117\">Sigue leyendo <span class=\"meta-nav\">&rarr;<\/span><\/a><\/p>\n","protected":false},"author":1,"featured_media":0,"parent":23,"menu_order":1,"comment_status":"closed","ping_status":"open","template":"","meta":{"footnotes":""},"class_list":["post-117","page","type-page","status-publish","hentry"],"_links":{"self":[{"href":"https:\/\/fol20.robertoquiros.es\/index.php?rest_route=\/wp\/v2\/pages\/117","targetHints":{"allow":["GET"]}}],"collection":[{"href":"https:\/\/fol20.robertoquiros.es\/index.php?rest_route=\/wp\/v2\/pages"}],"about":[{"href":"https:\/\/fol20.robertoquiros.es\/index.php?rest_route=\/wp\/v2\/types\/page"}],"author":[{"embeddable":true,"href":"https:\/\/fol20.robertoquiros.es\/index.php?rest_route=\/wp\/v2\/users\/1"}],"replies":[{"embeddable":true,"href":"https:\/\/fol20.robertoquiros.es\/index.php?rest_route=%2Fwp%2Fv2%2Fcomments&post=117"}],"version-history":[{"count":3,"href":"https:\/\/fol20.robertoquiros.es\/index.php?rest_route=\/wp\/v2\/pages\/117\/revisions"}],"predecessor-version":[{"id":1542,"href":"https:\/\/fol20.robertoquiros.es\/index.php?rest_route=\/wp\/v2\/pages\/117\/revisions\/1542"}],"up":[{"embeddable":true,"href":"https:\/\/fol20.robertoquiros.es\/index.php?rest_route=\/wp\/v2\/pages\/23"}],"wp:attachment":[{"href":"https:\/\/fol20.robertoquiros.es\/index.php?rest_route=%2Fwp%2Fv2%2Fmedia&parent=117"}],"curies":[{"name":"wp","href":"https:\/\/api.w.org\/{rel}","templated":true}]}}