{"id":1162,"date":"2017-12-15T16:36:15","date_gmt":"2017-12-15T15:36:15","guid":{"rendered":"http:\/\/fol20.robertoquiros.es\/?page_id=1162"},"modified":"2022-10-20T16:32:32","modified_gmt":"2022-10-20T15:32:32","slug":"2-12-copia-del-contrato","status":"publish","type":"page","link":"https:\/\/fol20.robertoquiros.es\/?page_id=1162","title":{"rendered":"2.10 Copia del contrato y contrato fijo discontinuo"},"content":{"rendered":"<p align=\"JUSTIFY\"><img loading=\"lazy\" decoding=\"async\" class=\"aligncenter size-full wp-image-1740\" src=\"https:\/\/fol20.robertoquiros.es\/wp-content\/uploads\/2022\/10\/contrato.png\" alt=\"\" width=\"550\" height=\"329\" srcset=\"https:\/\/fol20.robertoquiros.es\/wp-content\/uploads\/2022\/10\/contrato.png 550w, https:\/\/fol20.robertoquiros.es\/wp-content\/uploads\/2022\/10\/contrato-300x179.png 300w\" sizes=\"auto, (max-width: 550px) 100vw, 550px\" \/><\/p>\n<p align=\"JUSTIFY\">Cada vez que firmamos un contrato de trabajo, el empleador (empresario) debe facilitarnos una <strong>copia impresa<\/strong> del mismo.<\/p>\n<p align=\"JUSTIFY\">\n<p align=\"JUSTIFY\"><img loading=\"lazy\" decoding=\"async\" class=\"aligncenter size-full wp-image-1741\" src=\"https:\/\/fol20.robertoquiros.es\/wp-content\/uploads\/2022\/10\/manzana.jpg\" alt=\"\" width=\"1920\" height=\"1283\" srcset=\"https:\/\/fol20.robertoquiros.es\/wp-content\/uploads\/2022\/10\/manzana.jpg 1920w, https:\/\/fol20.robertoquiros.es\/wp-content\/uploads\/2022\/10\/manzana-300x200.jpg 300w, https:\/\/fol20.robertoquiros.es\/wp-content\/uploads\/2022\/10\/manzana-1024x684.jpg 1024w, https:\/\/fol20.robertoquiros.es\/wp-content\/uploads\/2022\/10\/manzana-768x513.jpg 768w, https:\/\/fol20.robertoquiros.es\/wp-content\/uploads\/2022\/10\/manzana-1536x1026.jpg 1536w\" sizes=\"auto, (max-width: 1920px) 100vw, 1920px\" \/><\/p>\n<p align=\"JUSTIFY\"><strong>Contrato fijo discontinuo: <\/strong>la empresa <strong>no necesita al empleado de forma continua<\/strong> durante todo el a\u00f1o, pero s\u00ed en periodos de tiempo recurrentes e intermitentes durante cada ejercicio. Es un contrato indefinido con una clausula especial. Puede ser a jornada completa o a tiempo parcial.<\/p>\n<p align=\"JUSTIFY\">Cuando no se trabaje, no se cobrar\u00e1 de la empresa, ni esta cotizar\u00e1 por el trabajador.<\/p>\n<p align=\"JUSTIFY\"><strong>Este contrato se usa en empresas que realizan campa\u00f1as peri\u00f3dicas<\/strong>: recogida aceituna, recogida manzana, eleboraci\u00f3n de postres navide\u00f1os. No se sabe con exactitud cuando empieza y acaba la campa\u00f1a.<\/p>\n","protected":false},"excerpt":{"rendered":"<p>Cada vez que firmamos un contrato de trabajo, el empleador (empresario) debe facilitarnos una copia impresa del mismo. Contrato fijo discontinuo: la empresa no necesita al empleado de forma continua durante todo el a\u00f1o, pero s\u00ed en periodos de tiempo &hellip; <a href=\"https:\/\/fol20.robertoquiros.es\/?page_id=1162\">Sigue leyendo <span class=\"meta-nav\">&rarr;<\/span><\/a><\/p>\n","protected":false},"author":1,"featured_media":0,"parent":7,"menu_order":12,"comment_status":"closed","ping_status":"closed","template":"","meta":{"footnotes":""},"class_list":["post-1162","page","type-page","status-publish","hentry"],"_links":{"self":[{"href":"https:\/\/fol20.robertoquiros.es\/index.php?rest_route=\/wp\/v2\/pages\/1162","targetHints":{"allow":["GET"]}}],"collection":[{"href":"https:\/\/fol20.robertoquiros.es\/index.php?rest_route=\/wp\/v2\/pages"}],"about":[{"href":"https:\/\/fol20.robertoquiros.es\/index.php?rest_route=\/wp\/v2\/types\/page"}],"author":[{"embeddable":true,"href":"https:\/\/fol20.robertoquiros.es\/index.php?rest_route=\/wp\/v2\/users\/1"}],"replies":[{"embeddable":true,"href":"https:\/\/fol20.robertoquiros.es\/index.php?rest_route=%2Fwp%2Fv2%2Fcomments&post=1162"}],"version-history":[{"count":5,"href":"https:\/\/fol20.robertoquiros.es\/index.php?rest_route=\/wp\/v2\/pages\/1162\/revisions"}],"predecessor-version":[{"id":1742,"href":"https:\/\/fol20.robertoquiros.es\/index.php?rest_route=\/wp\/v2\/pages\/1162\/revisions\/1742"}],"up":[{"embeddable":true,"href":"https:\/\/fol20.robertoquiros.es\/index.php?rest_route=\/wp\/v2\/pages\/7"}],"wp:attachment":[{"href":"https:\/\/fol20.robertoquiros.es\/index.php?rest_route=%2Fwp%2Fv2%2Fmedia&parent=1162"}],"curies":[{"name":"wp","href":"https:\/\/api.w.org\/{rel}","templated":true}]}}