{"id":1147,"date":"2017-12-15T16:29:13","date_gmt":"2017-12-15T15:29:13","guid":{"rendered":"http:\/\/fol20.robertoquiros.es\/?page_id=1147"},"modified":"2022-02-16T16:28:57","modified_gmt":"2022-02-16T15:28:57","slug":"2-5-contrato-para-la-formacion","status":"publish","type":"page","link":"https:\/\/fol20.robertoquiros.es\/?page_id=1147","title":{"rendered":"2.4 Contrato de formaci\u00f3n en alternancia"},"content":{"rendered":"<p align=\"JUSTIFY\"><img loading=\"lazy\" decoding=\"async\" class=\"aligncenter size-full wp-image-1705\" src=\"http:\/\/fol20.robertoquiros.es\/wp-content\/uploads\/2022\/02\/Alternance.jpg\" alt=\"\" width=\"300\" height=\"400\" srcset=\"https:\/\/fol20.robertoquiros.es\/wp-content\/uploads\/2022\/02\/Alternance.jpg 300w, https:\/\/fol20.robertoquiros.es\/wp-content\/uploads\/2022\/02\/Alternance-225x300.jpg 225w\" sizes=\"auto, (max-width: 300px) 100vw, 300px\" \/><\/p>\n<p align=\"JUSTIFY\">Principales caracter\u00edsticas:<\/p>\n<table border=\"1\" width=\"756\" cellspacing=\"0\" cellpadding=\"9\">\n<colgroup>\n<col width=\"131\" \/>\n<col width=\"587\" \/> <\/colgroup>\n<tbody>\n<tr valign=\"TOP\">\n<td bgcolor=\"#f3f3f3\" width=\"131\">\n<p align=\"CENTER\"><b>Objeto<br \/>\n<\/b><\/p>\n<\/td>\n<td bgcolor=\"#f3f3f3\" width=\"587\">\n<p align=\"JUSTIFY\">Obtener t\u00edtulo de FP, Universidad o Certificado de Profesionalidad distinto al que posea (incluso puede no tener ning\u00fan t\u00edtulo) el trabajador,\u00a0 mientras se trabaja.<\/p>\n<\/td>\n<\/tr>\n<tr valign=\"TOP\">\n<td bgcolor=\"#f3f3f3\" width=\"131\">\n<p align=\"CENTER\"><b>Caracter\u00edsticas<br \/>\n<\/b><\/p>\n<\/td>\n<td bgcolor=\"#f3f3f3\" width=\"587\">\n<p align=\"JUSTIFY\">El trabajador tendr\u00e1 un tutor en la empresa y otro en Centro de formaci\u00f3n. No se pueden hacer horas extras, ni trabajo nocturno, ni trabajo a turnos. No puede haber periodo de prueba.<\/p>\n<p align=\"JUSTIFY\">Incluye protecci\u00f3n de S.S., incluso desempleo.<\/p>\n<\/td>\n<\/tr>\n<tr valign=\"TOP\">\n<td bgcolor=\"#f3f3f3\" width=\"131\">\n<p align=\"CENTER\"><b>Duraci\u00f3n<\/b><\/p>\n<\/td>\n<td bgcolor=\"#f3f3f3\" width=\"587\">\n<p align=\"JUSTIFY\">M\u00ednimo 3 meses, m\u00e1ximo 2 a\u00f1os.<\/p>\n<p align=\"JUSTIFY\">Sumando el tiempo de todos sus contratos para la formaci\u00f3n en una o en varias empresas, el trabajador no podr\u00e1 superar la duraci\u00f3n m\u00e1xima, salvo que le hagan otro contrato para obtener una cualificaci\u00f3n distinta.<\/p>\n<p align=\"JUSTIFY\">La suspensi\u00f3n por I.T., nacimiento, lactancia, riesgo durante el embarazo y violencia de g\u00e9nero no cuenta para la duraci\u00f3n m\u00e1xima.<\/p>\n<\/td>\n<\/tr>\n<tr valign=\"TOP\">\n<td bgcolor=\"#f3f3f3\" width=\"131\">\n<p align=\"CENTER\"><b>Jornada<\/b><\/p>\n<\/td>\n<td bgcolor=\"#f3f3f3\" width=\"587\">\n<p align=\"JUSTIFY\">A tiempo completo.<\/p>\n<p align=\"JUSTIFY\">Al menos el 35 % de la jornada deber\u00e1 destinarse a formaci\u00f3n\u00a0 el primer a\u00f1o, y el 15 % el segundo a\u00f1o.<\/p>\n<\/td>\n<\/tr>\n<tr valign=\"TOP\">\n<td bgcolor=\"#f3f3f3\" width=\"131\">\n<p align=\"CENTER\"><b>Salario<\/b><\/p>\n<\/td>\n<td bgcolor=\"#f3f3f3\" width=\"587\">\n<p align=\"JUSTIFY\">Fijado en Convenio Colectivo. En su defecto,\u00a0 no podr\u00e1 ser inferior al 60% 1\u00ba a\u00f1o y 75% 2\u00ba a\u00f1o, de la retribuci\u00f3n normal para esa categoria, en proporci\u00f3n al tiempo de trabajo efectivo(se excluye el tiempo dedicado a formaci\u00f3n).<\/p>\n<p align=\"JUSTIFY\">En nig\u00fan caso, podr\u00e1 ser inferior al SMI, en proporci\u00f3n al tiempo de trabajo efectivo.<\/p>\n<\/td>\n<\/tr>\n<\/tbody>\n<\/table>\n","protected":false},"excerpt":{"rendered":"<p>Principales caracter\u00edsticas: Objeto Obtener t\u00edtulo de FP, Universidad o Certificado de Profesionalidad distinto al que posea (incluso puede no tener ning\u00fan t\u00edtulo) el trabajador,\u00a0 mientras se trabaja. Caracter\u00edsticas El trabajador tendr\u00e1 un tutor en la empresa y otro en Centro &hellip; <a href=\"https:\/\/fol20.robertoquiros.es\/?page_id=1147\">Sigue leyendo <span class=\"meta-nav\">&rarr;<\/span><\/a><\/p>\n","protected":false},"author":1,"featured_media":0,"parent":7,"menu_order":5,"comment_status":"closed","ping_status":"closed","template":"","meta":{"footnotes":""},"class_list":["post-1147","page","type-page","status-publish","hentry"],"_links":{"self":[{"href":"https:\/\/fol20.robertoquiros.es\/index.php?rest_route=\/wp\/v2\/pages\/1147","targetHints":{"allow":["GET"]}}],"collection":[{"href":"https:\/\/fol20.robertoquiros.es\/index.php?rest_route=\/wp\/v2\/pages"}],"about":[{"href":"https:\/\/fol20.robertoquiros.es\/index.php?rest_route=\/wp\/v2\/types\/page"}],"author":[{"embeddable":true,"href":"https:\/\/fol20.robertoquiros.es\/index.php?rest_route=\/wp\/v2\/users\/1"}],"replies":[{"embeddable":true,"href":"https:\/\/fol20.robertoquiros.es\/index.php?rest_route=%2Fwp%2Fv2%2Fcomments&post=1147"}],"version-history":[{"count":7,"href":"https:\/\/fol20.robertoquiros.es\/index.php?rest_route=\/wp\/v2\/pages\/1147\/revisions"}],"predecessor-version":[{"id":1706,"href":"https:\/\/fol20.robertoquiros.es\/index.php?rest_route=\/wp\/v2\/pages\/1147\/revisions\/1706"}],"up":[{"embeddable":true,"href":"https:\/\/fol20.robertoquiros.es\/index.php?rest_route=\/wp\/v2\/pages\/7"}],"wp:attachment":[{"href":"https:\/\/fol20.robertoquiros.es\/index.php?rest_route=%2Fwp%2Fv2%2Fmedia&parent=1147"}],"curies":[{"name":"wp","href":"https:\/\/api.w.org\/{rel}","templated":true}]}}