{"id":114,"date":"2015-01-29T15:06:23","date_gmt":"2015-01-29T14:06:23","guid":{"rendered":"http:\/\/folnuevo.fol20.es\/?page_id=114"},"modified":"2020-03-18T16:38:28","modified_gmt":"2020-03-18T15:38:28","slug":"9-4-senal-seguridad","status":"publish","type":"page","link":"https:\/\/fol20.robertoquiros.es\/?page_id=114","title":{"rendered":"9.4 Se\u00f1al. seguridad"},"content":{"rendered":"<div class=\"art-layout-wrapper\">\n<div class=\"art-content-layout\">\n<div class=\"art-content-layout-row\">\n<div class=\"art-layout-cell art-content\">\n<div class=\"item-page\">\n<article class=\"art-post\">\n<div class=\"art-postcontent clearfix\">\n<div class=\"art-article\">\n<p align=\"JUSTIFY\">La se\u00f1alizaci\u00f3n de seguridad est\u00e1 estandarizada, es decir, debe ser igual en todos los centros de trabajo, y se recoge en el <b>Real Decreto 485\/1997<\/b>. Existen diferentes tipos de se\u00f1ales de seguridad, que tienen un significado espec\u00edfico y se utilizan en diferentes casos. La se\u00f1alizaci\u00f3n de seguridad constituye una medida de protecci\u00f3n colectiva.<\/p>\n<p><a href=\"http:\/\/fol20.robertoquiros.es\/wp-content\/uploads\/2015\/02\/peligro.png\"><img loading=\"lazy\" decoding=\"async\" class=\" size-full wp-image-455 aligncenter\" src=\"http:\/\/fol20.robertoquiros.es\/wp-content\/uploads\/2015\/02\/peligro.png\" alt=\"peligro\" width=\"699\" height=\"357\" srcset=\"https:\/\/fol20.robertoquiros.es\/wp-content\/uploads\/2015\/02\/peligro.png 699w, https:\/\/fol20.robertoquiros.es\/wp-content\/uploads\/2015\/02\/peligro-300x153.png 300w\" sizes=\"auto, (max-width: 699px) 100vw, 699px\" \/><\/a><\/p>\n<p align=\"center\"><strong>Se\u00f1ales de peligro <\/strong><\/p>\n<p align=\"center\"><strong>\u00a0 <\/strong><\/p>\n<p align=\"center\"><strong>\u00a0 <\/strong><\/p>\n<p align=\"center\"><strong>\u00a0<a href=\"http:\/\/fol20.robertoquiros.es\/wp-content\/uploads\/2015\/02\/prohibicion.png\"><img loading=\"lazy\" decoding=\"async\" class=\" size-full wp-image-462 aligncenter\" src=\"http:\/\/fol20.robertoquiros.es\/wp-content\/uploads\/2015\/02\/prohibicion.png\" alt=\"prohibicion\" width=\"708\" height=\"380\" srcset=\"https:\/\/fol20.robertoquiros.es\/wp-content\/uploads\/2015\/02\/prohibicion.png 708w, https:\/\/fol20.robertoquiros.es\/wp-content\/uploads\/2015\/02\/prohibicion-300x161.png 300w\" sizes=\"auto, (max-width: 708px) 100vw, 708px\" \/><\/a> <\/strong><\/p>\n<p align=\"center\"><strong>Se\u00f1ales de prohibici\u00f3n <\/strong><\/p>\n<p align=\"center\"><strong>\u00a0 <\/strong><\/p>\n<p align=\"center\"><strong>\u00a0 <\/strong><\/p>\n<p align=\"center\"><strong>\u00a0<a href=\"http:\/\/fol20.robertoquiros.es\/wp-content\/uploads\/2015\/02\/obligacion.png\"><img loading=\"lazy\" decoding=\"async\" class=\" size-full wp-image-452 aligncenter\" src=\"http:\/\/fol20.robertoquiros.es\/wp-content\/uploads\/2015\/02\/obligacion.png\" alt=\"obligacion\" width=\"712\" height=\"289\" srcset=\"https:\/\/fol20.robertoquiros.es\/wp-content\/uploads\/2015\/02\/obligacion.png 712w, https:\/\/fol20.robertoquiros.es\/wp-content\/uploads\/2015\/02\/obligacion-300x122.png 300w\" sizes=\"auto, (max-width: 712px) 100vw, 712px\" \/><\/a> <\/strong><\/p>\n<p align=\"center\"><strong>Se\u00f1ales de obligaci\u00f3n <\/strong><\/p>\n<p align=\"center\"><strong>\u00a0 <\/strong><\/p>\n<p align=\"center\"><strong>\u00a0 <\/strong><\/p>\n<p align=\"center\"><strong>\u00a0<a href=\"http:\/\/fol20.robertoquiros.es\/wp-content\/uploads\/2015\/02\/incendios.png\"><img loading=\"lazy\" decoding=\"async\" class=\" size-full wp-image-403 aligncenter\" src=\"http:\/\/fol20.robertoquiros.es\/wp-content\/uploads\/2015\/02\/incendios.png\" alt=\"incendios\" width=\"621\" height=\"364\" srcset=\"https:\/\/fol20.robertoquiros.es\/wp-content\/uploads\/2015\/02\/incendios.png 621w, https:\/\/fol20.robertoquiros.es\/wp-content\/uploads\/2015\/02\/incendios-300x176.png 300w\" sizes=\"auto, (max-width: 621px) 100vw, 621px\" \/><\/a> <\/strong><\/p>\n<p align=\"center\"><strong>Se\u00f1ales de lucha contra incendios <\/strong><\/p>\n<p align=\"center\"><strong>\u00a0 <\/strong><\/p>\n<p align=\"center\"><strong>\u00a0 <\/strong><\/p>\n<p align=\"center\"><strong>\u00a0<a href=\"http:\/\/fol20.robertoquiros.es\/wp-content\/uploads\/2015\/02\/salvamento.png\"><img loading=\"lazy\" decoding=\"async\" class=\" size-full wp-image-467 aligncenter\" src=\"http:\/\/fol20.robertoquiros.es\/wp-content\/uploads\/2015\/02\/salvamento.png\" alt=\"salvamento\" width=\"663\" height=\"260\" srcset=\"https:\/\/fol20.robertoquiros.es\/wp-content\/uploads\/2015\/02\/salvamento.png 663w, https:\/\/fol20.robertoquiros.es\/wp-content\/uploads\/2015\/02\/salvamento-300x118.png 300w\" sizes=\"auto, (max-width: 663px) 100vw, 663px\" \/><\/a> <\/strong><\/p>\n<p align=\"center\"><strong>Se\u00f1ales de salvamento o primeros auxilios <\/strong><\/p>\n<p align=\"center\"><strong>\u00a0 <\/strong><\/p>\n<p><iframe loading=\"lazy\" src=\"http:\/\/es.slideshare.net\/slideshow\/embed_code\/16161307\" width=\"597\" height=\"486\" frameborder=\"0\" marginwidth=\"0\" marginheight=\"0\" scrolling=\"no\" allowfullscreen=\"allowfullscreen\"> <\/iframe><\/p>\n<\/div>\n<\/div>\n<\/article>\n<\/div>\n<\/div>\n<\/div>\n<\/div>\n<\/div>\n<footer class=\"art-footer\">\n<div class=\"art-content-layout\"><\/div>\n<\/footer>\n","protected":false},"excerpt":{"rendered":"<p>La se\u00f1alizaci\u00f3n de seguridad est\u00e1 estandarizada, es decir, debe ser igual en todos los centros de trabajo, y se recoge en el Real Decreto 485\/1997. Existen diferentes tipos de se\u00f1ales de seguridad, que tienen un significado espec\u00edfico y se utilizan &hellip; <a href=\"https:\/\/fol20.robertoquiros.es\/?page_id=114\">Sigue leyendo <span class=\"meta-nav\">&rarr;<\/span><\/a><\/p>\n","protected":false},"author":1,"featured_media":0,"parent":21,"menu_order":4,"comment_status":"closed","ping_status":"open","template":"","meta":{"footnotes":""},"class_list":["post-114","page","type-page","status-publish","hentry"],"_links":{"self":[{"href":"https:\/\/fol20.robertoquiros.es\/index.php?rest_route=\/wp\/v2\/pages\/114","targetHints":{"allow":["GET"]}}],"collection":[{"href":"https:\/\/fol20.robertoquiros.es\/index.php?rest_route=\/wp\/v2\/pages"}],"about":[{"href":"https:\/\/fol20.robertoquiros.es\/index.php?rest_route=\/wp\/v2\/types\/page"}],"author":[{"embeddable":true,"href":"https:\/\/fol20.robertoquiros.es\/index.php?rest_route=\/wp\/v2\/users\/1"}],"replies":[{"embeddable":true,"href":"https:\/\/fol20.robertoquiros.es\/index.php?rest_route=%2Fwp%2Fv2%2Fcomments&post=114"}],"version-history":[{"count":4,"href":"https:\/\/fol20.robertoquiros.es\/index.php?rest_route=\/wp\/v2\/pages\/114\/revisions"}],"predecessor-version":[{"id":1541,"href":"https:\/\/fol20.robertoquiros.es\/index.php?rest_route=\/wp\/v2\/pages\/114\/revisions\/1541"}],"up":[{"embeddable":true,"href":"https:\/\/fol20.robertoquiros.es\/index.php?rest_route=\/wp\/v2\/pages\/21"}],"wp:attachment":[{"href":"https:\/\/fol20.robertoquiros.es\/index.php?rest_route=%2Fwp%2Fv2%2Fmedia&parent=114"}],"curies":[{"name":"wp","href":"https:\/\/api.w.org\/{rel}","templated":true}]}}